{"id":6079,"date":"2020-08-13T10:04:55","date_gmt":"2020-08-13T14:04:55","guid":{"rendered":"https:\/\/cpcx.ufms.br\/?page_id=6079"},"modified":"2024-03-05T11:10:49","modified_gmt":"2024-03-05T15:10:49","slug":"regulamentos","status":"publish","type":"page","link":"https:\/\/cpcx.ufms.br\/en\/letras\/regulamentos\/","title":{"rendered":"Regulamentos"},"content":{"rendered":"<h1 class=\"big_title\"><span style=\"font-size: 14pt\">Regulamentos de Componentes Curriculares N\u00e3o Disciplinares (CCND) da Gradua\u00e7\u00e3o<\/span><\/h1>\n<p>Seguem os links para os regulamentos de Componentes Curriculares N\u00e3o Disciplinares dos cursos de gradua\u00e7\u00e3o v\u00e1lidos a partir de 2023\/1 conforme art. 8. da\u00a0<a href=\"https:\/\/inisa.ufms.br\/files\/2022\/02\/RESOLUCAO-COGRAD-n-430-de-16-12-2021-Aprova-o-Regulamento-dos-Cursos-de-Graduacao-da-UFMS.pdf\">RESOLU\u00c7\u00c3O N\u00ba 430-COGRAD\/UFMS, DE 16 DE DEZEMBRO DE 2021<\/a>:<\/p>\n<ul>\n<li>Atividades Orientadas de Ensino (AOE):\n<ul>\n<li><a href=\"https:\/\/boletimoficial.ufms.br\/bse\/publicacao?id=460873\" target=\"_blank\" rel=\"noopener\">RESOLU\u00c7\u00c3O N\u00ba 594-COGRAD\/UFMS, DE 22 DE JUNHO DE 2022<\/a><\/li>\n<\/ul>\n<\/li>\n<\/ul>\n<ul>\n<li>Trabalho de Conclus\u00e3o de Curso (TCC):\n<ul>\n<li><a href=\"https:\/\/boletimoficial.ufms.br\/bse\/publicacao?id=460874\" target=\"_blank\" rel=\"noopener\">RESOLU\u00c7\u00c3O N\u00ba 595-COGRAD\/UFMS, DE 22 DE JUNHO DE 2022<\/a><\/li>\n<\/ul>\n<\/li>\n<\/ul>\n<ul>\n<li>Atividades Complementares (AC):\n<ul>\n<li><a href=\"https:\/\/boletimoficial.ufms.br\/bse\/publicacao?id=481502\" target=\"_blank\" rel=\"noopener\">RESOLU\u00c7\u00c3O N\u00ba 830-COGRAD\/UFMS, DE 1\u00ba DE MAR\u00c7O DE 2023<\/a><\/li>\n<\/ul>\n<\/li>\n<\/ul>\n<ul>\n<li>Atividades de Extens\u00e3o:\n<ul>\n<li><a href=\"https:\/\/boletimoficial.ufms.br\/bse\/publicacao?id=427614\" target=\"_blank\" rel=\"noopener\">RESOLU\u00c7\u00c3O N\u00ba 304-COGRAD\/UFMS, DE 17 DE JUNHO DE 2021<\/a><\/li>\n<li><a href=\"https:\/\/boletimoficial.ufms.br\/bse\/publicacao?id=492228\" target=\"_blank\" rel=\"noopener\">INSTRU\u00c7\u00c3O NORMATIVA CONJUNTA N\u00ba 4 \u2013 PROGRAD\/PROECE\/UFMS, DE 19 DE JUNHO DE 2023.(*)\u00a0<\/a><\/li>\n<\/ul>\n<\/li>\n<\/ul>\n<ul>\n<li>Est\u00e1gio:\n<ul>\n<li><a href=\"https:\/\/prograd.ufms.br\/files\/2023\/01\/706_Regulamento-de-Est-gio.pdf\" target=\"_blank\" rel=\"noopener\">RESOLU\u00c7\u00c3O N\u00ba 706-COGRAD\/UFMS, DE 8 DE DEZEMBRO DE 2022<\/a><\/li>\n<\/ul>\n<\/li>\n<\/ul>\n<h1><span style=\"font-size: 14pt\">Regime disciplinar discente<\/span><\/h1>\n<a href=\"https:\/\/cpcx.ufms.br\/files\/2024\/03\/073_Regime-Disciplinar-Discente.pdf\" class=\"pdfemb-viewer\" style=\"\" data-width=\"max\" data-height=\"max\" data-toolbar=\"bottom\" data-toolbar-fixed=\"off\">073_Regime-Disciplinar-Discente<\/a>\n<p><a href=\"https:\/\/cpcx.ufms.br\/files\/2024\/03\/073_Regime-Disciplinar-Discente.pdf\">Download<\/a><\/p>\n<p>&nbsp;<\/p>\n","protected":false},"excerpt":{"rendered":"<p>Regulamentos de Componentes Curriculares N\u00e3o Disciplinares (CCND) da Gradua\u00e7\u00e3o Seguem os links para os regulamentos de Componentes Curriculares N\u00e3o Disciplinares dos cursos de gradua\u00e7\u00e3o v\u00e1lidos a partir de 2023\/1 conforme art. 8. da\u00a0RESOLU\u00c7\u00c3O N\u00ba 430-COGRAD\/UFMS, DE 16 DE DEZEMBRO DE 2021: Atividades Orientadas de Ensino (AOE): RESOLU\u00c7\u00c3O N\u00ba 594-COGRAD\/UFMS, DE 22 DE JUNHO DE 2022 [&hellip;]<\/p>\n","protected":false},"author":7210,"featured_media":0,"parent":569,"menu_order":0,"comment_status":"closed","ping_status":"closed","template":"","meta":{"_eb_attr":"","ngg_post_thumbnail":0,"footnotes":""},"coauthors":[],"class_list":["post-6079","page","type-page","status-publish","hentry"],"_links":{"self":[{"href":"https:\/\/cpcx.ufms.br\/en\/wp-json\/wp\/v2\/pages\/6079","targetHints":{"allow":["GET"]}}],"collection":[{"href":"https:\/\/cpcx.ufms.br\/en\/wp-json\/wp\/v2\/pages"}],"about":[{"href":"https:\/\/cpcx.ufms.br\/en\/wp-json\/wp\/v2\/types\/page"}],"author":[{"embeddable":true,"href":"https:\/\/cpcx.ufms.br\/en\/wp-json\/wp\/v2\/users\/7210"}],"replies":[{"embeddable":true,"href":"https:\/\/cpcx.ufms.br\/en\/wp-json\/wp\/v2\/comments?post=6079"}],"version-history":[{"count":10,"href":"https:\/\/cpcx.ufms.br\/en\/wp-json\/wp\/v2\/pages\/6079\/revisions"}],"predecessor-version":[{"id":10052,"href":"https:\/\/cpcx.ufms.br\/en\/wp-json\/wp\/v2\/pages\/6079\/revisions\/10052"}],"up":[{"embeddable":true,"href":"https:\/\/cpcx.ufms.br\/en\/wp-json\/wp\/v2\/pages\/569"}],"wp:attachment":[{"href":"https:\/\/cpcx.ufms.br\/en\/wp-json\/wp\/v2\/media?parent=6079"}],"wp:term":[{"taxonomy":"author","embeddable":true,"href":"https:\/\/cpcx.ufms.br\/en\/wp-json\/wp\/v2\/coauthors?post=6079"}],"curies":[{"name":"wp","href":"https:\/\/api.w.org\/{rel}","templated":true}]}}