{"id":6164,"date":"2020-09-09T07:12:40","date_gmt":"2020-09-09T11:12:40","guid":{"rendered":"https:\/\/cpcx.ufms.br\/?page_id=6164"},"modified":"2021-02-11T08:47:53","modified_gmt":"2021-02-11T12:47:53","slug":"atividades-complementares","status":"publish","type":"page","link":"https:\/\/cpcx.ufms.br\/en\/enfermagem\/atividades-complementares\/","title":{"rendered":"Atividades Complementares"},"content":{"rendered":"<p><strong>RESOLU\u00c7\u00c3O<\/strong><\/p>\n<a href=\"https:\/\/cpcx.ufms.br\/files\/2020\/10\/Resolu\u00e7\u00e3o-Atividades-Complementares-2020.pdf\" class=\"pdfemb-viewer\" style=\"\" data-width=\"max\" data-height=\"max\" data-toolbar=\"bottom\" data-toolbar-fixed=\"off\">Resolu\u00e7\u00e3o Atividades Complementares - 2020<\/a>\n<p><a href=\"https:\/\/cpcx.ufms.br\/files\/2020\/10\/DECLARA\u00c7\u00c3O-DE-PARTICIPA\u00c7\u00c3O-COMO-OUVINTE-EM-BANCA-DE-DEFESA.doc\">DECLARA\u00c7\u00c3O DE PARTICIPA\u00c7\u00c3O COMO OUVINTE EM BANCA DE DEFESA<\/a><\/p>\n<p><a href=\"https:\/\/cpcx.ufms.br\/files\/2020\/10\/Ficha-de-registro-de-atividades-complementares-1.docx\">FICHA DE REGISTRO DE ATIVIDADES COMPLEMENTARES<\/a><\/p>\n<p><a href=\"https:\/\/drive.google.com\/file\/d\/1pjPrE0Q_pimsNzrB7J0OhEk1X7xuBmNw\/view\">ORIENTA\u00c7\u00d5ES PARA PREENCHIMENTO DA FICHA DE ATIVIDADES COMPLEMENTARE<\/a><\/p>\n","protected":false},"excerpt":{"rendered":"<p>RESOLU\u00c7\u00c3O DECLARA\u00c7\u00c3O DE PARTICIPA\u00c7\u00c3O COMO OUVINTE EM BANCA DE DEFESA FICHA DE REGISTRO DE ATIVIDADES COMPLEMENTARES ORIENTA\u00c7\u00d5ES PARA PREENCHIMENTO DA FICHA DE ATIVIDADES COMPLEMENTARE<\/p>\n","protected":false},"author":7210,"featured_media":0,"parent":574,"menu_order":0,"comment_status":"closed","ping_status":"closed","template":"","meta":{"_eb_attr":"","ngg_post_thumbnail":0,"footnotes":""},"coauthors":[],"class_list":["post-6164","page","type-page","status-publish","hentry"],"_links":{"self":[{"href":"https:\/\/cpcx.ufms.br\/en\/wp-json\/wp\/v2\/pages\/6164","targetHints":{"allow":["GET"]}}],"collection":[{"href":"https:\/\/cpcx.ufms.br\/en\/wp-json\/wp\/v2\/pages"}],"about":[{"href":"https:\/\/cpcx.ufms.br\/en\/wp-json\/wp\/v2\/types\/page"}],"author":[{"embeddable":true,"href":"https:\/\/cpcx.ufms.br\/en\/wp-json\/wp\/v2\/users\/7210"}],"replies":[{"embeddable":true,"href":"https:\/\/cpcx.ufms.br\/en\/wp-json\/wp\/v2\/comments?post=6164"}],"version-history":[{"count":6,"href":"https:\/\/cpcx.ufms.br\/en\/wp-json\/wp\/v2\/pages\/6164\/revisions"}],"predecessor-version":[{"id":6427,"href":"https:\/\/cpcx.ufms.br\/en\/wp-json\/wp\/v2\/pages\/6164\/revisions\/6427"}],"up":[{"embeddable":true,"href":"https:\/\/cpcx.ufms.br\/en\/wp-json\/wp\/v2\/pages\/574"}],"wp:attachment":[{"href":"https:\/\/cpcx.ufms.br\/en\/wp-json\/wp\/v2\/media?parent=6164"}],"wp:term":[{"taxonomy":"author","embeddable":true,"href":"https:\/\/cpcx.ufms.br\/en\/wp-json\/wp\/v2\/coauthors?post=6164"}],"curies":[{"name":"wp","href":"https:\/\/api.w.org\/{rel}","templated":true}]}}