{"id":6206,"date":"2020-10-05T13:51:32","date_gmt":"2020-10-05T17:51:32","guid":{"rendered":"https:\/\/cpcx.ufms.br\/?page_id=6206"},"modified":"2022-01-18T15:35:46","modified_gmt":"2022-01-18T19:35:46","slug":"ligas-academicas","status":"publish","type":"page","link":"https:\/\/cpcx.ufms.br\/en\/enfermagem\/ligas-academicas\/","title":{"rendered":"Ligas Acad\u00eamicas"},"content":{"rendered":"<h3><b>Liga acad\u00eamica de assist\u00eancia de Enfermagem para a&nbsp;<\/b><b>Seguran\u00e7a do Paciente &#8211; LAESP<\/b><\/h3>\n<p><b>Vig\u00eancia<\/b><\/p>\n<p>Agosto de 2021 a agosto de 2022 (atualizado a cada novo cronograma anual).<\/p>\n<p>&nbsp;<\/p>\n<p><b>Professor Coordenador<\/b><\/p>\n<p>Verusca Soares de Souza<\/p>\n<p>&nbsp;<\/p>\n<p><b>Professores Colaboradores<\/b><\/p>\n<p>Daniel Fraga<\/p>\n<p>Guilherme Oliveira de Arruda<\/p>\n<p>Soraia Geraldo Rozza Lopes<\/p>\n<p>&nbsp;<\/p>\n<p><b>Hor\u00e1rio das reuni\u00f5es<\/b><\/p>\n<p>Todas as quartas-feiras, \u00e0s 17h30<\/p>\n<h3>&nbsp;<\/h3>\n<p><b>Alunos<\/b><\/p>\n<p>Presidente: Maur\u00edcio Bispo da Silva<\/p>\n<p>Vice-Presidente: Vinicius Gabriel Balbino Condack<\/p>\n<p>Secret\u00e1ria: Jussara Andrade da Silva<\/p>\n<p>Tesoureira: Isa Bruna Lopes da Silva<\/p>\n<p>Diretor de Extens\u00e3o: Lourival Serrou Camy Neto<\/p>\n<p>Diretora Cient\u00edfica: Tha\u00eds Aline P\u00e1dua do Nascimento de Arruda<\/p>\n<p>Diretora de Extens\u00e3o na Aten\u00e7\u00e3o B\u00e1sica: Let\u00edcia Ferreira Rocha<\/p>\n<p>Diretora de Comunica\u00e7\u00e3o: Maria Eduarda Cristaldo Leite<\/p>\n<p>Diretora de Ensino: Luana Ribeiro Barreto<\/p>\n<h3>&nbsp;<\/h3>\n<p><b>A\u00e7\u00f5es desenvolvidas<\/b><\/p>\n<p><b>A\u00e7\u00f5es de Ensino<\/b><\/p>\n<p>Caf\u00e9 com Seguran\u00e7a &#8211; Reuni\u00e3o mensal ampliada com presen\u00e7a de convidado externo que compartilhar\u00e1 suas experi\u00eancias sobre aspectos do tema Seguran\u00e7a do Paciente, no Google Meet.<\/p>\n<p>Visita de Seguran\u00e7a &#8211; Treinamento inicial sobre os protocolos de seguran\u00e7a, no Google Meet.&nbsp;<\/p>\n<p><b>A\u00e7\u00f5es de Pesquisa<\/b><\/p>\n<p>Seguran\u00e7a do Paciente: perspectivas do ensino, pesquisa e extens\u00e3o\u201d \u2013 cadastrado na Propp (UFMS-CPCX).<\/p>\n<p>Seguran\u00e7a do paciente em um servi\u00e7o hospitalar: uma abordagem multim\u00e9todos\u201d \u2013 em fase de constru\u00e7\u00e3o para cadastro na Propp (Hospital Regional de Coxim).<\/p>\n<h3>&nbsp;<\/h3>\n<p><b>A\u00e7\u00f5es de Extens\u00e3o<\/b><\/p>\n<p>Garantindo a minha seguran\u00e7a (M\u00eddias sociais): Divulga\u00e7\u00e3o mensal de a\u00e7\u00f5es que pacientes, fam\u00edlias e comunidades podem realizar para garantir sua pr\u00f3pria seguran\u00e7a nos servi\u00e7os de sa\u00fade.<\/p>\n<h3>&nbsp;<\/h3>\n<p>Visita de Seguran\u00e7a &#8211; Treinamento inicial sobre os protocolos de seguran\u00e7a, no Google Meet. Visita semanal dos acad\u00eamicos de enfermagem no Hospital Regional (de acordo com normas de biosseguran\u00e7a) para aux\u00edlio dos enfermeiros no preenchimento dos instrumentos\/realiza\u00e7\u00e3o das a\u00e7\u00f5es estabelecidas pelo N\u00facleo de seguran\u00e7a do paciente.<\/p>\n<h3>&nbsp;<\/h3>\n<h3>\u00b7&nbsp;&nbsp;&nbsp;&nbsp;&nbsp;&nbsp;&nbsp;&nbsp; Liga acad\u00eamica de enfermagem da crian\u00e7a, adulto e idoso (LAECAI-UFMS)<\/h3>\n<p>VIG\u00caNCIA: Indeterminada<\/p>\n<p>PROFESSOR COORDENADOR: Soraia Geraldo Rozza Lopes<\/p>\n<p>PROFESSORES COLABORADORES:<\/p>\n<p>Guilherme Oliveira de Arruda<\/p>\n<p>Helder de Padua Lima<\/p>\n<p>Verusca Soares de Souza<\/p>\n<p>Fl\u00e1via Renata da Silva Zuque<\/p>\n<p>Naiara Gajo Silva<\/p>\n<p>Ana Patr\u00edcia Ara\u00fajo Torquato Lopes<\/p>\n<p>Beatriz Maria Jorge<\/p>\n<p>Cremildo Jo\u00e3o Baptista<\/p>\n<p>Katia Motta<\/p>\n<p>&nbsp;<\/p>\n<p>ALUNOS:<\/p>\n<p>Ana Carolina Saggin Britto \u2013 Presidente<\/p>\n<p>Anielly Bezerra de Lima S\u00e1 \u2013 Vice-presidente<\/p>\n<p>Eduardo Gon\u00e7alves Pinheiro dos Santos \u2013 Diretor Cient\u00edfico<\/p>\n<p>Heliete Feitosa de Matos \u2013 Tesoureira<\/p>\n<p>Paulo Ricardo Trussardi Maia \u2013 Diretor de Extens\u00e3o<\/p>\n<p>Roberley Magalh\u00e3es de Assis \u2013 Secret\u00e1rio<\/p>\n<p>&nbsp;<\/p>\n<p>Membros efetivos que auxiliam as diretorias da LAECAI:<\/p>\n<p>Daniela C. S. Alexandrino<\/p>\n<p>J\u00e9ssica Pav\u00e3o Coelho<\/p>\n<p>Lays Vilhalva Guimar\u00e3es<\/p>\n<p>Lucas Vitor Nogueira Rizzo<\/p>\n<p>Mateus Fernandes Antonio<\/p>\n<p>Polyana Louize Chautz<\/p>\n<p>Rayne da Silva Brito<\/p>\n<p>Vict\u00f3ria Carolina Branco Ara\u00fajo<\/p>\n<p>Vit\u00f3ria Maria N. dos Santos<\/p>\n<p>&nbsp;<\/p>\n<p>HOR\u00c1RIO DAS REUNI\u00d5ES:<\/p>\n<p>&#8211; A primeira reuni\u00e3o ordin\u00e1ria aconteceu no dia 13 de mar\u00e7o de 2020 (conforme registro em ata).<\/p>\n<p>&nbsp;<\/p>\n<p>Obs.: Devido a pandemia do novo coronav\u00edrus (Covid-19) \u00e0s reuni\u00f5es presenciais foram suspensas. As atividades desenvolvidas pela LAECAI s\u00e3o realizadas de modo cont\u00ednuo pelo grupo da liga no WhatsApp e pelos encontros virtuais pelo google meet quando necess\u00e1rio.<\/p>\n<p>&nbsp;<\/p>\n<p>A\u00c7\u00d5ES DESENVOLVIDAS: Prop\u00f5e a\u00e7\u00f5es de promo\u00e7\u00e3o, preven\u00e7\u00e3o, recupera\u00e7\u00e3o e reabilita\u00e7\u00e3o<br \/>\n\u00e0 sa\u00fade, na perspectiva da integralidade da assist\u00eancia nos diferentes ciclos de vida<\/p>\n<p>&nbsp;<\/p>\n<p align=\"justify\">&nbsp;<\/p>\n","protected":false},"excerpt":{"rendered":"<p>Liga acad\u00eamica de assist\u00eancia de Enfermagem para a&nbsp;Seguran\u00e7a do Paciente &#8211; LAESP Vig\u00eancia Agosto de 2021 a agosto de 2022 (atualizado a cada novo cronograma anual). &nbsp; Professor Coordenador Verusca Soares de Souza &nbsp; Professores Colaboradores Daniel Fraga Guilherme Oliveira de Arruda Soraia Geraldo Rozza Lopes &nbsp; Hor\u00e1rio das reuni\u00f5es Todas as quartas-feiras, \u00e0s 17h30 [&hellip;]<\/p>\n","protected":false},"author":7210,"featured_media":0,"parent":574,"menu_order":0,"comment_status":"closed","ping_status":"closed","template":"","meta":{"_eb_attr":"","ngg_post_thumbnail":0,"footnotes":""},"coauthors":[],"class_list":["post-6206","page","type-page","status-publish","hentry"],"_links":{"self":[{"href":"https:\/\/cpcx.ufms.br\/en\/wp-json\/wp\/v2\/pages\/6206","targetHints":{"allow":["GET"]}}],"collection":[{"href":"https:\/\/cpcx.ufms.br\/en\/wp-json\/wp\/v2\/pages"}],"about":[{"href":"https:\/\/cpcx.ufms.br\/en\/wp-json\/wp\/v2\/types\/page"}],"author":[{"embeddable":true,"href":"https:\/\/cpcx.ufms.br\/en\/wp-json\/wp\/v2\/users\/7210"}],"replies":[{"embeddable":true,"href":"https:\/\/cpcx.ufms.br\/en\/wp-json\/wp\/v2\/comments?post=6206"}],"version-history":[{"count":8,"href":"https:\/\/cpcx.ufms.br\/en\/wp-json\/wp\/v2\/pages\/6206\/revisions"}],"predecessor-version":[{"id":7274,"href":"https:\/\/cpcx.ufms.br\/en\/wp-json\/wp\/v2\/pages\/6206\/revisions\/7274"}],"up":[{"embeddable":true,"href":"https:\/\/cpcx.ufms.br\/en\/wp-json\/wp\/v2\/pages\/574"}],"wp:attachment":[{"href":"https:\/\/cpcx.ufms.br\/en\/wp-json\/wp\/v2\/media?parent=6206"}],"wp:term":[{"taxonomy":"author","embeddable":true,"href":"https:\/\/cpcx.ufms.br\/en\/wp-json\/wp\/v2\/coauthors?post=6206"}],"curies":[{"name":"wp","href":"https:\/\/api.w.org\/{rel}","templated":true}]}}