{"id":6447,"date":"2021-02-19T09:25:48","date_gmt":"2021-02-19T13:25:48","guid":{"rendered":"https:\/\/cpcx.ufms.br\/?page_id=6447"},"modified":"2026-02-06T10:53:45","modified_gmt":"2026-02-06T14:53:45","slug":"projeto-pedagogico","status":"publish","type":"page","link":"https:\/\/cpcx.ufms.br\/en\/direito\/projeto-pedagogico\/","title":{"rendered":"Projeto Pedag\u00f3gico do Curso &#8211; PPC"},"content":{"rendered":"<p style=\"text-align: justify\" data-start=\"318\" data-end=\"887\">O <strong data-start=\"320\" data-end=\"357\">Projeto Pedag\u00f3gico do Curso (PPC)<\/strong> de <strong data-start=\"361\" data-end=\"386\">Direito \u2013 Bacharelado<\/strong> do <strong data-start=\"390\" data-end=\"462\">C\u00e2mpus de Coxim da Universidade Federal de Mato Grosso do Sul (UFMS)<\/strong> estabelece os princ\u00edpios, fundamentos e diretrizes que orientam a forma\u00e7\u00e3o acad\u00eamica e profissional dos estudantes do curso. O documento encontra-se atualizado conforme a <strong data-start=\"634\" data-end=\"694\">Resolu\u00e7\u00e3o n\u00ba 1.400-Cograd\/UFMS, de 29 de janeiro de 2026<\/strong>, em conson\u00e2ncia com a legisla\u00e7\u00e3o educacional vigente, as <strong data-start=\"752\" data-end=\"809\">Diretrizes Curriculares Nacionais do Curso de Direito<\/strong> e as normativas institucionais da UFMS.<\/p>\n<p style=\"text-align: justify\" data-start=\"889\" data-end=\"1461\">O PPC define a <strong data-start=\"904\" data-end=\"930\">organiza\u00e7\u00e3o curricular<\/strong>, o <strong data-start=\"934\" data-end=\"955\">perfil do egresso<\/strong>, os <strong data-start=\"960\" data-end=\"984\">objetivos formativos<\/strong>, as <strong data-start=\"989\" data-end=\"1015\">metodologias de ensino<\/strong>, os <strong data-start=\"1020\" data-end=\"1046\">processos de avalia\u00e7\u00e3o<\/strong> e as <strong data-start=\"1052\" data-end=\"1124\">atividades acad\u00eamicas articuladas ao ensino, \u00e0 pesquisa e \u00e0 extens\u00e3o<\/strong>, considerando as demandas sociais, jur\u00eddicas e institucionais da regi\u00e3o. A proposta pedag\u00f3gica prioriza a forma\u00e7\u00e3o de <strong data-start=\"1243\" data-end=\"1267\">bachar\u00e9is em Direito<\/strong> com s\u00f3lida base te\u00f3rica, capacidade cr\u00edtica, compromisso \u00e9tico e atua\u00e7\u00e3o respons\u00e1vel na defesa dos direitos fundamentais, da cidadania e da justi\u00e7a social.<\/p>\n<p style=\"text-align: justify\" data-start=\"889\" data-end=\"1461\">Neste espa\u00e7o, est\u00e1 disponibilizado o <strong data-start=\"1500\" data-end=\"1518\">PPC na \u00edntegra<\/strong>, assegurando <strong data-start=\"1532\" data-end=\"1549\">transpar\u00eancia<\/strong>, acesso \u00e0 informa\u00e7\u00e3o e conhecimento sobre a estrutura, os objetivos e a organiza\u00e7\u00e3o acad\u00eamica do <strong data-start=\"1647\" data-end=\"1686\">Curso de Direito do C\u00e2mpus de Coxim<\/strong>, reafirmando o compromisso institucional da UFMS com a <strong data-start=\"1742\" data-end=\"1795\">qualidade da forma\u00e7\u00e3o superior p\u00fablica e gratuita<\/strong>.<\/p>\n<hr>\n<h3 data-start=\"889\" data-end=\"1461\">RESOLU\u00c7\u00c3O<\/h3>\n<p style=\"text-align: center\"><a href=\"https:\/\/cpcx.ufms.br\/files\/2026\/02\/PPC-Direito-CPCX-2026.pdf\" class=\"pdfemb-viewer\" style=\"\" data-width=\"max\" data-height=\"max\" data-toolbar=\"bottom\" data-toolbar-fixed=\"off\">PPC Direito CPCX 2026<\/a>\n<p style=\"text-align: center\"><a href=\"https:\/\/cpcx.ufms.br\/files\/2026\/02\/PPC-Direito-CPCX-2026.pdf\"><strong><em>DOWNLOAD<\/em><\/strong><\/a><\/p>\n","protected":false},"excerpt":{"rendered":"<p>O Projeto Pedag\u00f3gico do Curso (PPC) de Direito \u2013 Bacharelado do C\u00e2mpus de Coxim da Universidade Federal de Mato Grosso do Sul (UFMS) estabelece os princ\u00edpios, fundamentos e diretrizes que orientam a forma\u00e7\u00e3o acad\u00eamica e profissional dos estudantes do curso. O documento encontra-se atualizado conforme a Resolu\u00e7\u00e3o n\u00ba 1.400-Cograd\/UFMS, de 29 de janeiro de 2026, [&hellip;]<\/p>\n","protected":false},"author":7210,"featured_media":0,"parent":5122,"menu_order":0,"comment_status":"closed","ping_status":"closed","template":"","meta":{"_eb_attr":"","ngg_post_thumbnail":0,"footnotes":""},"coauthors":[140,116],"class_list":["post-6447","page","type-page","status-publish","hentry"],"_links":{"self":[{"href":"https:\/\/cpcx.ufms.br\/en\/wp-json\/wp\/v2\/pages\/6447","targetHints":{"allow":["GET"]}}],"collection":[{"href":"https:\/\/cpcx.ufms.br\/en\/wp-json\/wp\/v2\/pages"}],"about":[{"href":"https:\/\/cpcx.ufms.br\/en\/wp-json\/wp\/v2\/types\/page"}],"author":[{"embeddable":true,"href":"https:\/\/cpcx.ufms.br\/en\/wp-json\/wp\/v2\/users\/7210"}],"replies":[{"embeddable":true,"href":"https:\/\/cpcx.ufms.br\/en\/wp-json\/wp\/v2\/comments?post=6447"}],"version-history":[{"count":5,"href":"https:\/\/cpcx.ufms.br\/en\/wp-json\/wp\/v2\/pages\/6447\/revisions"}],"predecessor-version":[{"id":13513,"href":"https:\/\/cpcx.ufms.br\/en\/wp-json\/wp\/v2\/pages\/6447\/revisions\/13513"}],"up":[{"embeddable":true,"href":"https:\/\/cpcx.ufms.br\/en\/wp-json\/wp\/v2\/pages\/5122"}],"wp:attachment":[{"href":"https:\/\/cpcx.ufms.br\/en\/wp-json\/wp\/v2\/media?parent=6447"}],"wp:term":[{"taxonomy":"author","embeddable":true,"href":"https:\/\/cpcx.ufms.br\/en\/wp-json\/wp\/v2\/coauthors?post=6447"}],"curies":[{"name":"wp","href":"https:\/\/api.w.org\/{rel}","templated":true}]}}