{"id":6567,"date":"2021-03-18T13:02:06","date_gmt":"2021-03-18T17:02:06","guid":{"rendered":"https:\/\/cpcx.ufms.br\/?page_id=6567"},"modified":"2025-11-01T22:12:13","modified_gmt":"2025-11-02T02:12:13","slug":"eleicoes","status":"publish","type":"page","link":"https:\/\/cpcx.ufms.br\/en\/eleicoes\/","title":{"rendered":"Elei\u00e7\u00f5es"},"content":{"rendered":"<p data-start=\"636\" data-end=\"789\">Esta p\u00e1gina re\u00fane informa\u00e7\u00f5es sobre os <strong data-start=\"675\" data-end=\"699\">processos eleitorais<\/strong> realizados no <strong data-start=\"714\" data-end=\"786\">C\u00e2mpus de Coxim da Universidade Federal de Mato Grosso do Sul (UFMS)<\/strong>.<\/p>\n<p data-start=\"791\" data-end=\"1048\">O objetivo \u00e9 centralizar editais, comunicados, resultados e demais documentos referentes \u00e0s elei\u00e7\u00f5es de <strong data-start=\"895\" data-end=\"906\">dire\u00e7\u00e3o<\/strong>, <strong data-start=\"908\" data-end=\"933\">coordena\u00e7\u00f5es de curso<\/strong>, <strong data-start=\"935\" data-end=\"949\">colegiados<\/strong> e outras inst\u00e2ncias do c\u00e2mpus, garantindo <strong data-start=\"992\" data-end=\"1009\">transpar\u00eancia<\/strong> e <strong data-start=\"1012\" data-end=\"1030\">acesso p\u00fablico<\/strong> \u00e0s informa\u00e7\u00f5es.<\/p>\n<p data-start=\"1050\" data-end=\"1188\">As vota\u00e7\u00f5es oficiais da UFMS s\u00e3o realizadas por meio do sistema eletr\u00f4nico dispon\u00edvel em:<\/p>\n<table style=\"border-collapse: collapse;width: 100%;height: 24px\">\n<tbody>\n<tr style=\"height: 24px\">\n<td style=\"width: 33.3333%;height: 24px\">&nbsp;<\/td>\n<td style=\"width: 33.3333%;height: 24px;text-align: center\">\n<h4 style=\"text-align: center\"><span style=\"color: black;font-size: 18pt\"><strong><a class=\"btn btn-primary\" style=\"background-color: #2172b1\" title=\"Inscri\u00e7\u00f5es\" href=\"\/\/link.ufms.br\/CPCX-DISCENTES-CONSULTA-DIRETOR-2ABR\" target=\"_blank\" rel=\"noopener\">URNAS<\/a><\/strong><\/span><\/h4>\n<\/td>\n<td style=\"width: 33.3333%;height: 24px\">&nbsp;<\/td>\n<\/tr>\n<\/tbody>\n<\/table>\n<hr>\n<p style=\"text-align: justify\"><div class=\"panel-group\" id=\"custom-collapse-0\">\n<div class=\"panel panel-default\">\n\t\t\t\t<div class=\"panel-heading\">\n\t\t\t\t\t<h4 class=\"panel-title\">\n\t\t\t\t\t\t<a class=\"\" data-toggle=\"collapse\" data-parent=\"#custom-collapse-0\" href=\"#custom-collapse-0-0\">Elei\u00e7\u00f5es em Andamento<\/a>\n\t\t\t\t\t<\/h4>\n\t\t\t\t<\/div>\n\t\t\t\t<div id=\"custom-collapse-0-0\" class=\"panel-collapse in\">\n\t\t\t\t\t<div class=\"panel-body\">\n&#8230;<br \/>\n<\/div>\n\t\t\t\t<\/div>\n\t\t\t<\/div>\n<div class=\"panel panel-default\">\n\t\t\t\t<div class=\"panel-heading\">\n\t\t\t\t\t<h4 class=\"panel-title\">\n\t\t\t\t\t\t<a class=\"\" data-toggle=\"collapse\" data-parent=\"#custom-collapse-0\" href=\"#custom-collapse-0-1\">Elei\u00e7\u00f5es anteriores<\/a>\n\t\t\t\t\t<\/h4>\n\t\t\t\t<\/div>\n\t\t\t\t<div id=\"custom-collapse-0-1\" class=\"panel-collapse in\">\n\t\t\t\t\t<div class=\"panel-body\">\n<p style=\"text-align: justify\"><a href=\"https:\/\/cpcx.ufms.br\/eleicoes-2025\">Elei\u00e7\u00f5es para Dire\u00e7\u00e3o (2025-2029)<\/a><br \/>\n<a href=\"https:\/\/cpcx.ufms.br\/eleicao-2021-2025\">Elei\u00e7\u00f5es para Dire\u00e7\u00e3o (2021-2025)<\/a><br \/>\n<\/div>\n\t\t\t\t<\/div>\n\t\t\t<\/div>\n<div class=\"panel panel-default\">\n\t\t\t\t<div class=\"panel-heading\">\n\t\t\t\t\t<h4 class=\"panel-title\">\n\t\t\t\t\t\t<a class=\"\" data-toggle=\"collapse\" data-parent=\"#custom-collapse-0\" href=\"#custom-collapse-0-2\">Sobre os processos eleitorais<\/a>\n\t\t\t\t\t<\/h4>\n\t\t\t\t<\/div>\n\t\t\t\t<div id=\"custom-collapse-0-2\" class=\"panel-collapse in\">\n\t\t\t\t\t<div class=\"panel-body\">\nOs processos eleitorais seguem as normas e regulamentos estabelecidos pela <strong data-start=\"1719\" data-end=\"1772\">Universidade Federal de Mato Grosso do Sul (UFMS)<\/strong>, e cada elei\u00e7\u00e3o \u00e9 conduzida por uma <strong data-start=\"1809\" data-end=\"1831\">comiss\u00e3o eleitoral<\/strong> designada especificamente para esse fim.<br \/>\n<\/div>\n\t\t\t\t<\/div>\n\t\t\t<\/div>\n<\/div>\n","protected":false},"excerpt":{"rendered":"<p>Esta p\u00e1gina re\u00fane informa\u00e7\u00f5es sobre os processos eleitorais realizados no C\u00e2mpus de Coxim da Universidade Federal de Mato Grosso do Sul (UFMS). O objetivo \u00e9 centralizar editais, comunicados, resultados e demais documentos referentes \u00e0s elei\u00e7\u00f5es de dire\u00e7\u00e3o, coordena\u00e7\u00f5es de curso, colegiados e outras inst\u00e2ncias do c\u00e2mpus, garantindo transpar\u00eancia e acesso p\u00fablico \u00e0s informa\u00e7\u00f5es. As vota\u00e7\u00f5es [&hellip;]<\/p>\n","protected":false},"author":7210,"featured_media":13145,"parent":0,"menu_order":0,"comment_status":"closed","ping_status":"closed","template":"page-templates\/page-coordenadorias.php","meta":{"_eb_attr":"","ngg_post_thumbnail":0,"footnotes":""},"coauthors":[140,116],"class_list":["post-6567","page","type-page","status-publish","has-post-thumbnail","hentry"],"_links":{"self":[{"href":"https:\/\/cpcx.ufms.br\/en\/wp-json\/wp\/v2\/pages\/6567","targetHints":{"allow":["GET"]}}],"collection":[{"href":"https:\/\/cpcx.ufms.br\/en\/wp-json\/wp\/v2\/pages"}],"about":[{"href":"https:\/\/cpcx.ufms.br\/en\/wp-json\/wp\/v2\/types\/page"}],"author":[{"embeddable":true,"href":"https:\/\/cpcx.ufms.br\/en\/wp-json\/wp\/v2\/users\/7210"}],"replies":[{"embeddable":true,"href":"https:\/\/cpcx.ufms.br\/en\/wp-json\/wp\/v2\/comments?post=6567"}],"version-history":[{"count":4,"href":"https:\/\/cpcx.ufms.br\/en\/wp-json\/wp\/v2\/pages\/6567\/revisions"}],"predecessor-version":[{"id":13142,"href":"https:\/\/cpcx.ufms.br\/en\/wp-json\/wp\/v2\/pages\/6567\/revisions\/13142"}],"wp:featuredmedia":[{"embeddable":true,"href":"https:\/\/cpcx.ufms.br\/en\/wp-json\/wp\/v2\/media\/13145"}],"wp:attachment":[{"href":"https:\/\/cpcx.ufms.br\/en\/wp-json\/wp\/v2\/media?parent=6567"}],"wp:term":[{"taxonomy":"author","embeddable":true,"href":"https:\/\/cpcx.ufms.br\/en\/wp-json\/wp\/v2\/coauthors?post=6567"}],"curies":[{"name":"wp","href":"https:\/\/api.w.org\/{rel}","templated":true}]}}