{"id":7366,"date":"2022-02-16T22:32:26","date_gmt":"2022-02-17T02:32:26","guid":{"rendered":"https:\/\/cpcx.ufms.br\/?page_id=7366"},"modified":"2026-02-18T16:56:12","modified_gmt":"2026-02-18T20:56:12","slug":"horario-e-ensalamento","status":"publish","type":"page","link":"https:\/\/cpcx.ufms.br\/en\/sistemas-de-informacao\/horario-e-ensalamento\/","title":{"rendered":"Hor\u00e1rio e Ensalamento 2026-1"},"content":{"rendered":"<p><a href=\"https:\/\/cpcx.ufms.br\/files\/2026\/02\/horario-2026-1-scaled.png\"><img fetchpriority=\"high\" decoding=\"async\" class=\"aligncenter size-full wp-image-13539\" src=\"https:\/\/cpcx.ufms.br\/files\/2026\/02\/horario-2026-1-scaled.png\" alt=\"\" width=\"2233\" height=\"2560\" \/><\/a><\/p>\n<p>&nbsp;<\/p>\n<p>Veja os <strong>Feriados<\/strong> e Recessos de 2025 no Calend\u00e1rio Acad\u00eamico: <a href=\"https:\/\/prograd.ufms.br\/calendario-academico\/\">https:\/\/prograd.ufms.br\/calendario-academico\/<\/a><\/p>\n<ul>\n<li><a href=\"https:\/\/cpcx.ufms.br\/files\/2026\/02\/horario-2026-1.png\">Download Hor\u00e1rio 2026-1<\/a><\/li>\n<li><a href=\"https:\/\/cpcx.ufms.br\/files\/2025\/07\/horario2025-2-scaled.png\">Download Hor\u00e1rio 2025-2<\/a><\/li>\n<li><a href=\"https:\/\/cpcx.ufms.br\/files\/2025\/02\/horario-SINF-2025-1.jpg\">Download Hor\u00e1rio 2025-1<\/a><\/li>\n<li><a href=\"https:\/\/cpcx.ufms.br\/files\/2024\/08\/2-semestre-HORARIO-2.pdf\">Download Hor\u00e1rio 2024-2<\/a><\/li>\n<li><a href=\"https:\/\/cpcx.ufms.br\/files\/2024\/03\/1-Semestre.xlsx-HORARIO.pdf\">Download Hor\u00e1rio 2024-1<\/a><\/li>\n<li><a href=\"https:\/\/cpcx.ufms.br\/files\/2023\/07\/SINF-Horario-2023-2.pdf\">Download Hor\u00e1rio 2023-2<\/a><\/li>\n<li><a href=\"https:\/\/cpcx.ufms.br\/files\/2023\/03\/2023-1-horarioSINF.pdf\">Download Hor\u00e1rio 2023-1<\/a><\/li>\n<li><a href=\"https:\/\/cpcx.ufms.br\/files\/2022\/08\/2022-2-Horario.pdf\">Download Hor\u00e1rio 2022-2<\/a><\/li>\n<li><a href=\"https:\/\/cpcx.ufms.br\/files\/2022\/02\/2022-1-HorarioSINF.pdf\">Download Hor\u00e1rio 2022-1<\/a><\/li>\n<\/ul>\n","protected":false},"excerpt":{"rendered":"<p>&nbsp; Veja os Feriados e Recessos de 2025 no Calend\u00e1rio Acad\u00eamico: https:\/\/prograd.ufms.br\/calendario-academico\/ Download Hor\u00e1rio 2026-1 Download Hor\u00e1rio 2025-2 Download Hor\u00e1rio 2025-1 Download Hor\u00e1rio 2024-2 Download Hor\u00e1rio 2024-1 Download Hor\u00e1rio 2023-2 Download Hor\u00e1rio 2023-1 Download Hor\u00e1rio 2022-2 Download Hor\u00e1rio 2022-1<\/p>\n","protected":false},"author":3688,"featured_media":0,"parent":604,"menu_order":0,"comment_status":"closed","ping_status":"closed","template":"page-templates\/page-subcoordenadoria.php","meta":{"_eb_attr":"","ngg_post_thumbnail":0,"footnotes":""},"coauthors":[118],"class_list":["post-7366","page","type-page","status-publish","hentry"],"_links":{"self":[{"href":"https:\/\/cpcx.ufms.br\/en\/wp-json\/wp\/v2\/pages\/7366","targetHints":{"allow":["GET"]}}],"collection":[{"href":"https:\/\/cpcx.ufms.br\/en\/wp-json\/wp\/v2\/pages"}],"about":[{"href":"https:\/\/cpcx.ufms.br\/en\/wp-json\/wp\/v2\/types\/page"}],"author":[{"embeddable":true,"href":"https:\/\/cpcx.ufms.br\/en\/wp-json\/wp\/v2\/users\/3688"}],"replies":[{"embeddable":true,"href":"https:\/\/cpcx.ufms.br\/en\/wp-json\/wp\/v2\/comments?post=7366"}],"version-history":[{"count":27,"href":"https:\/\/cpcx.ufms.br\/en\/wp-json\/wp\/v2\/pages\/7366\/revisions"}],"predecessor-version":[{"id":10185,"href":"https:\/\/cpcx.ufms.br\/en\/wp-json\/wp\/v2\/pages\/7366\/revisions\/10185"}],"up":[{"embeddable":true,"href":"https:\/\/cpcx.ufms.br\/en\/wp-json\/wp\/v2\/pages\/604"}],"wp:attachment":[{"href":"https:\/\/cpcx.ufms.br\/en\/wp-json\/wp\/v2\/media?parent=7366"}],"wp:term":[{"taxonomy":"author","embeddable":true,"href":"https:\/\/cpcx.ufms.br\/en\/wp-json\/wp\/v2\/coauthors?post=7366"}],"curies":[{"name":"wp","href":"https:\/\/api.w.org\/{rel}","templated":true}]}}