{"id":7434,"date":"2022-02-21T10:25:21","date_gmt":"2022-02-21T14:25:21","guid":{"rendered":"https:\/\/cpcx.ufms.br\/?page_id=7434"},"modified":"2025-10-08T16:32:05","modified_gmt":"2025-10-08T20:32:05","slug":"coordenacao","status":"publish","type":"page","link":"https:\/\/cpcx.ufms.br\/en\/sistemas-de-informacao\/coordenacao\/","title":{"rendered":"Coordena\u00e7\u00e3o\/Colegiados"},"content":{"rendered":"<p>CONTATO: sinf.cpcx@ufms.br<br \/>\nCOORDENADOR: <strong>Prof. Kleber Kruger<\/strong><\/p>\n<table style=\"width: 100%;height: 360px\">\n<thead>\n<tr style=\"height: 24px\">\n<td style=\"height: 24px\"><strong>Per\u00edodo<\/strong><\/td>\n<td style=\"height: 24px\"><strong>Coordenador<\/strong><\/td>\n<td style=\"height: 24px\"><strong>Colegiado<\/strong><\/td>\n<\/tr>\n<\/thead>\n<tbody>\n<tr style=\"height: 72px\">\n<td style=\"height: 72px\">ATUAL<\/td>\n<td style=\"height: 72px\">Kleber Kruger<\/td>\n<td style=\"height: 72px\">Kleber Kruger<br \/>\nJuliana Wolf Pereira<br \/>\nAngelo Darci Molin Brun<br \/>\nGedson Faria<\/td>\n<\/tr>\n<tr style=\"height: 48px\">\n<td style=\"height: 48px\">2023-2025<\/td>\n<td style=\"height: 48px\"><a href=\"https:\/\/boletimoficial.ufms.br\/bse\/publicacao?id=510230\">PORTARIA No 1.628-RTR\/UFMS, DE 15 DE DEZEMBRO DE 2023.<\/a><\/td>\n<td style=\"height: 48px\">\n<ul>\n<li><a href=\"https:\/\/boletimoficial.ufms.br\/bse\/publicacao?id=504766\">2024-2026 &#8211; PORTARIA CPCX No 121\/2023.<\/a><\/li>\n<li><a href=\"https:\/\/boletimoficial.ufms.br\/bse\/publicacao?id=441378\" target=\"_blank\" rel=\"noopener\">2022-2024 &#8211; PORTARIA CPCX No 50\/2021.<\/a><\/li>\n<\/ul>\n<\/td>\n<\/tr>\n<tr style=\"height: 48px\">\n<td style=\"height: 48px\">2022-2023<\/td>\n<td style=\"height: 48px\">\n<ul>\n<li>Priscila Silva Martins (jan\/2022 &#8211; mar\/2023)<\/li>\n<li>Deivison da Silva Aguena (mar\/2023-dez\/2023)<\/li>\n<\/ul>\n<\/td>\n<td style=\"height: 48px\"><\/td>\n<\/tr>\n<tr style=\"height: 48px\">\n<td style=\"height: 48px\">2020-2022<\/td>\n<td style=\"height: 48px\">Priscila Silva Martins<\/td>\n<td style=\"height: 48px\"><\/td>\n<\/tr>\n<tr style=\"height: 48px\">\n<td style=\"height: 48px\">2018-2020<\/td>\n<td style=\"height: 48px\">\n<ul>\n<li>Gedson Faria (jan\/2018 &#8211; jun\/2018)<\/li>\n<li>Priscila Silva Martins (jun\/2018 &#8211; dez\/2020)<\/li>\n<\/ul>\n<\/td>\n<td style=\"height: 48px\"><\/td>\n<\/tr>\n<tr style=\"height: 24px\">\n<td style=\"height: 24px\">2016-2018<\/td>\n<td style=\"height: 24px\">Juliana Wolf Pereira<\/td>\n<td style=\"height: 24px\"><\/td>\n<\/tr>\n<tr style=\"height: 24px\">\n<td style=\"height: 24px\"><\/td>\n<td style=\"height: 24px\">Ekler Paulino de Mattos<\/td>\n<td style=\"height: 24px\"><\/td>\n<\/tr>\n<tr style=\"height: 24px\">\n<td style=\"height: 24px\"><\/td>\n<td style=\"height: 24px\">Deiviston da Silva Aguena<\/td>\n<td style=\"height: 24px\"><\/td>\n<\/tr>\n<\/tbody>\n<\/table>\n<p>&nbsp;<\/p>\n<table>\n<thead>\n<tr>\n<td><strong>Per\u00edodo<\/strong><\/td>\n<td><strong>Comiss\u00e3o de Est\u00e1gio (COE)<\/strong><\/td>\n<td><strong>N\u00facleo Docente Estruturante<\/strong><\/td>\n<\/tr>\n<\/thead>\n<tbody>\n<tr>\n<td>ATUAL<\/td>\n<td>Deiviston da Silva Aguena, presidente; Juliana Wolf Pereira Kleber Kruger Priscila Silva Martins Gustavo Martins G\u00f3es<\/td>\n<td>Kleber Kruger, presidente<br \/>\nDeiviston da Silva Aguena<br \/>\nGedson Faria<br \/>\nJuliana Wolf Pereira<br \/>\nPriscila Silva Martins<\/td>\n<\/tr>\n<tr>\n<td>2023-2025<\/td>\n<td><a href=\"https:\/\/boletimoficial.ufms.br\/bse\/publicacao?id=486752\">PORTARIA No 28, DE 18 DE ABRIL DE 2023.<\/a><\/td>\n<td><a href=\"https:\/\/boletimoficial.ufms.br\/bse\/publicacao?id=549072\">PORTARIA N\u00ba 17, DE 13 DE FEVEREIRO DE 2025.<\/a> <a href=\"https:\/\/boletimoficial.ufms.br\/bse\/publicacao?id=486679\">PORTARIA No 29, DE 17 DE ABRIL DE 2023.<\/a><\/td>\n<\/tr>\n<tr>\n<td>2022-2023<\/td>\n<td><\/td>\n<td><\/td>\n<\/tr>\n<tr>\n<td>2020-2022<\/td>\n<td><a href=\"https:\/\/boletimoficial.ufms.br\/bse\/publicacao?id=402501\">RESOLU\u00c7\u00c3O No 87, DE 21 DE AGOSTO DE 2020.<\/a><\/td>\n<td><a href=\"https:\/\/boletimoficial.ufms.br\/bse\/publicacao?id=402497\">INSTRU\u00c7\u00c3O DE SERVI\u00c7O 59, DE 21 DE AGOSTO DE 2020.<\/a><\/td>\n<\/tr>\n<tr>\n<td>reconstitui\u00e7\u00e3o<\/td>\n<td><a href=\"https:\/\/boletimoficial.ufms.br\/bse\/publicacao?id=375447\">RESOLU\u00c7\u00c3O No 214, DE 31 DE DEZEMBRO DE 2019.<\/a><\/td>\n<td><\/td>\n<\/tr>\n<tr>\n<td>2018-2020<\/td>\n<td><a href=\"https:\/\/boletimoficial.ufms.br\/bse\/publicacao?id=321296\">RESOLU\u00c7\u00c3O No 79, DE 07 DE JUNHO DE 2018.<\/a><\/td>\n<td><\/td>\n<\/tr>\n<tr>\n<td><\/td>\n<td>Ekler Paulino de Mattos<\/td>\n<td><\/td>\n<\/tr>\n<tr>\n<td><\/td>\n<td>Deiviston da Silva Aguena<\/td>\n<td><\/td>\n<\/tr>\n<\/tbody>\n<\/table>\n","protected":false},"excerpt":{"rendered":"<p>CONTATO: sinf.cpcx@ufms.br COORDENADOR: Prof. Kleber Kruger Per\u00edodo Coordenador Colegiado ATUAL Kleber Kruger Kleber Kruger Juliana Wolf Pereira Angelo Darci Molin Brun Gedson Faria 2023-2025 PORTARIA No 1.628-RTR\/UFMS, DE 15 DE DEZEMBRO DE 2023. 2024-2026 &#8211; PORTARIA CPCX No 121\/2023. 2022-2024 &#8211; PORTARIA CPCX No 50\/2021. 2022-2023 Priscila Silva Martins (jan\/2022 &#8211; mar\/2023) Deivison da Silva [&hellip;]<\/p>\n","protected":false},"author":27313,"featured_media":0,"parent":604,"menu_order":0,"comment_status":"closed","ping_status":"closed","template":"","meta":{"_eb_attr":"","ngg_post_thumbnail":0,"footnotes":""},"coauthors":[119],"class_list":["post-7434","page","type-page","status-publish","hentry"],"_links":{"self":[{"href":"https:\/\/cpcx.ufms.br\/en\/wp-json\/wp\/v2\/pages\/7434","targetHints":{"allow":["GET"]}}],"collection":[{"href":"https:\/\/cpcx.ufms.br\/en\/wp-json\/wp\/v2\/pages"}],"about":[{"href":"https:\/\/cpcx.ufms.br\/en\/wp-json\/wp\/v2\/types\/page"}],"author":[{"embeddable":true,"href":"https:\/\/cpcx.ufms.br\/en\/wp-json\/wp\/v2\/users\/27313"}],"replies":[{"embeddable":true,"href":"https:\/\/cpcx.ufms.br\/en\/wp-json\/wp\/v2\/comments?post=7434"}],"version-history":[{"count":24,"href":"https:\/\/cpcx.ufms.br\/en\/wp-json\/wp\/v2\/pages\/7434\/revisions"}],"predecessor-version":[{"id":12738,"href":"https:\/\/cpcx.ufms.br\/en\/wp-json\/wp\/v2\/pages\/7434\/revisions\/12738"}],"up":[{"embeddable":true,"href":"https:\/\/cpcx.ufms.br\/en\/wp-json\/wp\/v2\/pages\/604"}],"wp:attachment":[{"href":"https:\/\/cpcx.ufms.br\/en\/wp-json\/wp\/v2\/media?parent=7434"}],"wp:term":[{"taxonomy":"author","embeddable":true,"href":"https:\/\/cpcx.ufms.br\/en\/wp-json\/wp\/v2\/coauthors?post=7434"}],"curies":[{"name":"wp","href":"https:\/\/api.w.org\/{rel}","templated":true}]}}