{"id":7442,"date":"2022-02-21T10:33:32","date_gmt":"2022-02-21T14:33:32","guid":{"rendered":"https:\/\/cpcx.ufms.br\/?page_id=7442"},"modified":"2026-02-04T11:28:03","modified_gmt":"2026-02-04T15:28:03","slug":"coordenacao","status":"publish","type":"page","link":"https:\/\/cpcx.ufms.br\/en\/direito\/coordenacao\/","title":{"rendered":"Coordena\u00e7\u00e3o"},"content":{"rendered":"<p style=\"text-align: justify\" data-start=\"82\" data-end=\"297\">A Coordena\u00e7\u00e3o do Curso de Direito \u00e9 o \u00f3rg\u00e3o respons\u00e1vel pelo <strong>planejamento<\/strong>, <strong>acompanhamento<\/strong> e <strong>execu\u00e7\u00e3o<\/strong> das atividades acad\u00eamicas do curso, atuando como elo entre <strong>estudantes<\/strong>, <strong>docentes<\/strong> e a <strong>administra\u00e7\u00e3o da Universidade<\/strong>.<\/p>\n<p style=\"text-align: justify\" data-start=\"299\" data-end=\"743\">Compete \u00e0 Coordena\u00e7\u00e3o zelar pela<strong> qualidade do ensino<\/strong>, pelo cumprimento do <strong>Projeto Pedag\u00f3gico do Curso<\/strong> e pela observ\u00e2ncia das normas institucionais e legais que regem a gradua\u00e7\u00e3o em Direito. Entre suas atribui\u00e7\u00f5es est\u00e3o a organiza\u00e7\u00e3o da oferta de disciplinas, o acompanhamento do desempenho acad\u00eamico dos estudantes, o apoio \u00e0s atividades de ensino, pesquisa e extens\u00e3o, bem como a articula\u00e7\u00e3o com os \u00f3rg\u00e3os colegiados e setores administrativos.<\/p>\n<p style=\"text-align: justify\" data-start=\"745\" data-end=\"1031\">Cabe ainda \u00e0 Coordena\u00e7\u00e3o orientar alunos e professores em quest\u00f5es acad\u00eamicas, mediar demandas pedag\u00f3gicas, acompanhar processos de est\u00e1gio, atividades complementares e trabalhos de conclus\u00e3o de curso, al\u00e9m de promover a\u00e7\u00f5es que contribuam para a melhoria cont\u00ednua da forma\u00e7\u00e3o jur\u00eddica.<\/p>\n<p style=\"text-align: justify\" data-start=\"1033\" data-end=\"1253\">A Coordena\u00e7\u00e3o do Curso de Direito atua com compromisso institucional, transpar\u00eancia e di\u00e1logo, buscando assegurar uma forma\u00e7\u00e3o s\u00f3lida, \u00e9tica e alinhada \u00e0s exig\u00eancias sociais, profissionais e cient\u00edficas da \u00e1rea jur\u00eddica.<\/p>\n<hr>\n<table style=\"border-collapse: collapse;width: 100%;height: 141px\">\n<tbody>\n<tr style=\"height: 10px\">\n<td style=\"width: 4.76954%;height: 10px\">&nbsp;<\/td>\n<td style=\"text-align: center;height: 10px;width: 31.8637%\" colspan=\"3\">\n<h2 style=\"text-align: justify\"><strong>Coordenador do Curso<\/strong><\/h2>\n<\/td>\n<td style=\"width: 4.56914%;height: 10px\">&nbsp;<\/td>\n<\/tr>\n<tr style=\"height: 24px\">\n<td style=\"width: 4.76954%;height: 24px\">&nbsp;<\/td>\n<td style=\"text-align: center;width: 31.8637%;height: 24px\"><em>&nbsp;<\/em><\/td>\n<td style=\"width: 5.07013%;height: 24px\">&nbsp;<\/td>\n<td style=\"width: 53.6674%;height: 24px\">&nbsp;<\/td>\n<td style=\"width: 4.56914%;height: 24px\">&nbsp;<\/td>\n<\/tr>\n<tr style=\"height: 24px\">\n<td style=\"width: 4.76954%;height: 24px\">&nbsp;<\/td>\n<td style=\"text-align: center;width: 31.8637%;height: 83px\" rowspan=\"5\"><a href=\"https:\/\/cpcx.ufms.br\/files\/2025\/09\/55.png\"><img fetchpriority=\"high\" decoding=\"async\" class=\"alignnone size-medium wp-image-12151\" src=\"https:\/\/cpcx.ufms.br\/files\/2025\/09\/55-300x300.png\" alt=\"\" width=\"300\" height=\"300\" srcset=\"https:\/\/cpcx.ufms.br\/files\/2025\/09\/55-300x300.png 300w, https:\/\/cpcx.ufms.br\/files\/2025\/09\/55-1024x1024.png 1024w, https:\/\/cpcx.ufms.br\/files\/2025\/09\/55-150x150.png 150w, https:\/\/cpcx.ufms.br\/files\/2025\/09\/55-768x768.png 768w, https:\/\/cpcx.ufms.br\/files\/2025\/09\/55-320x320.png 320w, https:\/\/cpcx.ufms.br\/files\/2025\/09\/55.png 1080w\" sizes=\"(max-width: 300px) 100vw, 300px\" \/><\/a><\/td>\n<td style=\"width: 5.07013%;height: 24px\">&nbsp;<\/td>\n<td style=\"width: 53.6674%;height: 24px\">\n<h3>Prof. Dr. Tiago Andreotti e Silva<\/h3>\n<p><a href=\"http:\/\/lattes.cnpq.br\/5649166655994007\"><em>Curr\u00edculo Lattes<\/em><\/a><\/td>\n<td style=\"width: 4.56914%;height: 24px\">&nbsp;<\/td>\n<\/tr>\n<tr style=\"height: 15px\">\n<td style=\"width: 4.76954%;height: 15px\">&nbsp;<\/td>\n<td style=\"width: 5.07013%;height: 15px\">&nbsp;<\/td>\n<td style=\"width: 53.6674%;height: 15px\">&nbsp;<\/td>\n<td style=\"width: 4.56914%;height: 15px\">&nbsp;<\/td>\n<\/tr>\n<tr style=\"height: 10px\">\n<td style=\"width: 4.76954%;height: 10px\">&nbsp;<\/td>\n<td style=\"width: 5.07013%;height: 10px\">&nbsp;<\/td>\n<td style=\"width: 53.6674%;height: 10px\">\n<h4>GEST\u00c3O: Janeiro\/2026 a Janeiro\/2028<\/h4>\n<\/td>\n<td style=\"width: 4.56914%;height: 10px\">&nbsp;<\/td>\n<\/tr>\n<tr style=\"height: 24px\">\n<td style=\"width: 4.76954%;height: 24px\">&nbsp;<\/td>\n<td style=\"width: 5.07013%;height: 24px\">&nbsp;<\/td>\n<td style=\"width: 53.6674%;height: 24px\">&nbsp;<\/td>\n<td style=\"width: 4.56914%;height: 24px\">&nbsp;<\/td>\n<\/tr>\n<tr style=\"height: 10px\">\n<td style=\"width: 4.76954%;height: 10px\">&nbsp;<\/td>\n<td style=\"width: 5.07013%;height: 10px\">&nbsp;<\/td>\n<td style=\"width: 53.6674%;height: 10px\">\n<h4><strong>CONTATO: <a href=\"mailto:tiago.andreotti@ufms.br\">tiago.andreotti@ufms.br<\/a> \/ <a href=\"mailto:dir.cpcx@ufms.br\">dir.cpcx@ufms.br<\/a><\/strong><\/h4>\n<\/td>\n<td style=\"width: 4.56914%;height: 10px\">&nbsp;<\/td>\n<\/tr>\n<tr style=\"height: 24px\">\n<td style=\"width: 4.76954%;height: 24px\">&nbsp;<\/td>\n<td style=\"width: 31.8637%;height: 24px\">&nbsp;<\/td>\n<td style=\"width: 5.07013%;height: 24px\">&nbsp;<\/td>\n<td style=\"width: 53.6674%;height: 24px\">&nbsp;<\/td>\n<td style=\"width: 4.56914%;height: 24px\">&nbsp;<\/td>\n<\/tr>\n<\/tbody>\n<\/table>\n<hr>\n<div class=\"panel panel-default\">\n\t\t\t\t<div class=\"panel-heading\">\n\t\t\t\t\t<h4 class=\"panel-title\">\n\t\t\t\t\t\t<a class=\"collapsed\" data-toggle=\"collapse\" data-parent=\"#single-collapse\" href=\"#single-collapse-0\">Hist\u00f3rico de Coordenadores<\/a>\n\t\t\t\t\t<\/h4>\n\t\t\t\t<\/div>\n\t\t\t\t<div id=\"single-collapse-0\" class=\"panel-collapse collapse\">\n\t\t\t\t\t<div class=\"panel-body\">\n<table style=\"border-collapse: collapse;width: 100%;height: 120px\">\n<tbody>\n<tr style=\"height: 24px\">\n<td style=\"width: 4.55912%;height: 24px\">&nbsp;<\/td>\n<td style=\"width: 32.4148%;height: 24px\">&nbsp;<\/td>\n<td style=\"width: 4.85977%;height: 24px\">&nbsp;<\/td>\n<td style=\"width: 54.1332%;height: 24px\">&nbsp;<\/td>\n<td style=\"width: 4.033%;height: 24px\">&nbsp;<\/td>\n<\/tr>\n<tr style=\"height: 24px\">\n<td style=\"width: 4.55912%;height: 24px\">&nbsp;<\/td>\n<td style=\"width: 32.4148%;height: 24px;text-align: center\"><a href=\"https:\/\/cpcx.ufms.br\/files\/2025\/09\/51.png\"><img decoding=\"async\" class=\"wp-image-12147 size-thumbnail aligncenter\" src=\"https:\/\/cpcx.ufms.br\/files\/2025\/09\/51-150x150.png\" alt=\"\" width=\"150\" height=\"150\" srcset=\"https:\/\/cpcx.ufms.br\/files\/2025\/09\/51-150x150.png 150w, https:\/\/cpcx.ufms.br\/files\/2025\/09\/51-300x300.png 300w, https:\/\/cpcx.ufms.br\/files\/2025\/09\/51-1024x1024.png 1024w, https:\/\/cpcx.ufms.br\/files\/2025\/09\/51-768x768.png 768w, https:\/\/cpcx.ufms.br\/files\/2025\/09\/51-320x320.png 320w, https:\/\/cpcx.ufms.br\/files\/2025\/09\/51.png 1080w\" sizes=\"(max-width: 150px) 100vw, 150px\" \/><\/a><\/td>\n<td style=\"width: 4.85977%;height: 24px\">&nbsp;<\/td>\n<td style=\"width: 54.1332%;height: 24px\">\n<h3>Prof. Dr. Gustavo Santiago Torrecilha Cancio<\/h3>\n<h4><span style=\"font-size: 10pt\">GEST\u00c3O: Janeiro\/2024 a Janeiro\/2026<\/span><\/h4>\n<\/td>\n<td style=\"width: 4.033%;height: 24px\">&nbsp;<\/td>\n<\/tr>\n<tr style=\"height: 24px\">\n<td style=\"width: 4.55912%;height: 24px\">&nbsp;<\/td>\n<td style=\"width: 32.4148%;text-align: center;height: 24px\">&nbsp;<\/td>\n<td style=\"width: 4.85977%;height: 24px\">&nbsp;<\/td>\n<td style=\"width: 54.1332%;height: 24px\">&nbsp;<\/td>\n<td style=\"width: 4.033%;height: 24px\">&nbsp;<\/td>\n<\/tr>\n<tr style=\"height: 24px\">\n<td style=\"width: 4.55912%;height: 24px\">&nbsp;<\/td>\n<td style=\"width: 32.4148%;text-align: center;height: 24px\"><a href=\"https:\/\/cpcx.ufms.br\/files\/2026\/02\/Francisco.png\"><img decoding=\"async\" class=\"aligncenter wp-image-13495 size-thumbnail\" src=\"https:\/\/cpcx.ufms.br\/files\/2026\/02\/Francisco-150x150.png\" alt=\"\" width=\"150\" height=\"150\" srcset=\"https:\/\/cpcx.ufms.br\/files\/2026\/02\/Francisco-150x150.png 150w, https:\/\/cpcx.ufms.br\/files\/2026\/02\/Francisco-300x300.png 300w, https:\/\/cpcx.ufms.br\/files\/2026\/02\/Francisco-1024x1024.png 1024w, https:\/\/cpcx.ufms.br\/files\/2026\/02\/Francisco-768x768.png 768w, https:\/\/cpcx.ufms.br\/files\/2026\/02\/Francisco-320x320.png 320w, https:\/\/cpcx.ufms.br\/files\/2026\/02\/Francisco.png 1080w\" sizes=\"(max-width: 150px) 100vw, 150px\" \/><\/a><\/td>\n<td style=\"width: 4.85977%;height: 24px\">&nbsp;<\/td>\n<td style=\"width: 54.1332%;height: 24px\">\n<h3>Prof. Dr. Francisco Il\u00eddio Ferreira Rocha<\/h3>\n<h4><span style=\"font-size: 10pt\">GEST\u00c3O: Janeiro\/2022-Janeiro\/2024<\/span><\/h4>\n<\/td>\n<td style=\"width: 4.033%;height: 24px\">&nbsp;<\/td>\n<\/tr>\n<tr>\n<td style=\"width: 4.55912%\">&nbsp;<\/td>\n<td style=\"width: 32.4148%;text-align: center\">&nbsp;<\/td>\n<td style=\"width: 4.85977%\">&nbsp;<\/td>\n<td style=\"width: 54.1332%\">&nbsp;<\/td>\n<td style=\"width: 4.033%\">&nbsp;<\/td>\n<\/tr>\n<tr style=\"height: 24px\">\n<td style=\"width: 4.55912%;height: 24px\">&nbsp;<\/td>\n<td style=\"width: 32.4148%;height: 24px\"><a href=\"https:\/\/cpcx.ufms.br\/files\/2025\/09\/50.png\"><img loading=\"lazy\" decoding=\"async\" class=\"wp-image-12146 size-thumbnail aligncenter\" src=\"https:\/\/cpcx.ufms.br\/files\/2025\/09\/50-150x150.png\" alt=\"\" width=\"150\" height=\"150\" srcset=\"https:\/\/cpcx.ufms.br\/files\/2025\/09\/50-150x150.png 150w, https:\/\/cpcx.ufms.br\/files\/2025\/09\/50-300x300.png 300w, https:\/\/cpcx.ufms.br\/files\/2025\/09\/50-1024x1024.png 1024w, https:\/\/cpcx.ufms.br\/files\/2025\/09\/50-768x768.png 768w, https:\/\/cpcx.ufms.br\/files\/2025\/09\/50-320x320.png 320w, https:\/\/cpcx.ufms.br\/files\/2025\/09\/50.png 1080w\" sizes=\"(max-width: 150px) 100vw, 150px\" \/><\/a><\/td>\n<td style=\"width: 4.85977%;height: 24px\">&nbsp;<\/td>\n<td style=\"width: 54.1332%;height: 24px\">\n<h3>Prof. Dr. Francisco Il\u00eddio Ferreira Rocha<\/h3>\n<h4><span style=\"font-size: 10pt\">GEST\u00c3O: Janeiro\/2020-Janeiro\/2022<\/span><\/h4>\n<\/td>\n<td style=\"width: 4.033%;height: 24px\">&nbsp;<\/td>\n<\/tr>\n<\/tbody>\n<\/table>\n<\/div>\n\t\t\t\t<\/div>\n\t\t\t<\/div>\n","protected":false},"excerpt":{"rendered":"<p>A Coordena\u00e7\u00e3o do Curso de Direito \u00e9 o \u00f3rg\u00e3o respons\u00e1vel pelo planejamento, acompanhamento e execu\u00e7\u00e3o das atividades acad\u00eamicas do curso, atuando como elo entre estudantes, docentes e a administra\u00e7\u00e3o da Universidade. Compete \u00e0 Coordena\u00e7\u00e3o zelar pela qualidade do ensino, pelo cumprimento do Projeto Pedag\u00f3gico do Curso e pela observ\u00e2ncia das normas institucionais e legais que [&hellip;]<\/p>\n","protected":false},"author":27313,"featured_media":0,"parent":5122,"menu_order":0,"comment_status":"closed","ping_status":"closed","template":"","meta":{"_eb_attr":"","ngg_post_thumbnail":0,"footnotes":""},"coauthors":[119,116],"class_list":["post-7442","page","type-page","status-publish","hentry"],"_links":{"self":[{"href":"https:\/\/cpcx.ufms.br\/en\/wp-json\/wp\/v2\/pages\/7442","targetHints":{"allow":["GET"]}}],"collection":[{"href":"https:\/\/cpcx.ufms.br\/en\/wp-json\/wp\/v2\/pages"}],"about":[{"href":"https:\/\/cpcx.ufms.br\/en\/wp-json\/wp\/v2\/types\/page"}],"author":[{"embeddable":true,"href":"https:\/\/cpcx.ufms.br\/en\/wp-json\/wp\/v2\/users\/27313"}],"replies":[{"embeddable":true,"href":"https:\/\/cpcx.ufms.br\/en\/wp-json\/wp\/v2\/comments?post=7442"}],"version-history":[{"count":11,"href":"https:\/\/cpcx.ufms.br\/en\/wp-json\/wp\/v2\/pages\/7442\/revisions"}],"predecessor-version":[{"id":13501,"href":"https:\/\/cpcx.ufms.br\/en\/wp-json\/wp\/v2\/pages\/7442\/revisions\/13501"}],"up":[{"embeddable":true,"href":"https:\/\/cpcx.ufms.br\/en\/wp-json\/wp\/v2\/pages\/5122"}],"wp:attachment":[{"href":"https:\/\/cpcx.ufms.br\/en\/wp-json\/wp\/v2\/media?parent=7442"}],"wp:term":[{"taxonomy":"author","embeddable":true,"href":"https:\/\/cpcx.ufms.br\/en\/wp-json\/wp\/v2\/coauthors?post=7442"}],"curies":[{"name":"wp","href":"https:\/\/api.w.org\/{rel}","templated":true}]}}