{"id":813,"date":"2015-03-24T16:09:24","date_gmt":"2015-03-24T20:09:24","guid":{"rendered":"http:\/\/cpcx.draconis.ufms.br\/?page_id=813"},"modified":"2019-04-26T20:53:50","modified_gmt":"2019-04-27T00:53:50","slug":"talentw","status":"publish","type":"page","link":"https:\/\/cpcx.ufms.br\/en\/sistemas-de-informacao\/talentw\/","title":{"rendered":"Projeto TalentW"},"content":{"rendered":"<p align=\"center\"><a href=\"http:\/\/cpcx.draconis.ufms.br\/files\/2015\/03\/Logo_TalentW-1024x466.jpg\"><img fetchpriority=\"high\" decoding=\"async\" class=\"aligncenter wp-image-845 \" src=\"http:\/\/cpcx.draconis.ufms.br\/files\/2015\/03\/Logo_TalentW-1024x466.jpg\" alt=\"Logo_TalentW-1024x466\" width=\"412\" height=\"188\"><\/a><\/p>\n<p><a href=\"http:\/\/www.talentw.ufms.br\/\" target=\"_blank\" rel=\"noopener noreferrer\">Site TalentW<\/a><\/p>\n<p align=\"justify\">A TalentW \u00e9&nbsp;um projeto coordenado atualmente pelo Prof. Me. Angelo Darcy Molin Brun, e teve in\u00edcio em 2011 coordenado pelo Prof. Me. Deiviston da Silva Aguena.<\/p>\n<p align=\"justify\">O projeto busca integrar ao acad\u00eamico, que&nbsp;ainda cursa a&nbsp;gradua\u00e7\u00e3o,&nbsp;a oportunidade de participar de projetos reais de engenharia de software. Isso \u00e9&nbsp;um diferencial valioso para o in\u00edcio da futura carreira profissional, pois ter experi\u00eancia em projetos anteriores muitas vezes \u00e9 um pr\u00e9-requisito para boas vagas de trabalho. \u00c9 neste contexto que o projeto TalentW se enquadra. A dissemina\u00e7\u00e3o de conhecimento n\u00e3o se limita apenas \u00e0queles que participam diretamente no projeto, mas tamb\u00e9m aos demais acad\u00eamicos atrav\u00e9s de Workshops ofertados pelos membros da equipe.<\/p>\n<p align=\"justify\"><strong>Parcerias e Projetos desenvolvidos:<\/strong><\/p>\n<p align=\"justify\">Dentro destes quatro&nbsp;anos de projeto, muitas foram \u00e0s conquistas. Foi entregue o Portal de not\u00edcias da FESP \u2013 Funda\u00e7\u00e3o Estatal de Sa\u00fade do Pantanal, onde toda a regi\u00e3o (Coxim, Sonora, Rio Verde, S\u00e3o Gabriel, Alcin\u00f3polis, Pedro Gomes, entre outras, atendidas pela FESP) foi beneficiada por meio de um portal \u00fatil que promove o acesso centralizado a importantes informa\u00e7\u00f5es sobre tratamentos de sa\u00fade.<\/p>\n<p align=\"justify\">Foi homologada a aplica\u00e7\u00e3o encomendada pela empresa local Space Fitness que trata-se de um aplicativo inovador, constru\u00eddo para dispositivos m\u00f3veis do tipo tablet\u2019s. Foram mais de 200 horas, apenas de grava\u00e7\u00e3o e edi\u00e7\u00e3o de v\u00eddeos e mais 10 meses de desenvolvimento at\u00e9 a vers\u00e3o de homologa\u00e7\u00e3o. Este aplicativo auxiliar\u00e1 seus usu\u00e1rios na compreens\u00e3o das corretas execu\u00e7\u00f5es de exerc\u00edcios f\u00edsicos, diminuindo o risco de les\u00f5es e acidentes, al\u00e9m de ofertar dicas de sa\u00fade, alimenta\u00e7\u00e3o, dieta, suplementa\u00e7\u00e3o e outros assuntos de interesse das pessoas que est\u00e3o preocupadas com a pr\u00e1tica de esportes e sua sa\u00fade.<\/p>\n<p align=\"justify\">Em parceira com a empresa Lara Software (Codate) de Campinas\/SP, a TalentW trabalha em M\u00f3dulos GRP (Government Resource Planning) no seguimento e-Gov, em sistemas que est\u00e3o sendo utilizados no estado de MS, MT e ES.<\/p>\n<p align=\"justify\">O projeto de software mais recente da equipe tem como tema agricultura de precis\u00e3o. Este est\u00e1 sendo desenvolvido em parceria com a Codate e tem como cliente a empresa MS-Integra\u00e7\u00e3o, que \u00e9 especializada em consultoria de agroneg\u00f3cio. O grande destaque \u00e9 a utiliza\u00e7\u00e3o do padr\u00e3o MVVM (Model View ViewModel), ainda pouco utilizado no Brasil.<\/p>\n<p align=\"justify\"><a href=\"http:\/\/cpcx.draconis.ufms.br\/files\/2015\/03\/Talent2015.jpg\"><img decoding=\"async\" class=\"aligncenter wp-image-1468 \" src=\"http:\/\/cpcx.draconis.ufms.br\/files\/2015\/03\/Talent2015.jpg\" alt=\"Talent2015\" width=\"706\" height=\"422\"><\/a><\/p>\n<p style=\"text-align: center\" align=\"justify\"><strong>Equipe 2015:<\/strong>&nbsp;Aline, Daiane, Criseverthon, Dener, Vagner, \u00c9rika, Angelo (coordenador), Diego, Gustavo e Tainan.<\/p>\n<p style=\"text-align: center\" align=\"justify\"><a href=\"http:\/\/cpcx.draconis.ufms.br\/files\/2015\/03\/talentw.jpg\"><img decoding=\"async\" class=\"alignnone wp-image-846 \" src=\"http:\/\/cpcx.draconis.ufms.br\/files\/2015\/03\/talentw.jpg\" alt=\"talentw\" width=\"568\" height=\"426\"><\/a><\/p>\n<p style=\"text-align: center\" align=\"justify\"><strong>Equipe 2013\/2014:<\/strong>&nbsp;Gilberto Le\u00e3o, Dener Alves,&nbsp;Aline Garcia, Gustavo Maruyama,&nbsp;Adriana &nbsp;Nunes e Deiviston &nbsp;Aguena (coordenador).<\/p>\n","protected":false},"excerpt":{"rendered":"<p>Site TalentW A TalentW \u00e9&nbsp;um projeto coordenado atualmente pelo Prof. Me. Angelo Darcy Molin Brun, e teve in\u00edcio em 2011 coordenado pelo Prof. Me. Deiviston da Silva Aguena. O projeto busca integrar ao acad\u00eamico, que&nbsp;ainda cursa a&nbsp;gradua\u00e7\u00e3o,&nbsp;a oportunidade de participar de projetos reais de engenharia de software. Isso \u00e9&nbsp;um diferencial valioso para o in\u00edcio da [&hellip;]<\/p>\n","protected":false},"author":60,"featured_media":0,"parent":604,"menu_order":0,"comment_status":"closed","ping_status":"open","template":"page-templates\/page-subcoordenadoria.php","meta":{"_eb_attr":"","ngg_post_thumbnail":0,"footnotes":""},"coauthors":[],"class_list":["post-813","page","type-page","status-publish","hentry"],"_links":{"self":[{"href":"https:\/\/cpcx.ufms.br\/en\/wp-json\/wp\/v2\/pages\/813","targetHints":{"allow":["GET"]}}],"collection":[{"href":"https:\/\/cpcx.ufms.br\/en\/wp-json\/wp\/v2\/pages"}],"about":[{"href":"https:\/\/cpcx.ufms.br\/en\/wp-json\/wp\/v2\/types\/page"}],"author":[{"embeddable":true,"href":"https:\/\/cpcx.ufms.br\/en\/wp-json\/wp\/v2\/users\/60"}],"replies":[{"embeddable":true,"href":"https:\/\/cpcx.ufms.br\/en\/wp-json\/wp\/v2\/comments?post=813"}],"version-history":[{"count":20,"href":"https:\/\/cpcx.ufms.br\/en\/wp-json\/wp\/v2\/pages\/813\/revisions"}],"predecessor-version":[{"id":13090,"href":"https:\/\/cpcx.ufms.br\/en\/wp-json\/wp\/v2\/pages\/813\/revisions\/13090"}],"up":[{"embeddable":true,"href":"https:\/\/cpcx.ufms.br\/en\/wp-json\/wp\/v2\/pages\/604"}],"wp:attachment":[{"href":"https:\/\/cpcx.ufms.br\/en\/wp-json\/wp\/v2\/media?parent=813"}],"wp:term":[{"taxonomy":"author","embeddable":true,"href":"https:\/\/cpcx.ufms.br\/en\/wp-json\/wp\/v2\/coauthors?post=813"}],"curies":[{"name":"wp","href":"https:\/\/api.w.org\/{rel}","templated":true}]}}