{"id":8887,"date":"2023-03-22T15:47:34","date_gmt":"2023-03-22T19:47:34","guid":{"rendered":"https:\/\/cpcx.ufms.br\/?page_id=8887"},"modified":"2025-11-01T22:47:39","modified_gmt":"2025-11-02T02:47:39","slug":"passaporte-temporario","status":"publish","type":"page","link":"https:\/\/cpcx.ufms.br\/en\/suporte-de-ti\/passaporte-temporario\/","title":{"rendered":"Passaporte Temp\u00f3rario"},"content":{"rendered":"<p style=\"text-align: justify\" data-start=\"200\" data-end=\"408\">O <strong data-start=\"202\" data-end=\"227\">Passaporte Tempor\u00e1rio<\/strong> \u00e9 o meio utilizado para permitir o <strong data-start=\"263\" data-end=\"300\">acesso de pessoas externas \u00e0 UFMS<\/strong> aos computadores e demais equipamentos dispon\u00edveis nos <strong data-start=\"356\" data-end=\"386\">laborat\u00f3rios e bibliotecas<\/strong> do C\u00e2mpus de Coxim.<\/p>\n<p style=\"text-align: justify\" data-start=\"410\" data-end=\"609\">A partir de agora, <strong data-start=\"429\" data-end=\"475\">todas as solicita\u00e7\u00f5es de acesso tempor\u00e1rio<\/strong> dever\u00e3o ser realizadas por meio da <strong data-start=\"511\" data-end=\"606\">abertura de um chamado \u00e0 AGETIC (Ag\u00eancia de Tecnologia da Informa\u00e7\u00e3o e Comunica\u00e7\u00e3o da UFMS)<\/strong>.<\/p>\n<p data-start=\"410\" data-end=\"609\"><div class=\"panel panel-default\">\n\t\t\t\t<div class=\"panel-heading\">\n\t\t\t\t\t<h4 class=\"panel-title\">\n\t\t\t\t\t\t<a class=\"\" data-toggle=\"collapse\" data-parent=\"#single-collapse\" href=\"#single-collapse-0\">O chamado deve conter as seguintes informa\u00e7\u00f5es<\/a>\n\t\t\t\t\t<\/h4>\n\t\t\t\t<\/div>\n\t\t\t\t<div id=\"single-collapse-0\" class=\"panel-collapse in\">\n\t\t\t\t\t<div class=\"panel-body\">\n<ul>\n<li style=\"text-align: justify\" data-start=\"410\" data-end=\"609\"><strong data-start=\"664\" data-end=\"685\">T\u00edtulo do evento:<\/strong> nome do curso, treinamento, oficina ou atividade a ser realizada;<\/li>\n<li style=\"text-align: justify\" data-start=\"410\" data-end=\"609\"><strong data-start=\"756\" data-end=\"780\">Descri\u00e7\u00e3o do evento:<\/strong> breve explica\u00e7\u00e3o sobre o objetivo e o p\u00fablico participante;<\/li>\n<li style=\"text-align: justify\" data-start=\"410\" data-end=\"609\"><strong data-start=\"845\" data-end=\"871\">Per\u00edodo de realiza\u00e7\u00e3o:<\/strong> datas e hor\u00e1rios previstos;<\/li>\n<li style=\"text-align: justify\" data-start=\"410\" data-end=\"609\"><strong data-start=\"904\" data-end=\"929\">Servidor respons\u00e1vel:<\/strong> nome completo e unidade de lota\u00e7\u00e3o do servidor que acompanhar\u00e1 a atividade;<\/li>\n<li style=\"text-align: justify\" data-start=\"410\" data-end=\"609\"><strong data-start=\"1010\" data-end=\"1048\">Rela\u00e7\u00e3o dos participantes externos<\/strong>, contendo obrigatoriamente:\n<ul>\n<li data-start=\"410\" data-end=\"609\">Nome completo;<\/li>\n<li data-start=\"410\" data-end=\"609\">CPF;<\/li>\n<li data-start=\"410\" data-end=\"609\">E-mail de uso.<\/li>\n<\/ul>\n<\/li>\n<\/ul>\n<p style=\"text-align: justify\" data-start=\"1133\" data-end=\"1298\">Essas informa\u00e7\u00f5es s\u00e3o essenciais para que a AGETIC possa criar os acessos tempor\u00e1rios e garantir a seguran\u00e7a e o controle de uso dos recursos tecnol\u00f3gicos da UFMS.<\/p>\n<p data-start=\"410\" data-end=\"609\"><\/div>\n\t\t\t\t<\/div>\n\t\t\t<\/div>\n","protected":false},"excerpt":{"rendered":"<p>O Passaporte Tempor\u00e1rio \u00e9 o meio utilizado para permitir o acesso de pessoas externas \u00e0 UFMS aos computadores e demais equipamentos dispon\u00edveis nos laborat\u00f3rios e bibliotecas do C\u00e2mpus de Coxim. A partir de agora, todas as solicita\u00e7\u00f5es de acesso tempor\u00e1rio dever\u00e3o ser realizadas por meio da abertura de um chamado \u00e0 AGETIC (Ag\u00eancia de Tecnologia [&hellip;]<\/p>\n","protected":false},"author":55297,"featured_media":0,"parent":2664,"menu_order":0,"comment_status":"closed","ping_status":"closed","template":"page-templates\/page-coordenadorias.php","meta":{"_eb_attr":"","ngg_post_thumbnail":0,"footnotes":""},"coauthors":[124,116],"class_list":["post-8887","page","type-page","status-publish","hentry"],"_links":{"self":[{"href":"https:\/\/cpcx.ufms.br\/en\/wp-json\/wp\/v2\/pages\/8887","targetHints":{"allow":["GET"]}}],"collection":[{"href":"https:\/\/cpcx.ufms.br\/en\/wp-json\/wp\/v2\/pages"}],"about":[{"href":"https:\/\/cpcx.ufms.br\/en\/wp-json\/wp\/v2\/types\/page"}],"author":[{"embeddable":true,"href":"https:\/\/cpcx.ufms.br\/en\/wp-json\/wp\/v2\/users\/55297"}],"replies":[{"embeddable":true,"href":"https:\/\/cpcx.ufms.br\/en\/wp-json\/wp\/v2\/comments?post=8887"}],"version-history":[{"count":4,"href":"https:\/\/cpcx.ufms.br\/en\/wp-json\/wp\/v2\/pages\/8887\/revisions"}],"predecessor-version":[{"id":13154,"href":"https:\/\/cpcx.ufms.br\/en\/wp-json\/wp\/v2\/pages\/8887\/revisions\/13154"}],"up":[{"embeddable":true,"href":"https:\/\/cpcx.ufms.br\/en\/wp-json\/wp\/v2\/pages\/2664"}],"wp:attachment":[{"href":"https:\/\/cpcx.ufms.br\/en\/wp-json\/wp\/v2\/media?parent=8887"}],"wp:term":[{"taxonomy":"author","embeddable":true,"href":"https:\/\/cpcx.ufms.br\/en\/wp-json\/wp\/v2\/coauthors?post=8887"}],"curies":[{"name":"wp","href":"https:\/\/api.w.org\/{rel}","templated":true}]}}