{"id":8921,"date":"2023-03-29T09:28:45","date_gmt":"2023-03-29T13:28:45","guid":{"rendered":"https:\/\/cpcx.ufms.br\/?page_id=8921"},"modified":"2024-03-01T08:57:35","modified_gmt":"2024-03-01T12:57:35","slug":"regulamento-de-estagios","status":"publish","type":"page","link":"https:\/\/cpcx.ufms.br\/en\/regulamento-de-estagios\/","title":{"rendered":"Orienta\u00e7\u00f5es para Est\u00e1gio"},"content":{"rendered":"<a href=\"https:\/\/cpcx.ufms.br\/files\/2023\/03\/Regulamento-de-Estagio-1.pdf\" class=\"pdfemb-viewer\" style=\"\" data-width=\"max\" data-height=\"max\" data-toolbar=\"bottom\" data-toolbar-fixed=\"off\">Regulamento de Est\u00e1gio<\/a>\n<p><a href=\"https:\/\/cpcx.ufms.br\/files\/2023\/03\/Regulamento-de-Estagio-1.pdf\">Download<\/a><\/p>\n","protected":false},"excerpt":{"rendered":"<p>Download<\/p>\n","protected":false},"author":55297,"featured_media":0,"parent":0,"menu_order":0,"comment_status":"closed","ping_status":"closed","template":"","meta":{"_eb_attr":"","ngg_post_thumbnail":0,"footnotes":""},"coauthors":[],"class_list":["post-8921","page","type-page","status-publish","hentry"],"_links":{"self":[{"href":"https:\/\/cpcx.ufms.br\/en\/wp-json\/wp\/v2\/pages\/8921","targetHints":{"allow":["GET"]}}],"collection":[{"href":"https:\/\/cpcx.ufms.br\/en\/wp-json\/wp\/v2\/pages"}],"about":[{"href":"https:\/\/cpcx.ufms.br\/en\/wp-json\/wp\/v2\/types\/page"}],"author":[{"embeddable":true,"href":"https:\/\/cpcx.ufms.br\/en\/wp-json\/wp\/v2\/users\/55297"}],"replies":[{"embeddable":true,"href":"https:\/\/cpcx.ufms.br\/en\/wp-json\/wp\/v2\/comments?post=8921"}],"version-history":[{"count":6,"href":"https:\/\/cpcx.ufms.br\/en\/wp-json\/wp\/v2\/pages\/8921\/revisions"}],"predecessor-version":[{"id":9980,"href":"https:\/\/cpcx.ufms.br\/en\/wp-json\/wp\/v2\/pages\/8921\/revisions\/9980"}],"wp:attachment":[{"href":"https:\/\/cpcx.ufms.br\/en\/wp-json\/wp\/v2\/media?parent=8921"}],"wp:term":[{"taxonomy":"author","embeddable":true,"href":"https:\/\/cpcx.ufms.br\/en\/wp-json\/wp\/v2\/coauthors?post=8921"}],"curies":[{"name":"wp","href":"https:\/\/api.w.org\/{rel}","templated":true}]}}