{"id":902,"date":"2015-03-30T07:50:18","date_gmt":"2015-03-30T11:50:18","guid":{"rendered":"http:\/\/cpcx.draconis.ufms.br\/?page_id=902"},"modified":"2025-11-02T00:07:56","modified_gmt":"2025-11-02T04:07:56","slug":"secretaria-academica","status":"publish","type":"page","link":"https:\/\/cpcx.ufms.br\/en\/secretaria-academica\/","title":{"rendered":"Secretaria Acad\u00eamica"},"content":{"rendered":"<p style=\"text-align: justify\" data-start=\"939\" data-end=\"1155\">A <strong data-start=\"941\" data-end=\"986\">Secretaria do C\u00e2mpus de Coxim (CPCX\/UFMS)<\/strong> est\u00e1 comprometida em <strong data-start=\"2546\" data-end=\"2597\">prestar atendimento \u00e1gil, eficiente e acolhedor<\/strong>, garantindo que todos os estudantes e usu\u00e1rios tenham acesso \u00e0s informa\u00e7\u00f5es e servi\u00e7os com respeito e qualidade.<\/p>\n<table style=\"border-collapse: collapse;width: 100%;height: 10px\">\n<tbody>\n<tr style=\"height: 10px\">\n<td style=\"width: 100%;height: 10px\">&nbsp;<\/td>\n<\/tr>\n<\/tbody>\n<\/table>\n<div class=\"panel-group\" id=\"custom-collapse-0\">\n<div class=\"panel panel-default\">\n\t\t\t\t<div class=\"panel-heading\">\n\t\t\t\t\t<h4 class=\"panel-title\">\n\t\t\t\t\t\t<a class=\"\" data-toggle=\"collapse\" data-parent=\"#custom-collapse-0\" href=\"#custom-collapse-0-0\">Servi\u00e7os Oferecidos<\/a>\n\t\t\t\t\t<\/h4>\n\t\t\t\t<\/div>\n\t\t\t\t<div id=\"custom-collapse-0-0\" class=\"panel-collapse in\">\n\t\t\t\t\t<div class=\"panel-body\">\n<ul class=\"list-group\">\n<li   class=\"list-group-item\">\n<strong>Matr\u00edcula<\/strong>, <strong>renova\u00e7\u00e3o de matr\u00edcula<\/strong> e <strong>sele\u00e7\u00e3o de disciplinas<\/strong>.<br \/>\n<\/li>\n<li   class=\"list-group-item\">\n<strong>Emiss\u00e3o<\/strong> de <strong>comprovantes<\/strong> e <strong>hist\u00f3ricos escolares<\/strong>.<br \/>\n<\/li>\n<li   class=\"list-group-item\">\n<strong>Aproveitamento<\/strong> de <strong>estudos<\/strong> e <strong>reconhecimento de disciplinas<\/strong>.<br \/>\n<\/li>\n<li   class=\"list-group-item\">\n<strong>Atendimento a<\/strong> <strong>requerimentos acad\u00eamicos<\/strong>, como mudan\u00e7a de curso ou regime.<br \/>\n<\/li>\n<li   class=\"list-group-item\">\n<strong>Informa\u00e7\u00e3o<\/strong>, <strong>orienta\u00e7\u00e3o<\/strong> e <strong>apoio aos acad\u00eamicos<\/strong> quanto aos regulamentos institucionais, regimes de exerc\u00edcio e normas internas.<br \/>\n<\/li>\n<li   class=\"list-group-item\">\nEncaminhamento para <strong>apoio de perman\u00eancia estudantil<\/strong> (<strong>assist\u00eancia estudantil<\/strong>) em conjunto com a universidade.<br \/>\n<\/li>\n<\/ul>\n<\/div>\n\t\t\t\t<\/div>\n\t\t\t<\/div>\n<div class=\"panel panel-default\">\n\t\t\t\t<div class=\"panel-heading\">\n\t\t\t\t\t<h4 class=\"panel-title\">\n\t\t\t\t\t\t<a class=\"\" data-toggle=\"collapse\" data-parent=\"#custom-collapse-0\" href=\"#custom-collapse-0-1\">Orienta\u00e7\u00f5es \u00fateis<\/a>\n\t\t\t\t\t<\/h4>\n\t\t\t\t<\/div>\n\t\t\t\t<div id=\"custom-collapse-0-1\" class=\"panel-collapse in\">\n\t\t\t\t\t<div class=\"panel-body\">\n<p style=\"text-align: justify\"><ul class=\"list-group\">\n<li   class=\"list-group-item\">\nVerifique os <strong data-start=\"1971\" data-end=\"2006\">prazos de matr\u00edcula e renova\u00e7\u00e3o<\/strong> para n\u00e3o perder etapas importantes.<br \/>\n<\/li>\n<li   class=\"list-group-item\">\nMantenha seu <strong data-start=\"2098\" data-end=\"2121\">cadastro atualizado<\/strong> junto \u00e0 secretaria para garantir acesso aos servi\u00e7os e convoca\u00e7\u00f5es.<br \/>\n<\/li>\n<li   class=\"list-group-item\">\nPara emiss\u00e3o de documentos ou requerimentos, verifique se h\u00e1 formul\u00e1rios espec\u00edficos ou se o atendimento exige agendamento pr\u00e9vio.<br \/>\n<\/li>\n<li   class=\"list-group-item\">\nD\u00favidas frequentes podem ser atendidas por telefone ou e-mail; para atendimento presencial, atente-se aos hor\u00e1rios informados acima.<br \/>\n<\/li>\n<\/ul>\n<\/div>\n\t\t\t\t<\/div>\n\t\t\t<\/div>\n<div class=\"panel panel-default\">\n\t\t\t\t<div class=\"panel-heading\">\n\t\t\t\t\t<h4 class=\"panel-title\">\n\t\t\t\t\t\t<a class=\"\" data-toggle=\"collapse\" data-parent=\"#custom-collapse-0\" href=\"#custom-collapse-0-2\">Hor\u00e1rio de Funcionamento<\/a>\n\t\t\t\t\t<\/h4>\n\t\t\t\t<\/div>\n\t\t\t\t<div id=\"custom-collapse-0-2\" class=\"panel-collapse in\">\n\t\t\t\t\t<div class=\"panel-body\">\n<table style=\"border-collapse: collapse;width: 100%;height: 24px\">\n<tbody>\n<tr style=\"height: 24px\">\n<td style=\"width: 4.07376%;height: 24px\">&nbsp;<\/td>\n<td style=\"width: 45.9262%;height: 24px;text-align: center\"><span style=\"font-size: 14pt\"><strong>Segunda \u00e0 Sexta-Feira<\/strong><\/span><\/td>\n<td style=\"width: 45.669%;height: 24px;text-align: center\"><span style=\"font-size: 12pt\"><strong>07:00<\/strong> \u00e0s <strong>11:00<\/strong><\/span><br \/>\n<span style=\"font-size: 12pt\"><strong>13:00<\/strong> \u00e0s <strong>17:00<\/strong><\/span><br \/>\n<span style=\"font-size: 12pt\"><strong>19:00<\/strong> \u00e0s <strong>21:00<\/strong><\/span><\/td>\n<td style=\"width: 4.33105%;height: 24px\">&nbsp;<\/td>\n<\/tr>\n<\/tbody>\n<\/table>\n<\/div>\n\t\t\t\t<\/div>\n\t\t\t<\/div>\n<div class=\"panel panel-default\">\n\t\t\t\t<div class=\"panel-heading\">\n\t\t\t\t\t<h4 class=\"panel-title\">\n\t\t\t\t\t\t<a class=\"\" data-toggle=\"collapse\" data-parent=\"#custom-collapse-0\" href=\"#custom-collapse-0-3\">Respons\u00e1vel T\u00e9cnico<\/a>\n\t\t\t\t\t<\/h4>\n\t\t\t\t<\/div>\n\t\t\t\t<div id=\"custom-collapse-0-3\" class=\"panel-collapse in\">\n\t\t\t\t\t<div class=\"panel-body\">\n<ul class=\"list-group\">\n<li   class=\"list-group-item\">\n<p><strong>T\u00e9cnico em Assuntos Educacionais<\/strong><\/p>\n<p>D\u00e1rio Vaneli J\u00fanior<\/p>\n<\/li>\n<li   class=\"list-group-item\">\n<strong>Contatos<\/strong><\/p>\n<ul>\n<li><strong><em>Tel.:<\/em><\/strong><em> (67) 3291-0202<\/em><\/li>\n<li><strong>E-mail: secac.cpcx@ufms.br<\/strong><\/li>\n<\/ul>\n<\/li>\n<\/ul>\n<\/div>\n\t\t\t\t<\/div>\n\t\t\t<\/div>\n<div class=\"panel panel-default\">\n\t\t\t\t<div class=\"panel-heading\">\n\t\t\t\t\t<h4 class=\"panel-title\">\n\t\t\t\t\t\t<a class=\"\" data-toggle=\"collapse\" data-parent=\"#custom-collapse-0\" href=\"#custom-collapse-0-4\">Respons\u00e1vel T\u00e9cnico<\/a>\n\t\t\t\t\t<\/h4>\n\t\t\t\t<\/div>\n\t\t\t\t<div id=\"custom-collapse-0-4\" class=\"panel-collapse in\">\n\t\t\t\t\t<div class=\"panel-body\">\n<p>Clique no <a href=\"https:\/\/cpcx.ufms.br\/secretaria-academica\/duvidas-frequentes\">link<\/a> para verificar as d\u00favidas frequentes.<\/p>\n<\/div>\n\t\t\t\t<\/div>\n\t\t\t<\/div>\n<\/div>\n","protected":false},"excerpt":{"rendered":"<p>A Secretaria do C\u00e2mpus de Coxim (CPCX\/UFMS) est\u00e1 comprometida em prestar atendimento \u00e1gil, eficiente e acolhedor, garantindo que todos os estudantes e usu\u00e1rios tenham acesso \u00e0s informa\u00e7\u00f5es e servi\u00e7os com respeito e qualidade. &nbsp;<\/p>\n","protected":false},"author":60,"featured_media":12997,"parent":0,"menu_order":0,"comment_status":"closed","ping_status":"open","template":"page-templates\/page-coordenadorias.php","meta":{"_eb_attr":"","ngg_post_thumbnail":0,"footnotes":""},"coauthors":[133,116],"class_list":["post-902","page","type-page","status-publish","has-post-thumbnail","hentry"],"_links":{"self":[{"href":"https:\/\/cpcx.ufms.br\/en\/wp-json\/wp\/v2\/pages\/902","targetHints":{"allow":["GET"]}}],"collection":[{"href":"https:\/\/cpcx.ufms.br\/en\/wp-json\/wp\/v2\/pages"}],"about":[{"href":"https:\/\/cpcx.ufms.br\/en\/wp-json\/wp\/v2\/types\/page"}],"author":[{"embeddable":true,"href":"https:\/\/cpcx.ufms.br\/en\/wp-json\/wp\/v2\/users\/60"}],"replies":[{"embeddable":true,"href":"https:\/\/cpcx.ufms.br\/en\/wp-json\/wp\/v2\/comments?post=902"}],"version-history":[{"count":28,"href":"https:\/\/cpcx.ufms.br\/en\/wp-json\/wp\/v2\/pages\/902\/revisions"}],"predecessor-version":[{"id":13170,"href":"https:\/\/cpcx.ufms.br\/en\/wp-json\/wp\/v2\/pages\/902\/revisions\/13170"}],"wp:featuredmedia":[{"embeddable":true,"href":"https:\/\/cpcx.ufms.br\/en\/wp-json\/wp\/v2\/media\/12997"}],"wp:attachment":[{"href":"https:\/\/cpcx.ufms.br\/en\/wp-json\/wp\/v2\/media?parent=902"}],"wp:term":[{"taxonomy":"author","embeddable":true,"href":"https:\/\/cpcx.ufms.br\/en\/wp-json\/wp\/v2\/coauthors?post=902"}],"curies":[{"name":"wp","href":"https:\/\/api.w.org\/{rel}","templated":true}]}}