{"id":904,"date":"2015-03-30T07:46:55","date_gmt":"2015-03-30T11:46:55","guid":{"rendered":"http:\/\/cpcx.draconis.ufms.br\/?page_id=904"},"modified":"2025-11-02T00:17:54","modified_gmt":"2025-11-02T04:17:54","slug":"duvidas-frequentes","status":"publish","type":"page","link":"https:\/\/cpcx.ufms.br\/en\/secretaria-academica\/duvidas-frequentes\/","title":{"rendered":"D\u00favidas Frequentes"},"content":{"rendered":"<p style=\"text-align: justify\"><div class=\"panel-group\" id=\"custom-collapse-0\">\n<div class=\"panel panel-default\">\n\t\t\t\t<div class=\"panel-heading\">\n\t\t\t\t\t<h4 class=\"panel-title\">\n\t\t\t\t\t\t<a class=\"\" data-toggle=\"collapse\" data-parent=\"#custom-collapse-0\" href=\"#custom-collapse-0-0\">Assuntos Acad\u00eamicos<\/a>\n\t\t\t\t\t<\/h4>\n\t\t\t\t<\/div>\n\t\t\t\t<div id=\"custom-collapse-0-0\" class=\"panel-collapse in\">\n\t\t\t\t\t<div class=\"panel-body\">\n<p style=\"text-align: justify\"><a href=\"#ac_1\"><strong>1. <\/strong><\/a><strong><a href=\"#ac_1\">Como fa\u00e7o para solicitar um documento?<\/a><br \/>\n<\/strong><\/p>\n<p style=\"text-align: justify\"><a href=\"#ac_2\"><strong>2. <\/strong><\/a><strong><a href=\"#ac_2\">Quais os procedimentos para trancar a matr\u00edcula?<\/a><br \/>\n<\/strong><\/p>\n<p style=\"text-align: justify\"><a href=\"#ac_3\"><strong>3. <\/strong><\/a><strong><a href=\"#ac_3\">Por quanto tempo posso trancar a matr\u00edcula?<\/a><br \/>\n<\/strong><\/p>\n<p style=\"text-align: justify\"><a href=\"#ac_4\"><strong>4. <\/strong><\/a><strong><a href=\"#ac_4\">Existe tratamento diferenciado para gestantes acad\u00eamicas?<\/a><br \/>\n<\/strong><\/p>\n<p style=\"text-align: justify\"><a href=\"#ac_5\"><strong>5. <\/strong><\/a><strong><a href=\"#ac_5\">Quais os procedimentos para fazer aproveitamento de disciplinas?<\/a><br \/>\n<\/strong><\/p>\n<p style=\"text-align: justify\"><a href=\"#ac_6\"><strong>6. <\/strong><\/a><strong><a href=\"#ac_6\">Como eu fa\u00e7o para retirar o meu diploma?<\/a><\/strong><\/p>\n<p style=\"text-align: justify\"><\/div>\n\t\t\t\t<\/div>\n\t\t\t<\/div>\n<div class=\"panel panel-default\">\n\t\t\t\t<div class=\"panel-heading\">\n\t\t\t\t\t<h4 class=\"panel-title\">\n\t\t\t\t\t\t<a class=\"\" data-toggle=\"collapse\" data-parent=\"#custom-collapse-0\" href=\"#custom-collapse-0-1\">Formas de Ingresso e transfer\u00eancias<\/a>\n\t\t\t\t\t<\/h4>\n\t\t\t\t<\/div>\n\t\t\t\t<div id=\"custom-collapse-0-1\" class=\"panel-collapse in\">\n\t\t\t\t\t<div class=\"panel-body\">\n<p style=\"text-align: justify\"><a href=\"#fi_1\"><strong>1. <\/strong><\/a><strong><a href=\"#fi_1\">Qual \u00e9 o processo seletivo de gradua\u00e7\u00e3o da Universidade Federal de Mato Grosso do Sul (UFMS)?<\/a><br \/>\n<\/strong><\/p>\n<p style=\"text-align: justify\"><a href=\"#fi_2\"><strong>2. <\/strong><\/a><strong><a href=\"#fi_2\">O que \u00e9 o SISU? Quem pode se inscrever?<\/a><br \/>\n<\/strong><\/p>\n<p style=\"text-align: justify\"><a href=\"#fi_3\"><strong>3. <\/strong><\/a><strong><a href=\"#fi_3\">Quais os cursos de gradua\u00e7\u00e3o oferecidos pelo Campus de Coxim\/UFMS?<\/a><br \/>\n<\/strong><\/p>\n<p style=\"text-align: justify\"><a href=\"#fi_4\"><strong>4. <\/strong><\/a><strong><a href=\"#fi_4\">A UFMS aceita alunos transferidos de outras Institui\u00e7\u00f5es de Ensino Superior (IES)?<\/a><br \/>\n<\/strong><\/p>\n<p style=\"text-align: justify\"><a href=\"#fi_5\"><strong>5. <\/strong><\/a><strong><a href=\"#fi_5\">Sou militar e estou sendo transferido, quais s\u00e3o os procedimentos?<\/a><br \/>\n<\/strong><\/p>\n<p style=\"text-align: justify\"><a href=\"#fi_6\"><strong>6. <\/strong><strong>Como posso requerer uma vaga na UFMS como portador de diploma?<\/strong><\/a><\/p>\n<p style=\"text-align: justify\"><\/div>\n\t\t\t\t<\/div>\n\t\t\t<\/div>\n<div class=\"panel panel-default\">\n\t\t\t\t<div class=\"panel-heading\">\n\t\t\t\t\t<h4 class=\"panel-title\">\n\t\t\t\t\t\t<a class=\"\" data-toggle=\"collapse\" data-parent=\"#custom-collapse-0\" href=\"#custom-collapse-0-2\">Respostas<\/a>\n\t\t\t\t\t<\/h4>\n\t\t\t\t<\/div>\n\t\t\t\t<div id=\"custom-collapse-0-2\" class=\"panel-collapse in\">\n\t\t\t\t\t<div class=\"panel-body\">\n<h2 style=\"text-align: justify\">Assuntos Acad\u00eamicos<\/h2>\n<h3 style=\"text-align: justify\"><strong><a name=\"ac_1\"><\/a>1. <\/strong><strong>Como fa\u00e7o para solicitar um documento? <a href=\"#topo\">[TOPO]<\/a><br \/>\n<\/strong><\/h3>\n<p style=\"text-align: justify\">O acad\u00eamico dever\u00e1 solicitar os documentos na Secretaria Acad\u00eamica mediante o pagamento da Guia de Recolhimento da Uni\u00e3o (GRU).<\/p>\n<p style=\"text-align: justify\">Os valores dos documentos podem ser encontrados no link <strong>\u201c\u201d<\/strong>. A guia de recolhimento dever\u00e1 ser impressa no GRU e pago no Banco do Brasil. Em seguida \u00e9 s\u00f3 levar o comprovante para a SECAC.<\/p>\n<p style=\"text-align: justify\">O prazo de entrega dos documentos \u00e9 de 48 horas.<\/p>\n<p style=\"text-align: justify\">&nbsp;<\/p>\n<h3 style=\"text-align: justify\"><strong><a name=\"ac_2\"><\/a>2. <\/strong><strong>Quais os procedimentos para trancar a matr\u00edcula? <\/strong><strong> <a href=\"#topo\">[TOPO]<\/a><\/strong><\/h3>\n<p style=\"text-align: justify\">O trancamento de matr\u00edcula ser\u00e1 permitido se solicitado at\u00e9 a data estipulada no Calend\u00e1rio Acad\u00eamico.<\/p>\n<p style=\"text-align: justify\">O pedido de trancamento de matr\u00edcula dever\u00e1 ser feito por meio de Requerimento protocolizado na Secretaria Acad\u00eamica.<\/p>\n<p style=\"text-align: justify\">*Resolu\u00e7\u00e3o n\u00b0 136, de 25 de agosto de 2009 \u2013 COEG<\/p>\n<p style=\"text-align: justify\">&nbsp;<\/p>\n<h3 style=\"text-align: justify\"><strong><a name=\"ac_3\"><\/a>3. <\/strong><strong>Por quanto tempo posso trancar a matr\u00edcula? <\/strong><strong> <a href=\"#topo\">[TOPO]<\/a><\/strong><\/h3>\n<p style=\"text-align: justify\">O trancamento \u00e9 concedido por at\u00e9 quatro semestres, consecutivos ou alternados.<\/p>\n<p style=\"text-align: justify\">*Resolu\u00e7\u00e3o n\u00b0 136, de 25 de agosto de 2009 \u2013 COEG<\/p>\n<p style=\"text-align: justify\">&nbsp;<\/p>\n<h3 style=\"text-align: justify\"><strong><a name=\"ac_4\"><\/a>4. <\/strong><strong>Existe tratamento diferenciado para gestantes acad\u00eamicas? <\/strong><strong> <a href=\"#topo\">[TOPO]<\/a><\/strong><\/h3>\n<p style=\"text-align: justify\">\u00c0s acad\u00eamicas gestantes aplica-se o regime especial de exerc\u00edcios domiciliares, que \u00e9 a substitui\u00e7\u00e3o das aulas n\u00e3o frequentadas pela acad\u00eamica, por atividades realizadas em ambiente domiciliar ou hospitalar, assegurando-se \u00e0 acad\u00eamica a possibilidade de prestar em outra \u00e9poca, as provas que foram aplicadas durante o per\u00edodo do afastamento.<\/p>\n<p style=\"text-align: justify\">A partir do oitavo m\u00eas de gesta\u00e7\u00e3o, a acad\u00eamica gestante poder\u00e1 ser assistida pelo regime de exerc\u00edcios domiciliares com dura\u00e7\u00e3o de tr\u00eas meses consecutivos.<\/p>\n<p style=\"text-align: justify\">A acad\u00eamica dever\u00e1 preencher o Requerimento na Secretaria Acad\u00eamica, dirigido ao Coordenador de Curso ou equivalente, solicitando o regime de exerc\u00edcios domiciliares,anexando o laudo m\u00e9dico contendo:<\/p>\n<p style=\"text-align: justify\"><strong>I &#8211; o m\u00eas de gesta\u00e7\u00e3o ou a data do parto; e<\/strong><\/p>\n<p style=\"text-align: justify\"><strong>II &#8211; a assinatura, a data e o CRM do m\u00e9dico. <\/strong><\/p>\n<p style=\"text-align: justify\">&nbsp;<\/p>\n<p style=\"text-align: justify\">*Resolu\u00e7\u00e3o n\u00b0 104, de 16 de junho de 2010 \u2013 COEG<\/p>\n<p style=\"text-align: justify\">&nbsp;<\/p>\n<h3 style=\"text-align: justify\"><strong><a name=\"ac_5\"><\/a>5. <\/strong><strong>Quais os procedimentos para fazer aproveitamento de disciplinas? <\/strong><strong> <a href=\"#topo\">[TOPO]<\/a><\/strong><\/h3>\n<p style=\"text-align: justify\">O aproveitamento de disciplinas pode ser solicitado na Secretaria Acad\u00eamica por meio de requerimento \u00fanico. \u00c9 preciso o hist\u00f3rico escolar da Institui\u00e7\u00e3o de Ensino Superior de origem e os planos de ensino das disciplinas a serem aproveitadas.<\/p>\n<p style=\"text-align: justify\">&nbsp;<\/p>\n<h3 style=\"text-align: justify\"><strong><a name=\"ac_6\"><\/a>6. <\/strong><strong>Como eu fa\u00e7o para retirar o meu diploma? <\/strong><strong> <a href=\"#topo\">[TOPO]<\/a><\/strong><\/h3>\n<p style=\"text-align: justify\">O diploma poder\u00e1 ser retirado munido de documento pessoal ou procura\u00e7\u00e3o simples.<\/p>\n<p style=\"text-align: justify\">&nbsp;<\/p>\n<h2 style=\"text-align: justify\"><strong>Formas de ingresso e transfer\u00eancias<\/strong><\/h2>\n<p style=\"text-align: justify\">&nbsp;<\/p>\n<h3 style=\"text-align: justify\"><strong><a name=\"fi_1\"><\/a>1. <\/strong><strong>Qual \u00e9 o processo seletivo de gradua\u00e7\u00e3o da Universidade Federal de Mato Grosso do Sul (UFMS)? <\/strong><strong> <a href=\"#topo\">[TOPO]<\/a><\/strong><\/h3>\n<p style=\"text-align: justify\">Em maio de 2010 a UFMS adotou o Sistema de Sele\u00e7\u00e3o Unificada (SISU) do Minist\u00e9rio da Educa\u00e7\u00e3o (MEC) nos processos seletivos de Inverno e de Ver\u00e3o. Portanto as vagas que seriam preenchidas pelo vestibular, ser\u00e3o ocupadas conforme as listas de aprovados geradas pelo SISU. Ficando assim suspensos os Vestibulares de Inverno e de Ver\u00e3o.<\/p>\n<p style=\"text-align: justify\">&nbsp;<\/p>\n<h3 style=\"text-align: justify\"><strong><a name=\"fi_2\"><\/a>2. <\/strong><strong>O que \u00e9 o SISU? Quem pode se inscrever? <\/strong><strong> <a href=\"#topo\">[TOPO]<\/a><\/strong><\/h3>\n<p style=\"text-align: justify\">\u00c9 o sistema informatizado, gerenciado pelo Minist\u00e9rio da Educa\u00e7\u00e3o, por meio do qual as institui\u00e7\u00f5es p\u00fablicas de educa\u00e7\u00e3o superior participantes <strong>selecionar\u00e3o novos estudantes exclusivamente pela nota obtida no Exame Nacional de Ensino M\u00e9dio (Enem).<\/strong><\/p>\n<p style=\"text-align: justify\">Podem se inscrever na sele\u00e7\u00e3o unificada os estudantes que fizeram o <strong>Enem <\/strong><strong>do ano referido<\/strong>.<\/p>\n<p style=\"text-align: justify\">*www.sistemadeselecaounificada.com<\/p>\n<p>&nbsp;<\/p>\n<h3 style=\"text-align: justify\"><strong><a name=\"fi_3\"><\/a>3. <\/strong><strong>Quais os cursos de gradua\u00e7\u00e3o oferecidos pelo Campus de Coxim\/UFMS? <\/strong><strong> <a href=\"#topo\">[TOPO]<\/a><\/strong><\/h3>\n<p style=\"text-align: justify\">Enfermagem, Hist\u00f3ria, Letras e Sistemas de Informa\u00e7\u00e3o.<\/p>\n<p>&nbsp;<\/p>\n<h3 style=\"text-align: justify\"><strong><a name=\"fi_4\"><\/a>4. <\/strong><strong>A UFMS aceita alunos transferidos de outras Institui\u00e7\u00f5es de Ensino Superior (IES)? <\/strong><strong> <a href=\"#topo\">[TOPO]<\/a><\/strong><\/h3>\n<p style=\"text-align: justify\">Sim, por\u00e9m a transfer\u00eancia de outras Institui\u00e7\u00f5es de Ensino Superior depende da abertura de edital e disponibilidade de vagas.<\/p>\n<p style=\"text-align: justify\">&nbsp;<\/p>\n<h3 style=\"text-align: justify\"><strong><a name=\"fi_5\"><\/a>5. <\/strong><strong>Sou militar e estou sendo transferido, quais s\u00e3o os procedimentos? <\/strong><strong> <a href=\"#topo\">[TOPO]<\/a><\/strong><\/h3>\n<p style=\"text-align: justify\">Acesse a rela\u00e7\u00e3o de documentos <strong>aqui<\/strong> (anexar). Ap\u00f3s juntar todos os documentos, procure a SECAC (Secretaria Acad\u00eamica) do Campus de Coxim para solicitar a transfer\u00eancia compuls\u00f3ria.<\/p>\n<p>&nbsp;<\/p>\n<h3 style=\"text-align: justify\"><strong><a name=\"fi_6\"><\/a>6. <\/strong><strong>Como posso requerer uma vaga na UFMS como portador de diploma? <\/strong><strong> <a href=\"#topo\">[TOPO]<\/a><\/strong><\/h3>\n<p style=\"text-align: justify\">Para ingressar como portador de diploma \u00e9 preciso aguardar a abertura de edital e depende da disponibilidade de vagas.<\/p>\n<p style=\"text-align: justify\"><\/div>\n\t\t\t\t<\/div>\n\t\t\t<\/div>\n<\/div>\n","protected":false},"excerpt":{"rendered":"","protected":false},"author":60,"featured_media":0,"parent":902,"menu_order":0,"comment_status":"closed","ping_status":"open","template":"","meta":{"_eb_attr":"","ngg_post_thumbnail":0,"footnotes":""},"coauthors":[133,116],"class_list":["post-904","page","type-page","status-publish","hentry"],"_links":{"self":[{"href":"https:\/\/cpcx.ufms.br\/en\/wp-json\/wp\/v2\/pages\/904","targetHints":{"allow":["GET"]}}],"collection":[{"href":"https:\/\/cpcx.ufms.br\/en\/wp-json\/wp\/v2\/pages"}],"about":[{"href":"https:\/\/cpcx.ufms.br\/en\/wp-json\/wp\/v2\/types\/page"}],"author":[{"embeddable":true,"href":"https:\/\/cpcx.ufms.br\/en\/wp-json\/wp\/v2\/users\/60"}],"replies":[{"embeddable":true,"href":"https:\/\/cpcx.ufms.br\/en\/wp-json\/wp\/v2\/comments?post=904"}],"version-history":[{"count":9,"href":"https:\/\/cpcx.ufms.br\/en\/wp-json\/wp\/v2\/pages\/904\/revisions"}],"predecessor-version":[{"id":13174,"href":"https:\/\/cpcx.ufms.br\/en\/wp-json\/wp\/v2\/pages\/904\/revisions\/13174"}],"up":[{"embeddable":true,"href":"https:\/\/cpcx.ufms.br\/en\/wp-json\/wp\/v2\/pages\/902"}],"wp:attachment":[{"href":"https:\/\/cpcx.ufms.br\/en\/wp-json\/wp\/v2\/media?parent=904"}],"wp:term":[{"taxonomy":"author","embeddable":true,"href":"https:\/\/cpcx.ufms.br\/en\/wp-json\/wp\/v2\/coauthors?post=904"}],"curies":[{"name":"wp","href":"https:\/\/api.w.org\/{rel}","templated":true}]}}