{"id":911,"date":"2015-03-30T07:53:10","date_gmt":"2015-03-30T11:53:10","guid":{"rendered":"http:\/\/cpcx.draconis.ufms.br\/?page_id=911"},"modified":"2025-11-02T00:40:33","modified_gmt":"2025-11-02T04:40:33","slug":"assistencia-estudantil","status":"publish","type":"page","link":"https:\/\/cpcx.ufms.br\/en\/assistencia-estudantil\/","title":{"rendered":"Assist\u00eancia Estudantil"},"content":{"rendered":"<p style=\"text-align: justify\" data-start=\"605\" data-end=\"993\">A <strong data-start=\"607\" data-end=\"633\">Assist\u00eancia Estudantil<\/strong> \u00e9 fundamental para garantir o acesso, a perman\u00eancia e a conclus\u00e3o do curso pelos(as) acad\u00eamicos(as) da Universidade. No <strong data-start=\"754\" data-end=\"773\">C\u00e2mpus de Coxim<\/strong>, o acompanhamento e atendimento aos estudantes s\u00e3o realizados pelo <strong data-start=\"841\" data-end=\"885\">Setor de Assist\u00eancia Estudantil (SETAES)<\/strong>, que integra as a\u00e7\u00f5es institucionais voltadas ao bem-estar e \u00e0 inclus\u00e3o social no ambiente universit\u00e1rio.<\/p>\n<p style=\"text-align: justify\" data-start=\"995\" data-end=\"1135\">O setor \u00e9 composto por <strong data-start=\"1018\" data-end=\"1048\">Vilson Cresc\u00eancio de Jesus<\/strong>, t\u00e9cnico em assuntos educacionais, e <strong data-start=\"1086\" data-end=\"1113\">Maria Nilza de Oliveira<\/strong>, assistente social.<\/p>\n<p data-start=\"995\" data-end=\"1135\"><div class=\"panel-group\" id=\"custom-collapse-0\">\n<div class=\"panel panel-default\">\n\t\t\t\t<div class=\"panel-heading\">\n\t\t\t\t\t<h4 class=\"panel-title\">\n\t\t\t\t\t\t<a class=\"\" data-toggle=\"collapse\" data-parent=\"#custom-collapse-0\" href=\"#custom-collapse-0-0\">Atribui\u00e7\u00f5es e Atividades<\/a>\n\t\t\t\t\t<\/h4>\n\t\t\t\t<\/div>\n\t\t\t\t<div id=\"custom-collapse-0-0\" class=\"panel-collapse in\">\n\t\t\t\t\t<div class=\"panel-body\">\n<p data-start=\"1006\" data-end=\"1227\">O <strong data-start=\"1008\" data-end=\"1018\">SETAES<\/strong> \u00e9 respons\u00e1vel por planejar, organizar e executar a\u00e7\u00f5es voltadas \u00e0 perman\u00eancia estudantil, em conson\u00e2ncia com as pol\u00edticas e diretrizes da <strong data-start=\"1157\" data-end=\"1224\">Pr\u00f3-Reitoria de Extens\u00e3o, Cultura e Assuntos Estudantis (PREAE)<\/strong>.<\/p>\n<p data-start=\"1229\" data-end=\"1271\">Entre suas principais atribui\u00e7\u00f5es est\u00e3o:<\/p>\n<p style=\"text-align: justify\" data-start=\"995\" data-end=\"1135\"><ul class=\"list-group\">\n<li   class=\"list-group-item\">\nOrganizar e acompanhar os processos de sele\u00e7\u00e3o para os programas de <strong data-start=\"1342\" data-end=\"1363\">Bolsa Perman\u00eancia<\/strong>, <strong data-start=\"1365\" data-end=\"1388\">Aux\u00edlio Alimenta\u00e7\u00e3o<\/strong> e <strong data-start=\"1391\" data-end=\"1414\">Aux\u00edlio Emergencial<\/strong>;<br \/>\n<\/li>\n<li   class=\"list-group-item\">\nOrientar e encaminhar requerimentos referentes ao <strong data-start=\"1470\" data-end=\"1478\">IPEV<\/strong> (Incentivo \u00e0 Participa\u00e7\u00e3o em Eventos);<br \/>\n<\/li>\n<li   class=\"list-group-item\">\nGerenciar e acompanhar o <strong data-start=\"1547\" data-end=\"1576\">empr\u00e9stimo de Chromebooks<\/strong> a estudantes em situa\u00e7\u00e3o de vulnerabilidade socioecon\u00f4mica;<br \/>\n<\/li>\n<li   class=\"list-group-item\">\nZelar pela gest\u00e3o e pelo acompanhamento do <strong data-start=\"1684\" data-end=\"1717\">transporte p\u00fablico estudantil<\/strong>;<br \/>\n<\/li>\n<li   class=\"list-group-item\">\nOferecer apoio e encaminhamento aos acad\u00eamicos em situa\u00e7\u00f5es de <strong data-start=\"1786\" data-end=\"1851\">vulnerabilidade financeira, pedag\u00f3gica, psicol\u00f3gica ou social<\/strong>;<br \/>\n<\/li>\n<li   class=\"list-group-item\">\nFacilitar a comunica\u00e7\u00e3o entre os estudantes e os servi\u00e7os ofertados pela <strong data-start=\"1930\" data-end=\"1944\">PREAE\/UFMS<\/strong>.<br \/>\n<\/li>\n<\/ul>\n<p data-start=\"995\" data-end=\"1135\"><\/div>\n\t\t\t\t<\/div>\n\t\t\t<\/div>\n<div class=\"panel panel-default\">\n\t\t\t\t<div class=\"panel-heading\">\n\t\t\t\t\t<h4 class=\"panel-title\">\n\t\t\t\t\t\t<a class=\"\" data-toggle=\"collapse\" data-parent=\"#custom-collapse-0\" href=\"#custom-collapse-0-1\">Servi\u00e7os Dispon\u00edveis<\/a>\n\t\t\t\t\t<\/h4>\n\t\t\t\t<\/div>\n\t\t\t\t<div id=\"custom-collapse-0-1\" class=\"panel-collapse in\">\n\t\t\t\t\t<div class=\"panel-body\">\n<p data-start=\"995\" data-end=\"1135\"><ul class=\"list-group\">\n<li   class=\"list-group-item\">\nProgramas de Aux\u00edlio e Bolsa Perman\u00eancia;<br \/>\n<\/li>\n<li   class=\"list-group-item\">\nApoio Psicossocial e Pedag\u00f3gico;<br \/>\n<\/li>\n<li   class=\"list-group-item\">\nIncentivo \u00e0 Participa\u00e7\u00e3o em Eventos (IPEV);<br \/>\n<\/li>\n<li   class=\"list-group-item\">\nTransporte Estudantil;<br \/>\n<\/li>\n<li   class=\"list-group-item\">\nEmpr\u00e9stimo de Chromebooks.<br \/>\n<\/li>\n<\/ul>\n<p data-start=\"995\" data-end=\"1135\"><\/div>\n\t\t\t\t<\/div>\n\t\t\t<\/div>\n<div class=\"panel panel-default\">\n\t\t\t\t<div class=\"panel-heading\">\n\t\t\t\t\t<h4 class=\"panel-title\">\n\t\t\t\t\t\t<a class=\"\" data-toggle=\"collapse\" data-parent=\"#custom-collapse-0\" href=\"#custom-collapse-0-2\">Hor\u00e1rio de Funcionamento<\/a>\n\t\t\t\t\t<\/h4>\n\t\t\t\t<\/div>\n\t\t\t\t<div id=\"custom-collapse-0-2\" class=\"panel-collapse in\">\n\t\t\t\t\t<div class=\"panel-body\">\n<table style=\"border-collapse: collapse;width: 100%;height: 24px\">\n<tbody>\n<tr style=\"height: 24px\">\n<td style=\"width: 4.07376%;height: 24px\">&nbsp;<\/td>\n<td style=\"width: 45.9262%;height: 24px;text-align: center\"><span style=\"font-size: 14pt\"><strong>Segunda \u00e0 Sexta-Feira<\/strong><\/span><\/td>\n<td style=\"width: 45.669%;height: 24px;text-align: center\"><span style=\"font-size: 12pt\"><strong>07:00<\/strong> \u00e0s <strong>11:00<\/strong><\/span><br \/>\n<span style=\"font-size: 12pt\"><strong>13:00<\/strong> \u00e0s <strong>17:00<\/strong><\/span><\/td>\n<td style=\"width: 4.33105%;height: 24px\">&nbsp;<\/td>\n<\/tr>\n<\/tbody>\n<\/table>\n<p data-start=\"995\" data-end=\"1135\"><\/div>\n\t\t\t\t<\/div>\n\t\t\t<\/div>\n<p data-start=\"995\" data-end=\"1135\"><div class=\"panel panel-default\">\n\t\t\t\t<div class=\"panel-heading\">\n\t\t\t\t\t<h4 class=\"panel-title\">\n\t\t\t\t\t\t<a class=\"\" data-toggle=\"collapse\" data-parent=\"#custom-collapse-0\" href=\"#custom-collapse-0-3\">Respons\u00e1veis T\u00e9cnicos<\/a>\n\t\t\t\t\t<\/h4>\n\t\t\t\t<\/div>\n\t\t\t\t<div id=\"custom-collapse-0-3\" class=\"panel-collapse in\">\n\t\t\t\t\t<div class=\"panel-body\">\n<p data-start=\"995\" data-end=\"1135\"><ul class=\"list-group\">\n<li   class=\"list-group-item\">\n<p data-start=\"995\" data-end=\"1135\"><strong>Assistente Social<\/strong><\/p>\n<p data-start=\"995\" data-end=\"1135\">Maria Nilza Silva Oliveira<\/p>\n<p data-start=\"995\" data-end=\"1135\"><\/li>\n<li   class=\"list-group-item\">\n<strong>T\u00e9cnico em Assuntos Educacionais<\/strong><\/p>\n<p data-start=\"995\" data-end=\"1135\">Vilson Cresc\u00eancio<\/p>\n<p data-start=\"995\" data-end=\"1135\"><\/li>\n<li   class=\"list-group-item\">\n<strong>Contatos<\/strong><\/p>\n<ul>\n<li data-start=\"995\" data-end=\"1135\"><strong>Tel. (Ramal)<\/strong>: <em>(67) 3291-0211<\/em><\/li>\n<li data-start=\"995\" data-end=\"1135\"><strong>E-mail<\/strong>: <em>setaes.cpcx@ufms.br<\/em><\/li>\n<\/ul>\n<p data-start=\"995\" data-end=\"1135\"><\/li>\n<\/ul>\n<p data-start=\"995\" data-end=\"1135\"><\/div>\n\t\t\t\t<\/div>\n\t\t\t<\/div>\n<p data-start=\"995\" data-end=\"1135\"><div class=\"panel panel-default\">\n\t\t\t\t<div class=\"panel-heading\">\n\t\t\t\t\t<h4 class=\"panel-title\">\n\t\t\t\t\t\t<a class=\"\" data-toggle=\"collapse\" data-parent=\"#custom-collapse-0\" href=\"#custom-collapse-0-4\">Formul\u00e1rio<\/a>\n\t\t\t\t\t<\/h4>\n\t\t\t\t<\/div>\n\t\t\t\t<div id=\"custom-collapse-0-4\" class=\"panel-collapse in\">\n\t\t\t\t\t<div class=\"panel-body\">\n<p style=\"text-align: justify\" data-start=\"180\" data-end=\"397\">Em caso de d\u00favidas, orienta\u00e7\u00f5es ou solicita\u00e7\u00f5es relacionadas \u00e0 <strong data-start=\"243\" data-end=\"269\">Assist\u00eancia Estudantil<\/strong>, voc\u00ea pode entrar em contato com a equipe respons\u00e1vel por meio do formul\u00e1rio institucional de comunica\u00e7\u00e3o do C\u00e2mpus de Coxim.<\/p>\n<p style=\"text-align: justify\" data-start=\"399\" data-end=\"590\">Ao acessar o formul\u00e1rio, selecione a categoria <strong data-start=\"446\" data-end=\"474\">\u201cSetor de Assist\u00eancia Estudantil (SETAES)\u201d<\/strong> e preencha suas informa\u00e7\u00f5es e mensagem. A equipe analisar\u00e1 seu envio e retornar\u00e1 o contato o mais breve poss\u00edvel.<\/p>\n<table style=\"border-collapse: collapse;width: 100%\">\n<tbody>\n<tr>\n<td style=\"width: 33.3333%\">&nbsp;<\/td>\n<td style=\"width: 33.3333%;text-align: center\">\n<h4 style=\"text-align: center\"><span style=\"color: black;font-size: 18pt\"><strong><a class=\"btn btn-primary\" style=\"background-color: #2172b1\" title=\"Inscri\u00e7\u00f5es\" href=\"https:\/\/cpcx.ufms.br\/comunicacao\" target=\"_blank\" rel=\"noopener\">FORMUL\u00c1RIO<\/a><\/strong><\/span><\/h4>\n<\/td>\n<td style=\"width: 33.3333%\">&nbsp;<\/td>\n<\/tr>\n<\/tbody>\n<\/table>\n<p style=\"text-align: justify\" data-start=\"995\" data-end=\"1135\"><\/div>\n\t\t\t\t<\/div>\n\t\t\t<\/div>\n<p data-start=\"995\" data-end=\"1135\"><\/div>\n","protected":false},"excerpt":{"rendered":"<p>A Assist\u00eancia Estudantil \u00e9 fundamental para garantir o acesso, a perman\u00eancia e a conclus\u00e3o do curso pelos(as) acad\u00eamicos(as) da Universidade. No C\u00e2mpus de Coxim, o acompanhamento e atendimento aos estudantes s\u00e3o realizados pelo Setor de Assist\u00eancia Estudantil (SETAES), que integra as a\u00e7\u00f5es institucionais voltadas ao bem-estar e \u00e0 inclus\u00e3o social no ambiente universit\u00e1rio. O setor [&hellip;]<\/p>\n","protected":false},"author":60,"featured_media":12978,"parent":0,"menu_order":0,"comment_status":"closed","ping_status":"open","template":"page-templates\/page-coordenadorias.php","meta":{"_eb_attr":"","ngg_post_thumbnail":0,"footnotes":""},"coauthors":[133,116],"class_list":["post-911","page","type-page","status-publish","has-post-thumbnail","hentry"],"_links":{"self":[{"href":"https:\/\/cpcx.ufms.br\/en\/wp-json\/wp\/v2\/pages\/911","targetHints":{"allow":["GET"]}}],"collection":[{"href":"https:\/\/cpcx.ufms.br\/en\/wp-json\/wp\/v2\/pages"}],"about":[{"href":"https:\/\/cpcx.ufms.br\/en\/wp-json\/wp\/v2\/types\/page"}],"author":[{"embeddable":true,"href":"https:\/\/cpcx.ufms.br\/en\/wp-json\/wp\/v2\/users\/60"}],"replies":[{"embeddable":true,"href":"https:\/\/cpcx.ufms.br\/en\/wp-json\/wp\/v2\/comments?post=911"}],"version-history":[{"count":42,"href":"https:\/\/cpcx.ufms.br\/en\/wp-json\/wp\/v2\/pages\/911\/revisions"}],"predecessor-version":[{"id":13181,"href":"https:\/\/cpcx.ufms.br\/en\/wp-json\/wp\/v2\/pages\/911\/revisions\/13181"}],"wp:featuredmedia":[{"embeddable":true,"href":"https:\/\/cpcx.ufms.br\/en\/wp-json\/wp\/v2\/media\/12978"}],"wp:attachment":[{"href":"https:\/\/cpcx.ufms.br\/en\/wp-json\/wp\/v2\/media?parent=911"}],"wp:term":[{"taxonomy":"author","embeddable":true,"href":"https:\/\/cpcx.ufms.br\/en\/wp-json\/wp\/v2\/coauthors?post=911"}],"curies":[{"name":"wp","href":"https:\/\/api.w.org\/{rel}","templated":true}]}}