{"id":9141,"date":"2023-05-10T14:33:34","date_gmt":"2023-05-10T18:33:34","guid":{"rendered":"https:\/\/cpcx.ufms.br\/?page_id=9141"},"modified":"2023-05-23T20:55:21","modified_gmt":"2023-05-24T00:55:21","slug":"minicursos","status":"publish","type":"page","link":"https:\/\/cpcx.ufms.br\/en\/minicursos\/","title":{"rendered":"Minicursos"},"content":{"rendered":"<div>\n<div style=\"text-align: center\">\n<p>&nbsp;<\/p>\n<table style=\"border-collapse: collapse;width: 100%;height: 2400px\">\n<tbody>\n<tr style=\"height: 429px\">\n<td style=\"text-align: left;height: 425px;width: 50.1875%\" colspan=\"2\">\n<h3><strong><img fetchpriority=\"high\" decoding=\"async\" class=\"wp-image-9189 size-full alignleft\" src=\"https:\/\/cpcx.ufms.br\/files\/2023\/05\/faca-um-template-na-horizontal-sobre-boas-praticas-em-imunizacao-1.png\" alt=\"\" width=\"1200\" height=\"628\" srcset=\"https:\/\/cpcx.ufms.br\/files\/2023\/05\/faca-um-template-na-horizontal-sobre-boas-praticas-em-imunizacao-1.png 1200w, https:\/\/cpcx.ufms.br\/files\/2023\/05\/faca-um-template-na-horizontal-sobre-boas-praticas-em-imunizacao-1-300x157.png 300w, https:\/\/cpcx.ufms.br\/files\/2023\/05\/faca-um-template-na-horizontal-sobre-boas-praticas-em-imunizacao-1-1024x536.png 1024w, https:\/\/cpcx.ufms.br\/files\/2023\/05\/faca-um-template-na-horizontal-sobre-boas-praticas-em-imunizacao-1-768x402.png 768w, https:\/\/cpcx.ufms.br\/files\/2023\/05\/faca-um-template-na-horizontal-sobre-boas-praticas-em-imunizacao-1-611x320.png 611w\" sizes=\"(max-width: 1200px) 100vw, 1200px\" \/><br \/>\n<\/strong><\/h3>\n<\/td>\n<td style=\"width: 70.3049%;text-align: left;height: 425px\">&nbsp;<\/p>\n<table style=\"border-collapse: collapse;width: 100.259%;height: 270px\">\n<tbody>\n<tr style=\"height: 102px\">\n<td style=\"width: 108.498%;height: 102px\" colspan=\"2\">\n<h3 style=\"text-align: center\"><strong>Ementa: <\/strong><\/h3>\n<p style=\"text-align: center\">Conceitos e defini\u00e7\u00f5es sobre imuniza\u00e7\u00e3o. Calend\u00e1rio b\u00e1sico de vacina\u00e7\u00e3o segundo o Programa Nacional de Imuniza\u00e7\u00e3o do Minist\u00e9rio da Sa\u00fade. Sala de Vacina\u00e7\u00e3o: conserva\u00e7\u00e3o dos imunobiol\u00f3gicos, preparo, administra\u00e7\u00e3o e registro de vacina\u00e7\u00e3o.<\/p>\n<\/td>\n<\/tr>\n<tr style=\"height: 168px\">\n<td style=\"width: 42.132%;height: 168px\">\n<p style=\"text-align: center\"><strong>N\u00ba de vagas: <\/strong>15 vagas<\/p>\n<p style=\"text-align: center\"><strong>Data:<\/strong> 30\/05\/23<\/p>\n<p style=\"text-align: center\"><strong>Dura\u00e7\u00e3o:<\/strong> 3 horas<\/p>\n<p style=\"text-align: center\"><strong>Turno:<\/strong> Manh\u00e3 (08h \u00e0s 11h)<\/p>\n<\/td>\n<td style=\"width: 66.3662%;height: 168px\">\n<h4 style=\"text-align: center\"><span style=\"color: #ffffff\"><strong><a class=\"btn btn-primary\" style=\"color: #ffffff\" title=\"Inscri\u00e7\u00e3o\" href=\"https:\/\/forms.gle\/SGVG7qKspNPzvFj28\" target=\"_blank\" rel=\"noopener noreferrer\">Fa\u00e7a sua Inscri\u00e7\u00e3o<\/a><\/strong><\/span><\/h4>\n<\/td>\n<\/tr>\n<\/tbody>\n<\/table>\n<h3 style=\"text-align: center\"><\/h3>\n<\/td>\n<\/tr>\n<tr style=\"height: 459px\">\n<td style=\"text-align: left;height: 362px\" colspan=\"2\">\n<p style=\"text-align: center\"><img decoding=\"async\" class=\"wp-image-9196 size-full alignleft\" src=\"https:\/\/cpcx.ufms.br\/files\/2023\/05\/Controle-emocional.jpeg\" alt=\"\" width=\"1200\" height=\"628\" srcset=\"https:\/\/cpcx.ufms.br\/files\/2023\/05\/Controle-emocional.jpeg 1200w, https:\/\/cpcx.ufms.br\/files\/2023\/05\/Controle-emocional-300x157.jpeg 300w, https:\/\/cpcx.ufms.br\/files\/2023\/05\/Controle-emocional-1024x536.jpeg 1024w, https:\/\/cpcx.ufms.br\/files\/2023\/05\/Controle-emocional-768x402.jpeg 768w, https:\/\/cpcx.ufms.br\/files\/2023\/05\/Controle-emocional-611x320.jpeg 611w\" sizes=\"(max-width: 1200px) 100vw, 1200px\" \/><\/p>\n<\/td>\n<td style=\"width: 70.3049%;text-align: left;height: 362px\">\n<table style=\"border-collapse: collapse;width: 100%\">\n<tbody>\n<tr>\n<td style=\"width: 50%\" colspan=\"2\">\n<h3 style=\"text-align: center\"><strong>Ementa: <\/strong><\/h3>\n<p style=\"text-align: center\">Controle emocional em situa\u00e7\u00e3o de press\u00e3o e esgotamento: manejo comportamental ao lidar com press\u00f5es psicol\u00f3gicas e enfrentamento de estresse do paciente cr\u00edtico, morte e conflito relacional.<\/p>\n<\/td>\n<\/tr>\n<tr>\n<td style=\"width: 50%\">\n<p style=\"text-align: center\"><span style=\"font-family: georgia, palatino, serif\"><strong>N\u00ba de vagas: <\/strong><\/span><span style=\"font-family: georgia, palatino, serif\">25 vagas<\/span><\/p>\n<p style=\"text-align: center\"><span style=\"font-family: georgia, palatino, serif\"><strong>Data:<\/strong> 30\/05\/23<\/span><\/p>\n<p style=\"text-align: center\"><span style=\"font-family: georgia, palatino, serif\"><strong>Dura\u00e7\u00e3o:<\/strong> 3 horas<\/span><\/p>\n<p style=\"text-align: center\"><span style=\"font-family: georgia, palatino, serif\"><strong>Turno: <\/strong>manh\u00e3 (08h \u00e0s 11h)<\/span><\/p>\n<\/td>\n<td style=\"width: 50%\">\n<h4 style=\"text-align: center\"><span style=\"color: #ffffff\"><strong><a class=\"btn btn-primary\" style=\"color: #ffffff\" title=\"Inscri\u00e7\u00e3o\" href=\"https:\/\/forms.gle\/xhRZ5nKKc1e3wedj9\" target=\"_blank\" rel=\"noopener noreferrer\">Fa\u00e7a sua Inscri\u00e7\u00e3o<\/a><\/strong><\/span><\/h4>\n<\/td>\n<\/tr>\n<\/tbody>\n<\/table>\n<\/td>\n<\/tr>\n<tr style=\"height: 336px\">\n<td style=\"text-align: left;height: 336px\" colspan=\"2\">\n<h3><img decoding=\"async\" class=\"wp-image-9198 size-full alignleft\" src=\"https:\/\/cpcx.ufms.br\/files\/2023\/05\/Cuidado-enfermagem.jpeg\" alt=\"\" width=\"1200\" height=\"628\" srcset=\"https:\/\/cpcx.ufms.br\/files\/2023\/05\/Cuidado-enfermagem.jpeg 1200w, https:\/\/cpcx.ufms.br\/files\/2023\/05\/Cuidado-enfermagem-300x157.jpeg 300w, https:\/\/cpcx.ufms.br\/files\/2023\/05\/Cuidado-enfermagem-1024x536.jpeg 1024w, https:\/\/cpcx.ufms.br\/files\/2023\/05\/Cuidado-enfermagem-768x402.jpeg 768w, https:\/\/cpcx.ufms.br\/files\/2023\/05\/Cuidado-enfermagem-611x320.jpeg 611w\" sizes=\"(max-width: 1200px) 100vw, 1200px\" \/><\/h3>\n<\/td>\n<td style=\"width: 70.3049%;text-align: left;height: 336px\">\n<table style=\"border-collapse: collapse;width: 100%;height: 321px\">\n<tbody>\n<tr style=\"height: 137px\">\n<td style=\"width: 50%;height: 137px\" colspan=\"2\">\n<h3 style=\"text-align: center\"><strong>Ementa:<\/strong><\/h3>\n<p style=\"text-align: center\">Conhecer os cuidados de enfermagem prestados \u00e0 pessoa com insufici\u00eancia renal cr\u00f4nica durante a hemodi\u00e1lise, bem como vias de instala\u00e7\u00e3o: cateteres e f\u00edstulas; ser\u00e3o abordados o mecanismo envolvido na m\u00e1quina de di\u00e1lise e as solu\u00e7\u00f5es utilizadas.<\/p>\n<\/td>\n<\/tr>\n<tr style=\"height: 175px\">\n<td style=\"width: 50%;height: 184px\">\n<p style=\"text-align: center\"><span style=\"font-family: georgia, palatino, serif\"><strong>N\u00ba de vagas: <\/strong><\/span><span style=\"font-family: georgia, palatino, serif\">15 vagas<\/span><\/p>\n<p style=\"text-align: center\"><span style=\"font-family: georgia, palatino, serif\"><strong>Data:<\/strong> 30\/05\/23<\/span><\/p>\n<p style=\"text-align: center\"><span style=\"font-family: georgia, palatino, serif\"><strong>Dura\u00e7\u00e3o:<\/strong> 3 horas<\/span><\/p>\n<p style=\"text-align: center\"><span style=\"font-family: georgia, palatino, serif\"><strong>Turno: <\/strong>manh\u00e3 (08h \u00e0s 11h)<\/span><\/p>\n<\/td>\n<td style=\"width: 50%;height: 184px\">\n<h4 style=\"text-align: center\"><span style=\"color: #ffffff\"><strong><a class=\"btn btn-primary\" style=\"color: #ffffff\" title=\"Inscri\u00e7\u00f5es\" href=\"https:\/\/forms.gle\/xzupkkQPjmT3AAAt7\" target=\"_blank\" rel=\"noopener noreferrer\">Fa\u00e7a sua Inscri\u00e7\u00e3o<\/a><\/strong><\/span><\/h4>\n<\/td>\n<\/tr>\n<\/tbody>\n<\/table>\n<\/td>\n<\/tr>\n<tr style=\"height: 458px\">\n<td style=\"text-align: left;height: 458px\" colspan=\"2\">\n<h3><strong><span style=\"font-family: georgia, palatino, serif\"> <img loading=\"lazy\" decoding=\"async\" class=\"wp-image-9194 size-full alignleft\" src=\"https:\/\/cpcx.ufms.br\/files\/2023\/05\/Possibilidade-pesquisa.jpeg\" alt=\"\" width=\"1200\" height=\"628\" srcset=\"https:\/\/cpcx.ufms.br\/files\/2023\/05\/Possibilidade-pesquisa.jpeg 1200w, https:\/\/cpcx.ufms.br\/files\/2023\/05\/Possibilidade-pesquisa-300x157.jpeg 300w, https:\/\/cpcx.ufms.br\/files\/2023\/05\/Possibilidade-pesquisa-1024x536.jpeg 1024w, https:\/\/cpcx.ufms.br\/files\/2023\/05\/Possibilidade-pesquisa-768x402.jpeg 768w, https:\/\/cpcx.ufms.br\/files\/2023\/05\/Possibilidade-pesquisa-611x320.jpeg 611w\" sizes=\"(max-width: 1200px) 100vw, 1200px\" \/><\/span><\/strong><\/h3>\n<\/td>\n<td style=\"width: 70.3049%;text-align: left;height: 458px\">\n<table style=\"border-collapse: collapse;width: 100%\">\n<tbody>\n<tr>\n<td style=\"width: 50%\" colspan=\"2\">\n<h3 style=\"text-align: center\"><strong>Ementa:<\/strong><\/h3>\n<p style=\"text-align: center\">Ser\u00e3o recuperados dados do DATASUS para demonstrar algumas possibilidades de realizar pesquisas de forma r\u00e1pida. Utilizar esses dados economiza tempo de coleta de dados e dispensa a tramita\u00e7\u00e3o pelo sistema CEP\/CONEP.<\/p>\n<\/td>\n<\/tr>\n<tr>\n<td style=\"width: 50%\">\n<p style=\"text-align: center\"><span style=\"font-family: georgia, palatino, serif\"><strong>N\u00ba de vagas: <\/strong><\/span><span style=\"font-family: georgia, palatino, serif\">20 vagas<\/span><\/p>\n<p style=\"text-align: center\"><span style=\"font-family: georgia, palatino, serif\"><strong>Data:<\/strong> 30\/05\/23<\/span><\/p>\n<p style=\"text-align: center\"><span style=\"font-family: georgia, palatino, serif\"><strong>Dura\u00e7\u00e3o:<\/strong> 3 horas<\/span><\/p>\n<p style=\"text-align: center\"><span style=\"font-family: georgia, palatino, serif\"><strong>Turno: <\/strong>vespertino (13h30 min \u00e0s 16h30min)<\/span><\/p>\n<\/td>\n<td style=\"width: 50%\">\n<h4 style=\"text-align: center\"><span style=\"color: #ffffff\"><strong><a class=\"btn btn-primary\" style=\"color: #ffffff\" title=\"Inscri\u00e7\u00e3o\" href=\"https:\/\/forms.gle\/W9qnw368ULJ2g7X6A\" target=\"_blank\" rel=\"noopener noreferrer\">Fa\u00e7a sua Inscri\u00e7\u00e3o<\/a><\/strong><\/span><\/h4>\n<\/td>\n<\/tr>\n<\/tbody>\n<\/table>\n<\/td>\n<\/tr>\n<tr style=\"height: 361px\">\n<td style=\"text-align: left;height: 361px\" colspan=\"2\">\n<h3><strong><span style=\"font-family: georgia, palatino, serif\"><img loading=\"lazy\" decoding=\"async\" class=\"wp-image-9201 size-full alignleft\" src=\"https:\/\/cpcx.ufms.br\/files\/2023\/05\/pacientes-portadores.jpeg\" alt=\"\" width=\"1200\" height=\"628\" srcset=\"https:\/\/cpcx.ufms.br\/files\/2023\/05\/pacientes-portadores.jpeg 1200w, https:\/\/cpcx.ufms.br\/files\/2023\/05\/pacientes-portadores-300x157.jpeg 300w, https:\/\/cpcx.ufms.br\/files\/2023\/05\/pacientes-portadores-1024x536.jpeg 1024w, https:\/\/cpcx.ufms.br\/files\/2023\/05\/pacientes-portadores-768x402.jpeg 768w, https:\/\/cpcx.ufms.br\/files\/2023\/05\/pacientes-portadores-611x320.jpeg 611w\" sizes=\"(max-width: 1200px) 100vw, 1200px\" \/><\/span><\/strong><\/h3>\n<\/td>\n<td style=\"width: 70.3049%;text-align: left;height: 361px\">\n<table style=\"border-collapse: collapse;width: 100%;height: 153px\">\n<tbody>\n<tr style=\"height: 129px\">\n<td style=\"width: 50%;height: 129px\" colspan=\"2\">\n<h3 style=\"text-align: center\"><strong>Ementa:<\/strong><\/h3>\n<p style=\"text-align: center\">O minicurso abordar\u00e1 t\u00f3picos relacionados \u00e0 avalia\u00e7\u00e3o de feridas; modalidades de tratamento convencionais; atua\u00e7\u00e3o do enfermeiro no tratamento de laserterapia.<\/p>\n<\/td>\n<\/tr>\n<tr style=\"height: 24px\">\n<td style=\"width: 50%;height: 24px\">\n<p style=\"text-align: center\"><span style=\"font-family: georgia, palatino, serif\"><strong>N\u00ba de vagas: <\/strong><\/span><span style=\"font-family: georgia, palatino, serif;font-size: inherit\">30 vagas<\/span><\/p>\n<p style=\"text-align: center\"><span style=\"font-family: georgia, palatino, serif\"><strong>Data:<\/strong> 30\/05\/23<\/span><\/p>\n<p style=\"text-align: center\"><span style=\"font-family: georgia, palatino, serif\"><strong>Dura\u00e7\u00e3o:<\/strong> 3 horas<\/span><\/p>\n<p style=\"text-align: center\"><span style=\"font-family: georgia, palatino, serif\"><strong>Turno: <\/strong>manh\u00e3 (08h \u00e0s 11h)<\/span><\/p>\n<\/td>\n<td style=\"width: 50%;height: 24px\">\n<h4 style=\"text-align: center\"><span style=\"color: #ffffff\"><strong><a class=\"btn btn-primary\" style=\"color: #ffffff\" title=\"Inscri\u00e7\u00e3o\" href=\"https:\/\/forms.gle\/HXAFvPghmkYKraVt6\" target=\"_blank\" rel=\"noopener noreferrer\">Fa\u00e7a sua Inscri\u00e7\u00e3o<\/a><\/strong><\/span><\/h4>\n<\/td>\n<\/tr>\n<\/tbody>\n<\/table>\n<h3><strong><span style=\"font-family: georgia, palatino, serif\">\u00a0<\/span><\/strong><\/h3>\n<\/td>\n<\/tr>\n<tr style=\"height: 458px\">\n<td style=\"text-align: left;height: 458px\" colspan=\"2\">\n<h3><strong><span style=\"font-family: georgia, palatino, serif\"> <img loading=\"lazy\" decoding=\"async\" class=\"wp-image-9193 size-full alignleft\" src=\"https:\/\/cpcx.ufms.br\/files\/2023\/05\/preparado-e-adm.jpeg\" alt=\"\" width=\"1200\" height=\"628\" srcset=\"https:\/\/cpcx.ufms.br\/files\/2023\/05\/preparado-e-adm.jpeg 1200w, https:\/\/cpcx.ufms.br\/files\/2023\/05\/preparado-e-adm-300x157.jpeg 300w, https:\/\/cpcx.ufms.br\/files\/2023\/05\/preparado-e-adm-1024x536.jpeg 1024w, https:\/\/cpcx.ufms.br\/files\/2023\/05\/preparado-e-adm-768x402.jpeg 768w, https:\/\/cpcx.ufms.br\/files\/2023\/05\/preparado-e-adm-611x320.jpeg 611w\" sizes=\"(max-width: 1200px) 100vw, 1200px\" \/><\/span><\/strong><\/h3>\n<\/td>\n<td style=\"width: 70.3049%;text-align: left;height: 458px\">\n<table style=\"border-collapse: collapse;width: 100%;height: 328px\">\n<tbody>\n<tr style=\"height: 153px\">\n<td style=\"width: 100%;height: 153px\" colspan=\"2\">\n<h3 style=\"text-align: center\"><strong>Ementa:<\/strong><\/h3>\n<p style=\"text-align: center\">O minicurso ir\u00e1 fornecer subs\u00eddios te\u00f3ricos &#8211; pr\u00e1ticos, \u00e9ticos e legais aos alunos de enfermagem para o preparo e administra\u00e7\u00e3o segura de medicamentos. Al\u00e9m de compreender os aspectos b\u00e1sicos da farmacoterapia e pr\u00e1ticos da administra\u00e7\u00e3o de medicamentos.<\/p>\n<\/td>\n<\/tr>\n<tr style=\"height: 175px\">\n<td style=\"width: 50%;height: 175px\">\n<p style=\"text-align: center\"><span style=\"font-family: georgia, palatino, serif\"><strong>N\u00ba de vagas: <\/strong><\/span><span style=\"font-family: georgia, palatino, serif\">15 vagas<\/span><\/p>\n<p style=\"text-align: center\"><span style=\"font-family: georgia, palatino, serif\"><strong>Data:<\/strong> 30\/05\/23<\/span><\/p>\n<p style=\"text-align: center\"><span style=\"font-family: georgia, palatino, serif\"><strong>Dura\u00e7\u00e3o:<\/strong> 3 horas<\/span><\/p>\n<p style=\"text-align: center\"><span style=\"font-family: georgia, palatino, serif\"><strong>Turno: <\/strong>manh\u00e3 (08h \u00e0s 11h)<\/span><\/p>\n<\/td>\n<td style=\"width: 50%;height: 175px\">\n<h4 style=\"text-align: center\"><span style=\"color: #ffffff\"><strong><a class=\"btn btn-primary\" style=\"color: #ffffff\" title=\"Inscri\u00e7\u00e3o\" href=\"https:\/\/forms.gle\/rPmC4CHyBuQo5xKp6\" target=\"_blank\" rel=\"noopener noreferrer\">Fa\u00e7a sua Inscri\u00e7\u00e3o<\/a><\/strong><\/span><\/h4>\n<\/td>\n<\/tr>\n<\/tbody>\n<\/table>\n<\/td>\n<\/tr>\n<tr>\n<td style=\"text-align: left\" colspan=\"2\" rowspan=\"2\"><a href=\"https:\/\/cpcx.ufms.br\/files\/2023\/05\/1200x628-Prevenindo-e-Tratando-a-Incontinencia-Urinaria-Feminina.png\"><img loading=\"lazy\" decoding=\"async\" class=\"alignnone size-full wp-image-9257\" src=\"https:\/\/cpcx.ufms.br\/files\/2023\/05\/1200x628-Prevenindo-e-Tratando-a-Incontinencia-Urinaria-Feminina.png\" alt=\"\" width=\"1200\" height=\"628\" srcset=\"https:\/\/cpcx.ufms.br\/files\/2023\/05\/1200x628-Prevenindo-e-Tratando-a-Incontinencia-Urinaria-Feminina.png 1200w, https:\/\/cpcx.ufms.br\/files\/2023\/05\/1200x628-Prevenindo-e-Tratando-a-Incontinencia-Urinaria-Feminina-300x157.png 300w, https:\/\/cpcx.ufms.br\/files\/2023\/05\/1200x628-Prevenindo-e-Tratando-a-Incontinencia-Urinaria-Feminina-1024x536.png 1024w, https:\/\/cpcx.ufms.br\/files\/2023\/05\/1200x628-Prevenindo-e-Tratando-a-Incontinencia-Urinaria-Feminina-768x402.png 768w, https:\/\/cpcx.ufms.br\/files\/2023\/05\/1200x628-Prevenindo-e-Tratando-a-Incontinencia-Urinaria-Feminina-611x320.png 611w\" sizes=\"(max-width: 1200px) 100vw, 1200px\" \/><\/a><\/p>\n<h3><strong><span style=\"font-family: georgia, palatino, serif\">\u00a0<\/span><\/strong><\/h3>\n<\/td>\n<td style=\"width: 70.3049%;text-align: left\" rowspan=\"2\">\n<h3 style=\"text-align: center\"><strong>Ementa:<\/strong><\/h3>\n<p style=\"text-align: center\">O minicurso explora os diferentes tipos, causas e fatores de risco associados \u00e0 incontin\u00eancia urin\u00e1ria. Ele oferece estrat\u00e9gias preventivas, incluindo exerc\u00edcios de fortalecimento do assoalho p\u00e9lvico, como os exerc\u00edcios de Kegel, e a ado\u00e7\u00e3o de h\u00e1bitos saud\u00e1veis. O objetivo principal \u00e9 capacitar os participantes a cuidar da sa\u00fade urin\u00e1ria, proporcionando-lhes conhecimento e ferramentas para melhorar sua qualidade de vida.<\/p>\n<table style=\"border-collapse: collapse;width: 100%\">\n<tbody>\n<tr>\n<td style=\"width: 50%\">\n<p style=\"text-align: center\"><span style=\"font-family: georgia, palatino, serif\"><strong>N\u00ba de vagas: <\/strong><\/span><span style=\"font-family: georgia, palatino, serif\">30 vagas<\/span><\/p>\n<p style=\"text-align: center\"><span style=\"font-family: georgia, palatino, serif\"><strong>Data:<\/strong> 30\/05\/23<\/span><\/p>\n<p style=\"text-align: center\"><span style=\"font-family: georgia, palatino, serif\"><strong>Dura\u00e7\u00e3o:<\/strong> 3 horas<\/span><\/p>\n<p style=\"text-align: center\"><span style=\"font-family: georgia, palatino, serif\"><strong>Turno: <\/strong>vespertino\u00a0(13:30h \u00e0s 16:30h)<\/span><\/p>\n<\/td>\n<td style=\"width: 50%\">\n<h4 style=\"text-align: center\"><span style=\"color: #ffffff\"><strong><a class=\"btn btn-primary\" style=\"color: #ffffff\" title=\"Inscri\u00e7\u00e3o\" href=\"https:\/\/docs.google.com\/forms\/d\/1YTRXANWxj8JWu92RNVAdXjmr3NbZV5ikzbal0WYn8RI\" target=\"_blank\" rel=\"noopener noreferrer\">Fa\u00e7a sua Inscri\u00e7\u00e3o<\/a><\/strong><\/span><\/h4>\n<\/td>\n<\/tr>\n<\/tbody>\n<\/table>\n<h3 style=\"text-align: center\"><strong>\u00a0<\/strong><\/h3>\n<\/td>\n<\/tr>\n<\/tbody>\n<\/table>\n<\/div>\n<\/div>\n","protected":false},"excerpt":{"rendered":"<p>&nbsp; &nbsp; Ementa: Conceitos e defini\u00e7\u00f5es sobre imuniza\u00e7\u00e3o. Calend\u00e1rio b\u00e1sico de vacina\u00e7\u00e3o segundo o Programa Nacional de Imuniza\u00e7\u00e3o do Minist\u00e9rio da Sa\u00fade. Sala de Vacina\u00e7\u00e3o: conserva\u00e7\u00e3o dos imunobiol\u00f3gicos, preparo, administra\u00e7\u00e3o e registro de vacina\u00e7\u00e3o. N\u00ba de vagas: 15 vagas Data: 30\/05\/23 Dura\u00e7\u00e3o: 3 horas Turno: Manh\u00e3 (08h \u00e0s 11h) Fa\u00e7a sua Inscri\u00e7\u00e3o Ementa: Controle emocional [&hellip;]<\/p>\n","protected":false},"author":55297,"featured_media":0,"parent":0,"menu_order":0,"comment_status":"closed","ping_status":"closed","template":"page-templates\/full-width.php","meta":{"_eb_attr":"","ngg_post_thumbnail":0,"footnotes":""},"coauthors":[],"class_list":["post-9141","page","type-page","status-publish","hentry"],"_links":{"self":[{"href":"https:\/\/cpcx.ufms.br\/en\/wp-json\/wp\/v2\/pages\/9141","targetHints":{"allow":["GET"]}}],"collection":[{"href":"https:\/\/cpcx.ufms.br\/en\/wp-json\/wp\/v2\/pages"}],"about":[{"href":"https:\/\/cpcx.ufms.br\/en\/wp-json\/wp\/v2\/types\/page"}],"author":[{"embeddable":true,"href":"https:\/\/cpcx.ufms.br\/en\/wp-json\/wp\/v2\/users\/55297"}],"replies":[{"embeddable":true,"href":"https:\/\/cpcx.ufms.br\/en\/wp-json\/wp\/v2\/comments?post=9141"}],"version-history":[{"count":32,"href":"https:\/\/cpcx.ufms.br\/en\/wp-json\/wp\/v2\/pages\/9141\/revisions"}],"predecessor-version":[{"id":9258,"href":"https:\/\/cpcx.ufms.br\/en\/wp-json\/wp\/v2\/pages\/9141\/revisions\/9258"}],"wp:attachment":[{"href":"https:\/\/cpcx.ufms.br\/en\/wp-json\/wp\/v2\/media?parent=9141"}],"wp:term":[{"taxonomy":"author","embeddable":true,"href":"https:\/\/cpcx.ufms.br\/en\/wp-json\/wp\/v2\/coauthors?post=9141"}],"curies":[{"name":"wp","href":"https:\/\/api.w.org\/{rel}","templated":true}]}}