{"id":9145,"date":"2023-05-10T14:32:13","date_gmt":"2023-05-10T18:32:13","guid":{"rendered":"https:\/\/cpcx.ufms.br\/?page_id=9145"},"modified":"2023-05-11T07:43:23","modified_gmt":"2023-05-11T11:43:23","slug":"materiais-de-apoio","status":"publish","type":"page","link":"https:\/\/cpcx.ufms.br\/en\/materiais-de-apoio\/","title":{"rendered":"Materiais de Apoio"},"content":{"rendered":"<table style=\"border-collapse: collapse;width: 100.125%;height: 275px\">\n<tbody>\n<tr style=\"height: 89px\">\n<td style=\"width: 39.0854%;text-align: center;height: 89px\" colspan=\"4\">\n<h3><strong>REALIZA\u00c7\u00c3O:<\/strong><\/h3>\n<\/td>\n<\/tr>\n<tr style=\"height: 24px\">\n<td style=\"width: 39.0854%;text-align: center;height: 24px\"><a href=\"https:\/\/cpcx.ufms.br\/files\/2023\/05\/2223.jpg\"><img decoding=\"async\" class=\"wp-image-9215 alignright\" src=\"https:\/\/cpcx.ufms.br\/files\/2023\/05\/2223-300x175.jpg\" alt=\"\" width=\"279\" height=\"163\" srcset=\"https:\/\/cpcx.ufms.br\/files\/2023\/05\/2223-300x175.jpg 300w, https:\/\/cpcx.ufms.br\/files\/2023\/05\/2223-549x320.jpg 549w, https:\/\/cpcx.ufms.br\/files\/2023\/05\/2223.jpg 600w\" sizes=\"(max-width: 279px) 100vw, 279px\" \/><\/a><\/td>\n<td style=\"width: 31.523%;text-align: center;height: 24px\"><a href=\"https:\/\/cpcx.ufms.br\/files\/2023\/05\/enf.jpg\"><img decoding=\"async\" class=\"wp-image-9216 aligncenter\" src=\"https:\/\/cpcx.ufms.br\/files\/2023\/05\/enf-150x150.jpg\" alt=\"\" width=\"143\" height=\"143\" \/><\/a><\/td>\n<td style=\"width: 29.9638%;text-align: center;height: 24px\"><a href=\"https:\/\/cpcx.ufms.br\/files\/2023\/05\/images.png\"><img decoding=\"async\" class=\"alignright wp-image-9214\" src=\"https:\/\/cpcx.ufms.br\/files\/2023\/05\/images-150x150.png\" alt=\"\" width=\"122\" height=\"122\" \/><\/a><\/td>\n<td style=\"width: 3.51538%;height: 24px\"><\/td>\n<\/tr>\n<\/tbody>\n<\/table>\n<ul>\n<li>Santiago, E. Confer\u00eancia de Bandung. Dispon\u00edvel em:\u00a0<a href=\"https:\/\/www.infoescola.com\/historia\/%0Dconferencia-de-bandung\/\" target=\"_blank\" rel=\"noopener\" data-saferedirecturl=\"https:\/\/www.google.com\/url?q=https:\/\/www.infoescola.com\/historia\/%250Dconferencia-de-bandung\/&amp;source=gmail&amp;ust=1683825399641000&amp;usg=AOvVaw1tSS_9z7fDnhqGacOAkf1M\">https:\/\/www.infoescola.com\/historia\/ conferencia-de-bandung\/<\/a><\/li>\n<li>D\u00e1valos, P. Os dispositivos de poder na Am\u00e9rica Latina n\u00e3o s\u00e3o apenas econ\u00f4micos mas tamb\u00e9m raciais. Dispon\u00edvel em:\u00a0<a href=\"https:\/\/www.epsjv.fiocruz.br\/noticias\/entrevista\/%0Dos-dispositivos-de-poder-na-america-latina-nao-sao-apenas-economicos-mas-tambem\" target=\"_blank\" rel=\"noopener\" data-saferedirecturl=\"https:\/\/www.google.com\/url?q=https:\/\/www.epsjv.fiocruz.br\/noticias\/entrevista\/%250Dos-dispositivos-de-poder-na-america-latina-nao-sao-apenas-economicos-mas-tambem&amp;source=gmail&amp;ust=1683825399641000&amp;usg=AOvVaw0WLP2UqJyKVSWgjPZKUna-\">https:\/\/www.epsjv.fiocruz.br\/noticias\/entrevista\/ os-dispositivos-de-poder-na-america-latina-nao-sao-apenas-economicos-mas-tambem<\/a><\/li>\n<li>Felicidade Interna Bruta analisa a qualidade de vida de um pa\u00eds: PIB e IDH s\u00e3o \u00edndices de atividade econ\u00f4mica, mas n\u00e3o de bem-estar. Globo Ci\u00eancia. 07\/07\/2012. Dispon\u00edvel em:\u00a0<a href=\"https:\/\/redeglobo.globo.com\/globociencia\/noticia\/2012\/07\/felicidade-interna-bruta-sepropoe-analisar-qualidade-de-vida-de-um-pais.html\" target=\"_blank\" rel=\"noopener\" data-saferedirecturl=\"https:\/\/www.google.com\/url?q=https:\/\/redeglobo.globo.com\/globociencia\/noticia\/2012\/07\/felicidade-interna-bruta-sepropoe-analisar-qualidade-de-vida-de-um-pais.html&amp;source=gmail&amp;ust=1683825399641000&amp;usg=AOvVaw1lvCMjtEgAX94Mb7WeJ9yh\">https:\/\/redeglobo.globo.com\/globociencia\/noticia\/2012\/07\/felicidade-interna-bruta-sepropoe-analisar-qualidade-de-vida-de-um-pais.html<\/a><\/li>\n<li>Araujo, F. Felicidade Interna Bruta (FIB). Dispon\u00edvel em:\u00a0<a href=\"https:\/\/www.infoescola.com\/%0Dsociedade\/felicidade-interna-bruta-fib\/\" target=\"_blank\" rel=\"noopener\" data-saferedirecturl=\"https:\/\/www.google.com\/url?q=https:\/\/www.infoescola.com\/%250Dsociedade\/felicidade-interna-bruta-fib\/&amp;source=gmail&amp;ust=1683825399641000&amp;usg=AOvVaw2vB_AJSWUCCoiWMQIbxdh_\">https:\/\/www.infoescola.com\/ sociedade\/felicidade-interna-bruta-fib\/<\/a><\/li>\n<li>Helv\u00e9cia, H. Folha de S\u00e3o Paulo Especial. Dispon\u00edvel em:\u00a0<a href=\"https:\/\/www1.folha.uol.com.br\/fsp\/%0Despecial\/46876-onu-quer-felicidade-interna-bruta-para-todos.shtml\" target=\"_blank\" rel=\"noopener\" data-saferedirecturl=\"https:\/\/www.google.com\/url?q=https:\/\/www1.folha.uol.com.br\/fsp\/%250Despecial\/46876-onu-quer-felicidade-interna-bruta-para-todos.shtml&amp;source=gmail&amp;ust=1683825399641000&amp;usg=AOvVaw26t01nduVaQBjlzR89bsQ5\">https:\/\/www1.folha.uol.com.br\/fsp\/ especial\/46876-onu-quer-felicidade-interna-bruta-para-todos.shtml<\/a><\/li>\n<\/ul>\n<p><iframe title=\"Di\u00e1logos com Antonio Negri - A revolta da Multid\u00e3o e a constitui\u00e7\u00e3o do Bem Viver\" width=\"500\" height=\"281\" src=\"https:\/\/www.youtube.com\/embed\/pw1Fa5Pv78c?feature=oembed\" frameborder=\"0\" allow=\"accelerometer; autoplay; clipboard-write; encrypted-media; gyroscope; picture-in-picture; web-share\" referrerpolicy=\"strict-origin-when-cross-origin\" allowfullscreen><\/iframe><\/p>\n<h5 style=\"text-align: left\">Di\u00e1logos com Antonio Negri &#8211; A revolta da Multid\u00e3o e a constitui\u00e7\u00e3o do Bem Viver<\/h5>\n<p><iframe title=\"Byung-Chul Han: Sociedade do Cansa\u00e7o [Document\u00e1rio Completo, 2015] Legendado\/Subtitulado\" width=\"500\" height=\"281\" src=\"https:\/\/www.youtube.com\/embed\/VbPvH515KoY?feature=oembed\" frameborder=\"0\" allow=\"accelerometer; autoplay; clipboard-write; encrypted-media; gyroscope; picture-in-picture; web-share\" referrerpolicy=\"strict-origin-when-cross-origin\" allowfullscreen><\/iframe><\/p>\n<h5 style=\"text-align: left\">Han, Byung-Chul: Sociedade do Cansa\u00e7o<\/h5>\n<p><iframe title=\"Ailton Krenak: &quot;A natureza n\u00e3o \u00e9 uma fonte inesgot\u00e1vel&quot;\" width=\"500\" height=\"281\" src=\"https:\/\/www.youtube.com\/embed\/OzV5xFWZdy0?feature=oembed\" frameborder=\"0\" allow=\"accelerometer; autoplay; clipboard-write; encrypted-media; gyroscope; picture-in-picture; web-share\" referrerpolicy=\"strict-origin-when-cross-origin\" allowfullscreen><\/iframe><\/p>\n<h5 style=\"text-align: left\">Krenak, A. \u201cA natureza n\u00e3o \u00e9 uma fonte inesgot\u00e1vel<\/h5>\n<p><iframe title=\"Ailton Krenak - Filosofia amer\u00edndia: por um outro modo de pensar e viver...\" width=\"500\" height=\"281\" src=\"https:\/\/www.youtube.com\/embed\/g4_hnApXhrU?feature=oembed\" frameborder=\"0\" allow=\"accelerometer; autoplay; clipboard-write; encrypted-media; gyroscope; picture-in-picture; web-share\" referrerpolicy=\"strict-origin-when-cross-origin\" allowfullscreen><\/iframe><\/p>\n<h5 style=\"text-align: left\">Krenak, A. Filosofia amer\u00edndia: por um outro modo de pensar e viver\u2026 Agenciamentos.<\/h5>\n<p><iframe title=\"Vozes da Floresta | Ailton Krenak\" width=\"500\" height=\"281\" src=\"https:\/\/www.youtube.com\/embed\/KRTJIh1os4w?feature=oembed\" frameborder=\"0\" allow=\"accelerometer; autoplay; clipboard-write; encrypted-media; gyroscope; picture-in-picture; web-share\" referrerpolicy=\"strict-origin-when-cross-origin\" allowfullscreen><\/iframe><\/p>\n<h5 style=\"text-align: left\">Krenak, A. Vozes da Floresta. Le Monde Diplomatique Brasil<\/h5>\n<p><iframe title=\"Palestra - Os desafios para a agenda da sustentabilidade | Leonardo Boff\" width=\"500\" height=\"281\" src=\"https:\/\/www.youtube.com\/embed\/jrLgTJC7JtE?feature=oembed\" frameborder=\"0\" allow=\"accelerometer; autoplay; clipboard-write; encrypted-media; gyroscope; picture-in-picture; web-share\" referrerpolicy=\"strict-origin-when-cross-origin\" allowfullscreen><\/iframe><\/p>\n<h5 style=\"text-align: left\">Boff, L. Palestra &#8211; Os desafios para a agenda da sustentabilidade.<\/h5>\n<p>&nbsp;<\/p>\n","protected":false},"excerpt":{"rendered":"<p>REALIZA\u00c7\u00c3O: Santiago, E. Confer\u00eancia de Bandung. Dispon\u00edvel em:\u00a0https:\/\/www.infoescola.com\/historia\/ conferencia-de-bandung\/ D\u00e1valos, P. Os dispositivos de poder na Am\u00e9rica Latina n\u00e3o s\u00e3o apenas econ\u00f4micos mas tamb\u00e9m raciais. Dispon\u00edvel em:\u00a0https:\/\/www.epsjv.fiocruz.br\/noticias\/entrevista\/ os-dispositivos-de-poder-na-america-latina-nao-sao-apenas-economicos-mas-tambem Felicidade Interna Bruta analisa a qualidade de vida de um pa\u00eds: PIB e IDH s\u00e3o \u00edndices de atividade econ\u00f4mica, mas n\u00e3o de bem-estar. Globo Ci\u00eancia. 07\/07\/2012. Dispon\u00edvel [&hellip;]<\/p>\n","protected":false},"author":55297,"featured_media":0,"parent":0,"menu_order":0,"comment_status":"closed","ping_status":"closed","template":"","meta":{"_eb_attr":"","ngg_post_thumbnail":0,"footnotes":""},"coauthors":[],"class_list":["post-9145","page","type-page","status-publish","hentry"],"_links":{"self":[{"href":"https:\/\/cpcx.ufms.br\/en\/wp-json\/wp\/v2\/pages\/9145","targetHints":{"allow":["GET"]}}],"collection":[{"href":"https:\/\/cpcx.ufms.br\/en\/wp-json\/wp\/v2\/pages"}],"about":[{"href":"https:\/\/cpcx.ufms.br\/en\/wp-json\/wp\/v2\/types\/page"}],"author":[{"embeddable":true,"href":"https:\/\/cpcx.ufms.br\/en\/wp-json\/wp\/v2\/users\/55297"}],"replies":[{"embeddable":true,"href":"https:\/\/cpcx.ufms.br\/en\/wp-json\/wp\/v2\/comments?post=9145"}],"version-history":[{"count":9,"href":"https:\/\/cpcx.ufms.br\/en\/wp-json\/wp\/v2\/pages\/9145\/revisions"}],"predecessor-version":[{"id":9219,"href":"https:\/\/cpcx.ufms.br\/en\/wp-json\/wp\/v2\/pages\/9145\/revisions\/9219"}],"wp:attachment":[{"href":"https:\/\/cpcx.ufms.br\/en\/wp-json\/wp\/v2\/media?parent=9145"}],"wp:term":[{"taxonomy":"author","embeddable":true,"href":"https:\/\/cpcx.ufms.br\/en\/wp-json\/wp\/v2\/coauthors?post=9145"}],"curies":[{"name":"wp","href":"https:\/\/api.w.org\/{rel}","templated":true}]}}