{"id":9605,"date":"2023-08-18T07:24:50","date_gmt":"2023-08-18T11:24:50","guid":{"rendered":"https:\/\/cpcx.ufms.br\/?page_id=9605"},"modified":"2025-10-06T13:10:27","modified_gmt":"2025-10-06T17:10:27","slug":"projeto-unapi","status":"publish","type":"page","link":"https:\/\/cpcx.ufms.br\/en\/projeto-unapi\/","title":{"rendered":"Universidade Aberta \u00e0 Pessoa Idosa (UnAPI)"},"content":{"rendered":"<div style=\"text-align: center\">\n<div style=\"text-align: center\">\n<div style=\"text-align: center\">\n<div style=\"text-align: center\">\n<div style=\"text-align: center\">\n<div style=\"text-align: center\">\n<div style=\"text-align: center\">\n<div style=\"text-align: center\">\n<div style=\"text-align: center\">\n<p style=\"text-align: justify\" data-start=\"254\" data-end=\"824\"><strong data-start=\"254\" data-end=\"300\">Universidade Aberta \u00e0 Pessoa Idosa (UnAPI)<\/strong> \u00e9 um programa institucional de extens\u00e3o da Universidade Federal de Mato Grosso do Sul (UFMS) que se dedica a <strong data-start=\"410\" data-end=\"494\">organizar, promover e fortalecer a\u00e7\u00f5es integradas de ensino, pesquisa e extens\u00e3o<\/strong>, com foco na valoriza\u00e7\u00e3o da pessoa idosa na sociedade. Mais do que apenas um espa\u00e7o acad\u00eamico, a UnAPI busca <strong data-start=\"604\" data-end=\"673\">qualificar servi\u00e7os e pol\u00edticas p\u00fablicas voltados a esse segmento<\/strong>, articulando iniciativas de maneira a explorar a diversidade multicampi da universidade e fomentando a intersetorialidade e a interdisciplinaridade.<\/p>\n<p style=\"text-align: justify\" data-start=\"826\" data-end=\"1254\">O programa se pauta nos princ\u00edpios da extens\u00e3o universit\u00e1ria, entendida como um processo <strong data-start=\"915\" data-end=\"951\">educativo, cultural e cient\u00edfico<\/strong>, intimamente conectado ao ensino e \u00e0 pesquisa. Nesse contexto, a UnAPI atua como um <strong data-start=\"1036\" data-end=\"1128\">elo entre os saberes acad\u00eamicos e os conhecimentos constru\u00eddos em outros espa\u00e7os sociais<\/strong>, promovendo a troca de experi\u00eancias e a valoriza\u00e7\u00e3o das viv\u00eancias e compet\u00eancias adquiridas fora do ambiente universit\u00e1rio.<\/p>\n<p style=\"text-align: justify\" data-start=\"1256\" data-end=\"1779\">Ao mesmo tempo, o programa <strong data-start=\"1283\" data-end=\"1349\">democratiza o acesso ao conhecimento produzido na universidade<\/strong>, criando oportunidades para que a comunidade participe ativamente da vida acad\u00eamica, seja por meio de oficinas, cursos, eventos culturais ou projetos de pesquisa aplicada. Com isso, a UnAPI n\u00e3o apenas contribui para o desenvolvimento pessoal e social das pessoas idosas, mas tamb\u00e9m fortalece a integra\u00e7\u00e3o da universidade com a comunidade, consolidando um espa\u00e7o de aprendizado m\u00fatuo e de reconhecimento da diversidade de saberes.<\/p>\n<p style=\"text-align: justify\" data-start=\"1256\" data-end=\"1779\">O Programa UnAPI\/UFMS organiza suas a\u00e7\u00f5es em torno de quatro eixos estrat\u00e9gicos e interdependentes, de car\u00e1ter multidisciplinar. S\u00e3o esses:<\/p>\n<table style=\"border-collapse: collapse;width: 100%;height: 221px\">\n<tbody>\n<tr style=\"height: 221px\">\n<td style=\"width: 79.0451%;text-align: center;height: 221px\"><a href=\"https:\/\/cpcx.ufms.br\/files\/2025\/09\/Fonte-Tec.-Info.-Maicon-C.A.C1.png\"><img fetchpriority=\"high\" decoding=\"async\" class=\"alignnone wp-image-12583 \" src=\"https:\/\/cpcx.ufms.br\/files\/2025\/09\/Fonte-Tec.-Info.-Maicon-C.A.C1.png\" alt=\"\" width=\"1427\" height=\"803\" srcset=\"https:\/\/cpcx.ufms.br\/files\/2025\/09\/Fonte-Tec.-Info.-Maicon-C.A.C1.png 1280w, https:\/\/cpcx.ufms.br\/files\/2025\/09\/Fonte-Tec.-Info.-Maicon-C.A.C1-300x169.png 300w, https:\/\/cpcx.ufms.br\/files\/2025\/09\/Fonte-Tec.-Info.-Maicon-C.A.C1-1024x576.png 1024w, https:\/\/cpcx.ufms.br\/files\/2025\/09\/Fonte-Tec.-Info.-Maicon-C.A.C1-768x432.png 768w, https:\/\/cpcx.ufms.br\/files\/2025\/09\/Fonte-Tec.-Info.-Maicon-C.A.C1-569x320.png 569w\" sizes=\"(max-width: 1427px) 100vw, 1427px\" \/><\/a><\/td>\n<\/tr>\n<\/tbody>\n<\/table>\n<hr>\n<h2 style=\"text-align: left\">P\u00fablico-Alvo<\/h2>\n<p style=\"text-align: justify\">As a\u00e7\u00f5es da UnAPI s\u00e3o voltadas principalmente para os <strong data-start=\"516\" data-end=\"550\">idosos da comunidade coxinense<\/strong>, alcan\u00e7ando tanto os participantes do <strong data-start=\"589\" data-end=\"647\">Centro de Conviv\u00eancia da Pessoa Idosa (CCI Real Idade)<\/strong> quanto aqueles presentes em <strong data-start=\"676\" data-end=\"709\">diversos espa\u00e7os comunit\u00e1rios<\/strong>, ampliando o acesso e a participa\u00e7\u00e3o desse p\u00fablico nas atividades oferecidas.<\/p>\n<p style=\"text-align: left\">Entre as diversas a\u00e7\u00f5es e eventos promovidos pela UnAPI\/Polo Coxim, quatro Projetos de Extens\u00e3o encontram-se em andamento e cadastrados no SIGPROJ:<\/p>\n<hr>\n<\/div>\n<\/div>\n<\/div>\n<p>&nbsp;<\/p>\n<p style=\"text-align: justify\"><div class=\"panel-group\" id=\"custom-collapse-0\">\n<div class=\"panel panel-default\">\n\t\t\t\t<div class=\"panel-heading\">\n\t\t\t\t\t<h4 class=\"panel-title\">\n\t\t\t\t\t\t<a class=\"\" data-toggle=\"collapse\" data-parent=\"#custom-collapse-0\" href=\"#custom-collapse-0-0\">Sa\u00fade em Dia para a Pessoa Idosa - UnAPI\/UFMS Polo Coxim<\/a>\n\t\t\t\t\t<\/h4>\n\t\t\t\t<\/div>\n\t\t\t\t<div id=\"custom-collapse-0-0\" class=\"panel-collapse in\">\n\t\t\t\t\t<div class=\"panel-body\">\n<table style=\"border-collapse: collapse;width: 100%;height: 10px\">\n<tbody>\n<tr style=\"height: 255px\">\n<td style=\"width: 3.43137%;height: 10px\">&nbsp;<\/td>\n<td style=\"width: 40.4956%;text-align: center;height: 10px\"><a href=\"https:\/\/cpcx.ufms.br\/files\/2025\/09\/UFMS1.png\"><img decoding=\"async\" class=\"alignnone wp-image-12333\" src=\"https:\/\/cpcx.ufms.br\/files\/2025\/09\/UFMS1-300x300.png\" alt=\"\" width=\"200\" height=\"200\" srcset=\"https:\/\/cpcx.ufms.br\/files\/2025\/09\/UFMS1-300x300.png 300w, https:\/\/cpcx.ufms.br\/files\/2025\/09\/UFMS1-1024x1024.png 1024w, https:\/\/cpcx.ufms.br\/files\/2025\/09\/UFMS1-150x150.png 150w, https:\/\/cpcx.ufms.br\/files\/2025\/09\/UFMS1-768x768.png 768w, https:\/\/cpcx.ufms.br\/files\/2025\/09\/UFMS1-320x320.png 320w, https:\/\/cpcx.ufms.br\/files\/2025\/09\/UFMS1.png 1080w\" sizes=\"(max-width: 200px) 100vw, 200px\" \/><\/a><\/td>\n<td style=\"width: 2.36926%;text-align: center;height: 10px\">&nbsp;<\/td>\n<td style=\"width: 50.3449%;text-align: center;height: 10px\">\n<p style=\"text-align: justify\"><span style=\"font-size: 12pt\">\u201c<em><strong>Sa\u00fade em Dia para a Pessoa Idosa &#8211; UnAPI\/UFMS Polo Coxim<\/strong><\/em>\u201d.<\/span><\/p>\n<p style=\"text-align: justify\"><span style=\"font-size: 12pt\">Curso: <strong>Enfermagem<\/strong>.<\/span><\/p>\n<p style=\"text-align: justify\">Edital: <span style=\"font-size: 12pt\"><a href=\"https:\/\/boletimoficial.ufms.br\/bse\/publicacao?id=477127\">EDITAL UFMS\/PROECE N\u00ba 376\/2022 &#8211; EXT\/PROECE-2023<\/a>.<\/span><\/p>\n<p style=\"text-align: justify\"><span style=\"font-size: 12pt\">Coordenado pelo <strong>Prof. Dr. Jo\u00e3o Paulo Assun\u00e7\u00e3o Borges<\/strong>.<\/span><\/p>\n<p style=\"text-align: justify\" data-start=\"1733\" data-end=\"2042\">O projeto busca promover <strong>a\u00e7\u00f5es de sa\u00fade<\/strong> voltadas \u00e0 pessoa idosa, priorizando o <strong>cuidado<\/strong> <strong>preventivo<\/strong>, a <strong>promo\u00e7\u00e3o do bem-estar<\/strong> e o <strong>incentivo ao autocuidado<\/strong>. S\u00e3o realizadas <strong>oficinas<\/strong>, <strong>palestras<\/strong> e <strong>atendimentos<\/strong> que fortalecem a <strong>integra\u00e7\u00e3o entre a comunidade acad\u00eamica e a comunidade loca<\/strong>l.<\/p>\n<\/td>\n<td style=\"width: 3.35875%;height: 10px\">&nbsp;<\/td>\n<\/tr>\n<\/tbody>\n<\/table>\n<p style=\"text-align: justify\"><\/div>\n\t\t\t\t<\/div>\n\t\t\t<\/div>\n<div class=\"panel panel-default\">\n\t\t\t\t<div class=\"panel-heading\">\n\t\t\t\t\t<h4 class=\"panel-title\">\n\t\t\t\t\t\t<a class=\"\" data-toggle=\"collapse\" data-parent=\"#custom-collapse-0\" href=\"#custom-collapse-0-1\">Por dentro da lei: cidadania e justi\u00e7a social da pessoa idosa<\/a>\n\t\t\t\t\t<\/h4>\n\t\t\t\t<\/div>\n\t\t\t\t<div id=\"custom-collapse-0-1\" class=\"panel-collapse in\">\n\t\t\t\t\t<div class=\"panel-body\">\n<table style=\"border-collapse: collapse;width: 100%;height: 10px\">\n<tbody>\n<tr style=\"height: 255px\">\n<td style=\"width: 3.43137%;height: 10px\">&nbsp;<\/td>\n<td style=\"width: 40.4956%;text-align: center;height: 10px\"><a href=\"https:\/\/cpcx.ufms.br\/files\/2025\/09\/UFMS-11.png\"><img decoding=\"async\" class=\"alignnone wp-image-12332\" src=\"https:\/\/cpcx.ufms.br\/files\/2025\/09\/UFMS-11-300x300.png\" alt=\"\" width=\"200\" height=\"200\" srcset=\"https:\/\/cpcx.ufms.br\/files\/2025\/09\/UFMS-11-300x300.png 300w, https:\/\/cpcx.ufms.br\/files\/2025\/09\/UFMS-11-1024x1024.png 1024w, https:\/\/cpcx.ufms.br\/files\/2025\/09\/UFMS-11-150x150.png 150w, https:\/\/cpcx.ufms.br\/files\/2025\/09\/UFMS-11-768x768.png 768w, https:\/\/cpcx.ufms.br\/files\/2025\/09\/UFMS-11-320x320.png 320w, https:\/\/cpcx.ufms.br\/files\/2025\/09\/UFMS-11.png 1080w\" sizes=\"(max-width: 200px) 100vw, 200px\" \/><\/a><\/td>\n<td style=\"width: 2.36926%;text-align: center;height: 10px\">&nbsp;<\/td>\n<td style=\"width: 50.3449%;text-align: center;height: 10px\">\n<p style=\"text-align: justify\"><span style=\"font-size: 12pt\">\u201c<em><strong>Por dentro da lei: cidadania e justi\u00e7a social da pessoa idosa<\/strong><\/em>\u201d. <\/span><\/p>\n<p style=\"text-align: justify\"><span style=\"font-size: 12pt\">Curso: <strong>Direito<\/strong>. <\/span><\/p>\n<p style=\"text-align: justify\"><span style=\"font-size: 12pt\">Edital: <a style=\"font-family: inherit\" href=\"https:\/\/boletimoficial.ufms.br\/bse\/publicacao?id=477127\">EDITAL UFMS\/PROECE N\u00ba 376\/2022 &#8211; EXT\/PROECE-2023<\/a><span style=\"font-family: inherit\">.<\/span><\/span><\/p>\n<p style=\"text-align: justify\"><span style=\"font-size: 12pt\"><span style=\"font-family: inherit\">Coordenado pelo <strong>Prof. Dr. Gustavo Santiago Torrecilha C\u00e2ncio<\/strong>.<\/span><\/span><\/p>\n<p style=\"text-align: justify\">O projeto tem como foco ampliar o conhecimento da popula\u00e7\u00e3o idosa sobre seus <strong>direitos<\/strong> e <strong>promover a cidadania ativa<\/strong>. Por meio de <strong>rodas de conversa<\/strong>, <strong>palestras<\/strong> e <strong>atendimentos<\/strong>, busca aproximar a comunidade acad\u00eamica do contexto <strong>social e jur\u00eddico da pessoa idosa<\/strong>, fortalecendo a <strong>justi\u00e7a social<\/strong>.<\/p>\n<\/td>\n<td style=\"width: 3.35875%;height: 10px\">&nbsp;<\/td>\n<\/tr>\n<\/tbody>\n<\/table>\n<p style=\"text-align: justify\"><\/div>\n\t\t\t\t<\/div>\n\t\t\t<\/div>\n<div class=\"panel panel-default\">\n\t\t\t\t<div class=\"panel-heading\">\n\t\t\t\t\t<h4 class=\"panel-title\">\n\t\t\t\t\t\t<a class=\"\" data-toggle=\"collapse\" data-parent=\"#custom-collapse-0\" href=\"#custom-collapse-0-2\">Letramento digital na melhor idade<\/a>\n\t\t\t\t\t<\/h4>\n\t\t\t\t<\/div>\n\t\t\t\t<div id=\"custom-collapse-0-2\" class=\"panel-collapse in\">\n\t\t\t\t\t<div class=\"panel-body\">\n<table style=\"border-collapse: collapse;width: 100%;height: 10px\">\n<tbody>\n<tr style=\"height: 255px\">\n<td style=\"width: 3.43137%;height: 10px\">&nbsp;<\/td>\n<td style=\"width: 40.4956%;text-align: center;height: 10px\"><a href=\"https:\/\/cpcx.ufms.br\/files\/2025\/09\/UFMS-21.png\"><img loading=\"lazy\" decoding=\"async\" class=\"alignnone wp-image-12331\" src=\"https:\/\/cpcx.ufms.br\/files\/2025\/09\/UFMS-21-300x300.png\" alt=\"\" width=\"200\" height=\"200\" srcset=\"https:\/\/cpcx.ufms.br\/files\/2025\/09\/UFMS-21-300x300.png 300w, https:\/\/cpcx.ufms.br\/files\/2025\/09\/UFMS-21-1024x1024.png 1024w, https:\/\/cpcx.ufms.br\/files\/2025\/09\/UFMS-21-150x150.png 150w, https:\/\/cpcx.ufms.br\/files\/2025\/09\/UFMS-21-768x768.png 768w, https:\/\/cpcx.ufms.br\/files\/2025\/09\/UFMS-21-320x320.png 320w, https:\/\/cpcx.ufms.br\/files\/2025\/09\/UFMS-21.png 1080w\" sizes=\"(max-width: 200px) 100vw, 200px\" \/><\/a><\/td>\n<td style=\"width: 2.36926%;text-align: center;height: 10px\">&nbsp;<\/td>\n<td style=\"width: 50.3449%;text-align: center;height: 10px\">\n<p style=\"text-align: justify\"><span style=\"font-size: 12pt\">\u201c<em><strong>Letramento digital na melhor idade<\/strong><\/em>\u201d.<\/span><\/p>\n<p style=\"text-align: justify\"><span style=\"font-size: 12pt\">Curso: <strong>Sistemas de Informa\u00e7\u00e3o<\/strong>.<\/span><\/p>\n<p style=\"text-align: justify\"><span style=\"font-size: 12pt\">Edital: <a style=\"font-family: inherit\" href=\"https:\/\/boletimoficial.ufms.br\/bse\/publicacao?id=477127\">EDITAL UFMS\/PROECE N\u00ba 376\/2022 &#8211; EXT\/PROECE-2023<\/a><span style=\"font-family: inherit\">.<\/span><\/span><\/p>\n<p style=\"text-align: justify\"><span style=\"font-size: 12pt\"><span style=\"font-family: inherit\">Coordenado pelo <strong>Prof. Dr. Gedson Faria<\/strong>.<\/span><\/span><\/p>\n<p style=\"text-align: justify\">Este projeto visa incluir a pessoa idosa no <strong>mundo digital<\/strong>, por meio de <strong>oficinas pr\u00e1ticas<\/strong> que ensinam desde o <strong>uso b\u00e1sico de celulares<\/strong> <strong>e computadores<\/strong> at\u00e9 a<strong> navega\u00e7\u00e3o em redes sociais e servi\u00e7os digitais<\/strong>. O <strong>letramento digita<\/strong>l \u00e9 uma ferramenta essencial para a <strong>autonomia<\/strong> e <strong>inclus\u00e3o social da melhor idade<\/strong>.<\/p>\n<\/td>\n<td style=\"width: 3.35875%;height: 10px\">&nbsp;<\/td>\n<\/tr>\n<\/tbody>\n<\/table>\n<p style=\"text-align: justify\"><\/div>\n\t\t\t\t<\/div>\n\t\t\t<\/div>\n<div class=\"panel panel-default\">\n\t\t\t\t<div class=\"panel-heading\">\n\t\t\t\t\t<h4 class=\"panel-title\">\n\t\t\t\t\t\t<a class=\"\" data-toggle=\"collapse\" data-parent=\"#custom-collapse-0\" href=\"#custom-collapse-0-3\">Melhor Idade em Cena: o teatro na promo\u00e7\u00e3o da s\u00fade do idoso<\/a>\n\t\t\t\t\t<\/h4>\n\t\t\t\t<\/div>\n\t\t\t\t<div id=\"custom-collapse-0-3\" class=\"panel-collapse in\">\n\t\t\t\t\t<div class=\"panel-body\">\n<table style=\"border-collapse: collapse;width: 100%;height: 10px\">\n<tbody>\n<tr style=\"height: 255px\">\n<td style=\"width: 3.43137%;height: 10px\">&nbsp;<\/td>\n<td style=\"width: 40.4956%;text-align: center;height: 10px\"><a href=\"https:\/\/cpcx.ufms.br\/files\/2025\/09\/UFMS-31.png\"><img loading=\"lazy\" decoding=\"async\" class=\"alignnone wp-image-12330\" src=\"https:\/\/cpcx.ufms.br\/files\/2025\/09\/UFMS-31-300x300.png\" alt=\"\" width=\"200\" height=\"200\" srcset=\"https:\/\/cpcx.ufms.br\/files\/2025\/09\/UFMS-31-300x300.png 300w, https:\/\/cpcx.ufms.br\/files\/2025\/09\/UFMS-31-1024x1024.png 1024w, https:\/\/cpcx.ufms.br\/files\/2025\/09\/UFMS-31-150x150.png 150w, https:\/\/cpcx.ufms.br\/files\/2025\/09\/UFMS-31-768x768.png 768w, https:\/\/cpcx.ufms.br\/files\/2025\/09\/UFMS-31-320x320.png 320w, https:\/\/cpcx.ufms.br\/files\/2025\/09\/UFMS-31.png 1080w\" sizes=\"(max-width: 200px) 100vw, 200px\" \/><\/a><\/td>\n<td style=\"width: 2.36926%;text-align: center;height: 10px\">&nbsp;<\/td>\n<td style=\"width: 50.3449%;text-align: center;height: 10px\">\n<p style=\"text-align: justify\"><span style=\"font-size: 14pt;font-family: georgia, palatino, serif\">\u201c<strong><em>Melhor Idade em Cena: o teatro na promo\u00e7\u00e3o da sa\u00fade do idoso<\/em><\/strong>\u201d.<\/span><\/p>\n<p style=\"text-align: justify\"><span style=\"font-family: georgia, palatino, serif;font-size: 12pt\">Curso: <strong>Letras.<\/strong><\/span><\/p>\n<p style=\"text-align: justify\"><span style=\"font-size: 12pt;font-family: georgia, palatino, serif\">Edital: <a href=\"https:\/\/boletimoficial.ufms.br\/bse\/publicacao?id=477127\">UFMS\/PROECE N\u00ba 376\/2022 &#8211; EXT\/PROECE-2023<\/a>.<\/span><\/p>\n<p style=\"text-align: justify\"><span style=\"font-size: 12pt;font-family: georgia, palatino, serif\">Coordenado pelo <strong>Prof. Dr. Ivanildo Jose da Silva<\/strong>.<\/span><\/p>\n<p style=\"text-align: justify\">O projeto utiliza a arte teatral como instrumento de socializa\u00e7\u00e3o, express\u00e3o e promo\u00e7\u00e3o da sa\u00fade do idoso. As atividades desenvolvidas estimulam a mem\u00f3ria, a criatividade e o conv\u00edvio social, fortalecendo o bem-estar emocional e f\u00edsico dos participantes.<\/p>\n<\/td>\n<td style=\"width: 3.35875%;height: 10px\">&nbsp;<\/td>\n<\/tr>\n<\/tbody>\n<\/table>\n<p style=\"text-align: justify\"><\/div>\n\t\t\t\t<\/div>\n\t\t\t<\/div>\n<\/div>\n<\/div>\n<\/div>\n<\/div>\n<\/div>\n<\/div>\n<\/div>\n","protected":false},"excerpt":{"rendered":"<p>Universidade Aberta \u00e0 Pessoa Idosa (UnAPI) \u00e9 um programa institucional de extens\u00e3o da Universidade Federal de Mato Grosso do Sul (UFMS) que se dedica a organizar, promover e fortalecer a\u00e7\u00f5es integradas de ensino, pesquisa e extens\u00e3o, com foco na valoriza\u00e7\u00e3o da pessoa idosa na sociedade. Mais do que apenas um espa\u00e7o acad\u00eamico, a UnAPI busca [&hellip;]<\/p>\n","protected":false},"author":55297,"featured_media":12314,"parent":0,"menu_order":0,"comment_status":"closed","ping_status":"closed","template":"page-templates\/page-coordenadorias.php","meta":{"_eb_attr":"","ngg_post_thumbnail":0,"footnotes":""},"coauthors":[124,116],"class_list":["post-9605","page","type-page","status-publish","has-post-thumbnail","hentry"],"_links":{"self":[{"href":"https:\/\/cpcx.ufms.br\/en\/wp-json\/wp\/v2\/pages\/9605","targetHints":{"allow":["GET"]}}],"collection":[{"href":"https:\/\/cpcx.ufms.br\/en\/wp-json\/wp\/v2\/pages"}],"about":[{"href":"https:\/\/cpcx.ufms.br\/en\/wp-json\/wp\/v2\/types\/page"}],"author":[{"embeddable":true,"href":"https:\/\/cpcx.ufms.br\/en\/wp-json\/wp\/v2\/users\/55297"}],"replies":[{"embeddable":true,"href":"https:\/\/cpcx.ufms.br\/en\/wp-json\/wp\/v2\/comments?post=9605"}],"version-history":[{"count":48,"href":"https:\/\/cpcx.ufms.br\/en\/wp-json\/wp\/v2\/pages\/9605\/revisions"}],"predecessor-version":[{"id":12618,"href":"https:\/\/cpcx.ufms.br\/en\/wp-json\/wp\/v2\/pages\/9605\/revisions\/12618"}],"wp:featuredmedia":[{"embeddable":true,"href":"https:\/\/cpcx.ufms.br\/en\/wp-json\/wp\/v2\/media\/12314"}],"wp:attachment":[{"href":"https:\/\/cpcx.ufms.br\/en\/wp-json\/wp\/v2\/media?parent=9605"}],"wp:term":[{"taxonomy":"author","embeddable":true,"href":"https:\/\/cpcx.ufms.br\/en\/wp-json\/wp\/v2\/coauthors?post=9605"}],"curies":[{"name":"wp","href":"https:\/\/api.w.org\/{rel}","templated":true}]}}