{"id":9717,"date":"2023-09-21T16:58:59","date_gmt":"2023-09-21T20:58:59","guid":{"rendered":"https:\/\/cpcx.ufms.br\/?page_id=9717"},"modified":"2025-11-01T23:07:46","modified_gmt":"2025-11-02T03:07:46","slug":"suite-de-ferramentas-pdf-da-ufms","status":"publish","type":"page","link":"https:\/\/cpcx.ufms.br\/en\/suite-de-ferramentas-pdf-da-ufms\/","title":{"rendered":"Suite de Ferramentas PDF da UFMS"},"content":{"rendered":"<p style=\"text-align: justify\">Precisa editar, converter ou ajustar documentos em PDF de forma r\u00e1pida e pr\u00e1tica? A <strong data-start=\"268\" data-end=\"276\">UFMS<\/strong> disponibiliza para toda a comunidade acad\u00eamica uma <strong data-start=\"328\" data-end=\"372\">su\u00edte completa de ferramentas PDF online<\/strong>, desenvolvida para facilitar o seu dia a dia.<\/p>\n<div class=\"panel panel-default\">\n\t\t\t\t<div class=\"panel-heading\">\n\t\t\t\t\t<h4 class=\"panel-title\">\n\t\t\t\t\t\t<a class=\"\" data-toggle=\"collapse\" data-parent=\"#single-collapse\" href=\"#single-collapse-0\">Com ela, voc\u00ea pode<\/a>\n\t\t\t\t\t<\/h4>\n\t\t\t\t<\/div>\n\t\t\t\t<div id=\"single-collapse-0\" class=\"panel-collapse in\">\n\t\t\t\t\t<div class=\"panel-body\">\n<ul>\n<li data-start=\"446\" data-end=\"494\"><strong data-start=\"449\" data-end=\"478\">Mesclar, dividir ou girar<\/strong> arquivos PDF;<\/li>\n<li data-start=\"446\" data-end=\"494\"><strong data-start=\"500\" data-end=\"534\">Adicionar numera\u00e7\u00e3o de p\u00e1ginas<\/strong> e marcas d\u2019\u00e1gua;<\/li>\n<li data-start=\"446\" data-end=\"494\"><strong data-start=\"559\" data-end=\"593\">Converter imagens e documentos<\/strong> em PDF (e vice-versa);<\/li>\n<li data-start=\"446\" data-end=\"494\"><strong data-start=\"624\" data-end=\"655\">Proteger arquivos com senha<\/strong> ou remover senhas existentes;<\/li>\n<li data-start=\"446\" data-end=\"494\"><strong data-start=\"693\" data-end=\"733\">Ajustar cores, contraste e qualidade<\/strong> dos documentos;<\/li>\n<li data-start=\"446\" data-end=\"494\"><strong data-start=\"757\" data-end=\"803\">Extrair p\u00e1ginas ou informa\u00e7\u00f5es espec\u00edficas<\/strong> com facilidade.<\/li>\n<\/ul>\n<\/div>\n\t\t\t\t<\/div>\n\t\t\t<\/div>\n<p data-start=\"823\" data-end=\"889\">Tudo isso em um s\u00f3 lugar, com acesso simples, gratuito e seguro.<\/p>\n<p data-start=\"891\" data-end=\"1021\">A <strong data-start=\"893\" data-end=\"901\">UFMS<\/strong> est\u00e1 sempre investindo em solu\u00e7\u00f5es que tornam o trabalho acad\u00eamico e administrativo mais \u00e1gil, eficiente e acess\u00edvel.<\/p>\n<table style=\"border-collapse: collapse;width: 100%\">\n<tbody>\n<tr>\n<td style=\"width: 33.3333%\">&nbsp;<\/td>\n<td style=\"width: 33.3333%;text-align: center\">\n<h4 style=\"text-align: center\"><span style=\"color: black;font-size: 18pt\"><strong><a class=\"btn btn-primary\" style=\"background-color: #2172b1\" title=\"Inscri\u00e7\u00f5es\" href=\"https:\/\/pdf.ufms.br\/\" target=\"_blank\" rel=\"noopener\">PDF.UFMS.BR<\/a><\/strong><\/span><\/h4>\n<\/td>\n<td style=\"width: 33.3333%\">&nbsp;<\/td>\n<\/tr>\n<\/tbody>\n<\/table>\n","protected":false},"excerpt":{"rendered":"<p>Precisa editar, converter ou ajustar documentos em PDF de forma r\u00e1pida e pr\u00e1tica? A UFMS disponibiliza para toda a comunidade acad\u00eamica uma su\u00edte completa de ferramentas PDF online, desenvolvida para facilitar o seu dia a dia. Tudo isso em um s\u00f3 lugar, com acesso simples, gratuito e seguro. A UFMS est\u00e1 sempre investindo em solu\u00e7\u00f5es [&hellip;]<\/p>\n","protected":false},"author":55297,"featured_media":0,"parent":0,"menu_order":0,"comment_status":"closed","ping_status":"closed","template":"","meta":{"_eb_attr":"","ngg_post_thumbnail":0,"footnotes":""},"coauthors":[124,116],"class_list":["post-9717","page","type-page","status-publish","hentry"],"_links":{"self":[{"href":"https:\/\/cpcx.ufms.br\/en\/wp-json\/wp\/v2\/pages\/9717","targetHints":{"allow":["GET"]}}],"collection":[{"href":"https:\/\/cpcx.ufms.br\/en\/wp-json\/wp\/v2\/pages"}],"about":[{"href":"https:\/\/cpcx.ufms.br\/en\/wp-json\/wp\/v2\/types\/page"}],"author":[{"embeddable":true,"href":"https:\/\/cpcx.ufms.br\/en\/wp-json\/wp\/v2\/users\/55297"}],"replies":[{"embeddable":true,"href":"https:\/\/cpcx.ufms.br\/en\/wp-json\/wp\/v2\/comments?post=9717"}],"version-history":[{"count":5,"href":"https:\/\/cpcx.ufms.br\/en\/wp-json\/wp\/v2\/pages\/9717\/revisions"}],"predecessor-version":[{"id":13168,"href":"https:\/\/cpcx.ufms.br\/en\/wp-json\/wp\/v2\/pages\/9717\/revisions\/13168"}],"wp:attachment":[{"href":"https:\/\/cpcx.ufms.br\/en\/wp-json\/wp\/v2\/media?parent=9717"}],"wp:term":[{"taxonomy":"author","embeddable":true,"href":"https:\/\/cpcx.ufms.br\/en\/wp-json\/wp\/v2\/coauthors?post=9717"}],"curies":[{"name":"wp","href":"https:\/\/api.w.org\/{rel}","templated":true}]}}