{"id":9765,"date":"2023-11-01T07:14:59","date_gmt":"2023-11-01T11:14:59","guid":{"rendered":"https:\/\/cpcx.ufms.br\/?page_id=9765"},"modified":"2024-03-05T11:24:20","modified_gmt":"2024-03-05T15:24:20","slug":"estagio-supervisionado","status":"publish","type":"page","link":"https:\/\/cpcx.ufms.br\/en\/letras\/estagio-supervisionado\/","title":{"rendered":"Est\u00e1gio Obrigat\u00f3rio Supervisionado"},"content":{"rendered":"<a href=\"https:\/\/cpcx.ufms.br\/files\/2024\/03\/706_Regulamento-de-Est-gio.pdf\" class=\"pdfemb-viewer\" style=\"\" data-width=\"max\" data-height=\"max\" data-toolbar=\"bottom\" data-toolbar-fixed=\"off\">706_Regulamento-de-Est-gio<\/a>\n<p><a href=\"https:\/\/cpcx.ufms.br\/files\/2024\/03\/706_Regulamento-de-Est-gio.pdf\">Download<\/a><\/p>\n<h3>Formul\u00e1rios e Modelos :<\/h3>\n<p>&nbsp;<\/p>\n<p><span style=\"font-size: 14pt\"><a href=\"https:\/\/cpcx.ufms.br\/files\/2023\/11\/Modelo-de-relatorio-final-do-estagio.doc\">Modelo de Relat\u00f3rio Final de Est\u00e1gio<\/a><\/span><\/p>\n<p><span style=\"font-size: 14pt\"><a href=\"https:\/\/cpcx.ufms.br\/files\/2023\/11\/Formulario-Avaliativo-do-Estagio.doc\">Formul\u00e1rio Avaliativo do Est\u00e1gio<\/a><\/span><\/p>\n<p><span style=\"font-size: 14pt\"><a href=\"https:\/\/cpcx.ufms.br\/files\/2023\/11\/Modelo-de-Plano-de-Aulas.doc\">Modelo de Plano de Aulas<\/a><\/span><\/p>\n<p><span style=\"font-size: 14pt\"><a href=\"https:\/\/cpcx.ufms.br\/files\/2023\/11\/Modelo-de-Carta-de-Apresentacao-do-Estagiario-1.doc\">Modelo de Carta de Apresenta\u00e7\u00e3o do Estagi\u00e1rio<\/a><\/span><\/p>\n","protected":false},"excerpt":{"rendered":"<p>Download Formul\u00e1rios e Modelos : &nbsp; Modelo de Relat\u00f3rio Final de Est\u00e1gio Formul\u00e1rio Avaliativo do Est\u00e1gio Modelo de Plano de Aulas Modelo de Carta de Apresenta\u00e7\u00e3o do Estagi\u00e1rio<\/p>\n","protected":false},"author":55297,"featured_media":0,"parent":569,"menu_order":0,"comment_status":"closed","ping_status":"closed","template":"","meta":{"_eb_attr":"","ngg_post_thumbnail":0,"footnotes":""},"coauthors":[],"class_list":["post-9765","page","type-page","status-publish","hentry"],"_links":{"self":[{"href":"https:\/\/cpcx.ufms.br\/en\/wp-json\/wp\/v2\/pages\/9765","targetHints":{"allow":["GET"]}}],"collection":[{"href":"https:\/\/cpcx.ufms.br\/en\/wp-json\/wp\/v2\/pages"}],"about":[{"href":"https:\/\/cpcx.ufms.br\/en\/wp-json\/wp\/v2\/types\/page"}],"author":[{"embeddable":true,"href":"https:\/\/cpcx.ufms.br\/en\/wp-json\/wp\/v2\/users\/55297"}],"replies":[{"embeddable":true,"href":"https:\/\/cpcx.ufms.br\/en\/wp-json\/wp\/v2\/comments?post=9765"}],"version-history":[{"count":9,"href":"https:\/\/cpcx.ufms.br\/en\/wp-json\/wp\/v2\/pages\/9765\/revisions"}],"predecessor-version":[{"id":10059,"href":"https:\/\/cpcx.ufms.br\/en\/wp-json\/wp\/v2\/pages\/9765\/revisions\/10059"}],"up":[{"embeddable":true,"href":"https:\/\/cpcx.ufms.br\/en\/wp-json\/wp\/v2\/pages\/569"}],"wp:attachment":[{"href":"https:\/\/cpcx.ufms.br\/en\/wp-json\/wp\/v2\/media?parent=9765"}],"wp:term":[{"taxonomy":"author","embeddable":true,"href":"https:\/\/cpcx.ufms.br\/en\/wp-json\/wp\/v2\/coauthors?post=9765"}],"curies":[{"name":"wp","href":"https:\/\/api.w.org\/{rel}","templated":true}]}}