{"id":9809,"date":"2023-12-08T08:10:43","date_gmt":"2023-12-08T12:10:43","guid":{"rendered":"https:\/\/cpcx.ufms.br\/?page_id=9809"},"modified":"2024-08-29T07:19:44","modified_gmt":"2024-08-29T11:19:44","slug":"a-liga-academica-de-enfermagem-perioperatoria-laperi","status":"publish","type":"page","link":"https:\/\/cpcx.ufms.br\/en\/a-liga-academica-de-enfermagem-perioperatoria-laperi\/","title":{"rendered":"Liga Acad\u00eamica de Enfermagem Perioperat\u00f3ria &#8211; LAPERI"},"content":{"rendered":"<table style=\"border-collapse: collapse;width: 100%;height: 1373px\">\n<tbody>\n<tr style=\"height: 276px\">\n<td style=\"text-align: justify;vertical-align: top;height: 155px\">\n<table style=\"border-collapse: collapse;width: 100%;height: 24px\">\n<tbody>\n<tr style=\"height: 24px\">\n<td style=\"width: 100%;height: 24px\"><a href=\"https:\/\/cpcx.ufms.br\/files\/2023\/12\/WhatsApp-Image-2023-12-06-at-09.01.49.jpeg\"><img fetchpriority=\"high\" decoding=\"async\" class=\" wp-image-9811 aligncenter\" src=\"https:\/\/cpcx.ufms.br\/files\/2023\/12\/WhatsApp-Image-2023-12-06-at-09.01.49-300x300.jpeg\" alt=\"\" width=\"248\" height=\"248\" srcset=\"https:\/\/cpcx.ufms.br\/files\/2023\/12\/WhatsApp-Image-2023-12-06-at-09.01.49-300x300.jpeg 300w, https:\/\/cpcx.ufms.br\/files\/2023\/12\/WhatsApp-Image-2023-12-06-at-09.01.49-150x150.jpeg 150w, https:\/\/cpcx.ufms.br\/files\/2023\/12\/WhatsApp-Image-2023-12-06-at-09.01.49-320x320.jpeg 320w, https:\/\/cpcx.ufms.br\/files\/2023\/12\/WhatsApp-Image-2023-12-06-at-09.01.49.jpeg 500w\" sizes=\"(max-width: 248px) 100vw, 248px\" \/><\/a><\/td>\n<\/tr>\n<\/tbody>\n<\/table>\n<\/td>\n<\/tr>\n<tr style=\"height: 1518px\">\n<td style=\"text-align: justify;vertical-align: top;height: 1153px\"><span style=\"font-size: 14pt\">A Liga Acad\u00eamica de Enfermagem Perioperat\u00f3ria (LAPERI) \u00e9 uma iniciativa inovadora sob a competente coordena\u00e7\u00e3o do Prof. Dr. Jo\u00e3o Paulo Assun\u00e7\u00e3o Borges, que teve seu in\u00edcio em julho de 2023. Desde ent\u00e3o, temos trabalhado incansavelmente para promover um ambiente de aprendizado e discuss\u00e3o na \u00e1rea de Enfermagem Perioperat\u00f3ria, abrangendo temas cruciais como Centro Cir\u00fargico, Recupera\u00e7\u00e3o Anest\u00e9sica e Processamento de artigos instrumentais cir\u00fargicos.<\/span><\/p>\n<p>&nbsp;<\/p>\n<p><strong><span style=\"font-size: 14pt\">MISS\u00c3O<\/span><\/strong><\/p>\n<p>&nbsp;<\/p>\n<p><span style=\"font-size: 14pt\">Nossa miss\u00e3o \u00e9 proporcionar oportunidades valiosas para os estudantes e profissionais interessados em aprimorar seus conhecimentos e habilidades nesse campo especializado da enfermagem. Acreditamos que a troca de experi\u00eancias e o acesso a informa\u00e7\u00f5es atualizadas s\u00e3o essenciais para o desenvolvimento profissional e, consequentemente, para a melhoria cont\u00ednua da assist\u00eancia prestada aos pacientes.<\/span><\/p>\n<p>&nbsp;<\/p>\n<p><span style=\"font-size: 18pt\"><strong>MEMBROS DA LIGA:<\/strong><\/span><\/p>\n<table style=\"border-collapse: collapse;width: 100%;height: 371px\">\n<tbody>\n<tr style=\"height: 302px\">\n<td style=\"width: 33.3333%;height: 302px\"><a href=\"https:\/\/cpcx.ufms.br\/files\/2024\/08\/Coordenador.jpeg\"><img decoding=\"async\" class=\"alignnone size-medium wp-image-10495\" src=\"https:\/\/cpcx.ufms.br\/files\/2024\/08\/Coordenador-300x300.jpeg\" alt=\"\" width=\"300\" height=\"300\" srcset=\"https:\/\/cpcx.ufms.br\/files\/2024\/08\/Coordenador-300x300.jpeg 300w, https:\/\/cpcx.ufms.br\/files\/2024\/08\/Coordenador-150x150.jpeg 150w, https:\/\/cpcx.ufms.br\/files\/2024\/08\/Coordenador-768x768.jpeg 768w, https:\/\/cpcx.ufms.br\/files\/2024\/08\/Coordenador-320x320.jpeg 320w, https:\/\/cpcx.ufms.br\/files\/2024\/08\/Coordenador.jpeg 871w\" sizes=\"(max-width: 300px) 100vw, 300px\" \/><\/a><\/td>\n<td style=\"width: 33.3333%;height: 302px\"><a href=\"https:\/\/cpcx.ufms.br\/files\/2024\/08\/Presidente.jpeg\"><img decoding=\"async\" class=\"alignnone size-medium wp-image-10497\" src=\"https:\/\/cpcx.ufms.br\/files\/2024\/08\/Presidente-300x300.jpeg\" alt=\"\" width=\"300\" height=\"300\" srcset=\"https:\/\/cpcx.ufms.br\/files\/2024\/08\/Presidente-300x300.jpeg 300w, https:\/\/cpcx.ufms.br\/files\/2024\/08\/Presidente-150x150.jpeg 150w, https:\/\/cpcx.ufms.br\/files\/2024\/08\/Presidente-768x768.jpeg 768w, https:\/\/cpcx.ufms.br\/files\/2024\/08\/Presidente-320x320.jpeg 320w, https:\/\/cpcx.ufms.br\/files\/2024\/08\/Presidente.jpeg 826w\" sizes=\"(max-width: 300px) 100vw, 300px\" \/><\/a><\/td>\n<td style=\"width: 33.3333%;height: 302px\"><a href=\"https:\/\/cpcx.ufms.br\/files\/2024\/08\/Vice-presidente.jpeg\"><img loading=\"lazy\" decoding=\"async\" class=\"alignnone size-medium wp-image-10498\" src=\"https:\/\/cpcx.ufms.br\/files\/2024\/08\/Vice-presidente-300x300.jpeg\" alt=\"\" width=\"300\" height=\"300\" srcset=\"https:\/\/cpcx.ufms.br\/files\/2024\/08\/Vice-presidente-300x300.jpeg 300w, https:\/\/cpcx.ufms.br\/files\/2024\/08\/Vice-presidente-1024x1024.jpeg 1024w, https:\/\/cpcx.ufms.br\/files\/2024\/08\/Vice-presidente-150x150.jpeg 150w, https:\/\/cpcx.ufms.br\/files\/2024\/08\/Vice-presidente-768x768.jpeg 768w, https:\/\/cpcx.ufms.br\/files\/2024\/08\/Vice-presidente-320x320.jpeg 320w, https:\/\/cpcx.ufms.br\/files\/2024\/08\/Vice-presidente.jpeg 1080w\" sizes=\"(max-width: 300px) 100vw, 300px\" \/><\/a><\/td>\n<\/tr>\n<tr style=\"height: 69px\">\n<td style=\"width: 33.3333%;height: 69px\"><a href=\"https:\/\/cpcx.ufms.br\/files\/2024\/08\/Secretario.jpeg\"><img loading=\"lazy\" decoding=\"async\" class=\"alignnone size-medium wp-image-10499\" src=\"https:\/\/cpcx.ufms.br\/files\/2024\/08\/Secretario-300x300.jpeg\" alt=\"\" width=\"300\" height=\"300\" srcset=\"https:\/\/cpcx.ufms.br\/files\/2024\/08\/Secretario-300x300.jpeg 300w, https:\/\/cpcx.ufms.br\/files\/2024\/08\/Secretario-150x150.jpeg 150w, https:\/\/cpcx.ufms.br\/files\/2024\/08\/Secretario-768x768.jpeg 768w, https:\/\/cpcx.ufms.br\/files\/2024\/08\/Secretario-320x320.jpeg 320w, https:\/\/cpcx.ufms.br\/files\/2024\/08\/Secretario.jpeg 1003w\" sizes=\"(max-width: 300px) 100vw, 300px\" \/><\/a><\/td>\n<td style=\"width: 33.3333%;height: 69px\"><a href=\"https:\/\/cpcx.ufms.br\/files\/2024\/08\/Cientifica.jpeg\"><img loading=\"lazy\" decoding=\"async\" class=\"alignnone size-medium wp-image-10500\" src=\"https:\/\/cpcx.ufms.br\/files\/2024\/08\/Cientifica-300x300.jpeg\" alt=\"\" width=\"300\" height=\"300\" srcset=\"https:\/\/cpcx.ufms.br\/files\/2024\/08\/Cientifica-300x300.jpeg 300w, https:\/\/cpcx.ufms.br\/files\/2024\/08\/Cientifica-1024x1024.jpeg 1024w, https:\/\/cpcx.ufms.br\/files\/2024\/08\/Cientifica-150x150.jpeg 150w, https:\/\/cpcx.ufms.br\/files\/2024\/08\/Cientifica-768x768.jpeg 768w, https:\/\/cpcx.ufms.br\/files\/2024\/08\/Cientifica-320x320.jpeg 320w, https:\/\/cpcx.ufms.br\/files\/2024\/08\/Cientifica.jpeg 1080w\" sizes=\"(max-width: 300px) 100vw, 300px\" \/><\/a><\/td>\n<td style=\"width: 33.3333%;height: 69px\"><a href=\"https:\/\/cpcx.ufms.br\/files\/2024\/08\/Divulgacao.jpeg\"><img loading=\"lazy\" decoding=\"async\" class=\"alignnone size-medium wp-image-10501\" src=\"https:\/\/cpcx.ufms.br\/files\/2024\/08\/Divulgacao-300x300.jpeg\" alt=\"\" width=\"300\" height=\"300\" srcset=\"https:\/\/cpcx.ufms.br\/files\/2024\/08\/Divulgacao-300x300.jpeg 300w, https:\/\/cpcx.ufms.br\/files\/2024\/08\/Divulgacao-150x150.jpeg 150w, https:\/\/cpcx.ufms.br\/files\/2024\/08\/Divulgacao-768x768.jpeg 768w, https:\/\/cpcx.ufms.br\/files\/2024\/08\/Divulgacao-320x320.jpeg 320w, https:\/\/cpcx.ufms.br\/files\/2024\/08\/Divulgacao.jpeg 894w\" sizes=\"(max-width: 300px) 100vw, 300px\" \/><\/a><\/td>\n<\/tr>\n<tr>\n<td style=\"width: 33.3333%\"><a href=\"https:\/\/cpcx.ufms.br\/files\/2024\/08\/Ensino.jpeg\"><img loading=\"lazy\" decoding=\"async\" class=\"alignnone size-medium wp-image-10502\" src=\"https:\/\/cpcx.ufms.br\/files\/2024\/08\/Ensino-300x300.jpeg\" alt=\"\" width=\"300\" height=\"300\" srcset=\"https:\/\/cpcx.ufms.br\/files\/2024\/08\/Ensino-300x300.jpeg 300w, https:\/\/cpcx.ufms.br\/files\/2024\/08\/Ensino-150x150.jpeg 150w, https:\/\/cpcx.ufms.br\/files\/2024\/08\/Ensino-768x768.jpeg 768w, https:\/\/cpcx.ufms.br\/files\/2024\/08\/Ensino-320x320.jpeg 320w, https:\/\/cpcx.ufms.br\/files\/2024\/08\/Ensino.jpeg 911w\" sizes=\"(max-width: 300px) 100vw, 300px\" \/><\/a><\/td>\n<td style=\"width: 33.3333%\"><a href=\"https:\/\/cpcx.ufms.br\/files\/2024\/08\/Tesoureira.jpeg\"><img loading=\"lazy\" decoding=\"async\" class=\"alignnone size-medium wp-image-10503\" src=\"https:\/\/cpcx.ufms.br\/files\/2024\/08\/Tesoureira-300x300.jpeg\" alt=\"\" width=\"300\" height=\"300\" srcset=\"https:\/\/cpcx.ufms.br\/files\/2024\/08\/Tesoureira-300x300.jpeg 300w, https:\/\/cpcx.ufms.br\/files\/2024\/08\/Tesoureira-150x150.jpeg 150w, https:\/\/cpcx.ufms.br\/files\/2024\/08\/Tesoureira-768x768.jpeg 768w, https:\/\/cpcx.ufms.br\/files\/2024\/08\/Tesoureira-320x320.jpeg 320w, https:\/\/cpcx.ufms.br\/files\/2024\/08\/Tesoureira.jpeg 944w\" sizes=\"(max-width: 300px) 100vw, 300px\" \/><\/a><\/td>\n<td style=\"width: 33.3333%\"><a href=\"https:\/\/cpcx.ufms.br\/files\/2024\/08\/Extensao.jpeg\"><img loading=\"lazy\" decoding=\"async\" class=\"alignnone size-medium wp-image-10504\" src=\"https:\/\/cpcx.ufms.br\/files\/2024\/08\/Extensao-300x300.jpeg\" alt=\"\" width=\"300\" height=\"300\" srcset=\"https:\/\/cpcx.ufms.br\/files\/2024\/08\/Extensao-300x300.jpeg 300w, https:\/\/cpcx.ufms.br\/files\/2024\/08\/Extensao-150x150.jpeg 150w, https:\/\/cpcx.ufms.br\/files\/2024\/08\/Extensao-768x768.jpeg 768w, https:\/\/cpcx.ufms.br\/files\/2024\/08\/Extensao-320x320.jpeg 320w, https:\/\/cpcx.ufms.br\/files\/2024\/08\/Extensao.jpeg 905w\" sizes=\"(max-width: 300px) 100vw, 300px\" \/><\/a><\/td>\n<\/tr>\n<tr>\n<td style=\"width: 33.3333%\"><a href=\"https:\/\/cpcx.ufms.br\/files\/2024\/08\/Eventos.jpeg\"><img loading=\"lazy\" decoding=\"async\" class=\"alignnone size-medium wp-image-10505\" src=\"https:\/\/cpcx.ufms.br\/files\/2024\/08\/Eventos-300x300.jpeg\" alt=\"\" width=\"300\" height=\"300\" srcset=\"https:\/\/cpcx.ufms.br\/files\/2024\/08\/Eventos-300x300.jpeg 300w, https:\/\/cpcx.ufms.br\/files\/2024\/08\/Eventos-1024x1024.jpeg 1024w, https:\/\/cpcx.ufms.br\/files\/2024\/08\/Eventos-150x150.jpeg 150w, https:\/\/cpcx.ufms.br\/files\/2024\/08\/Eventos-768x768.jpeg 768w, https:\/\/cpcx.ufms.br\/files\/2024\/08\/Eventos-320x320.jpeg 320w, https:\/\/cpcx.ufms.br\/files\/2024\/08\/Eventos.jpeg 1080w\" sizes=\"(max-width: 300px) 100vw, 300px\" \/><\/a><\/td>\n<td style=\"width: 33.3333%\"><\/td>\n<td style=\"width: 33.3333%\"><\/td>\n<\/tr>\n<\/tbody>\n<\/table>\n<p>\u200b<\/p>\n<p><span style=\"font-size: 14pt\">Ao longo do tempo, a LAPERI tem se dedicado a realizar reuni\u00f5es cient\u00edficas mensais, abertas a toda a comunidade acad\u00eamica. Nestes encontros, s\u00e3o abordados temas relevantes e atuais, apresentados por profissionais renomados que s\u00e3o refer\u00eancias em suas respectivas \u00e1reas de atua\u00e7\u00e3o. As reuni\u00f5es n\u00e3o apenas oferecem uma oportunidade \u00fanica de aprendizado, mas tamb\u00e9m incentivam a intera\u00e7\u00e3o entre os participantes, promovendo a constru\u00e7\u00e3o de uma rede s\u00f3lida de conhecimento e colabora\u00e7\u00e3o.<\/span><\/p>\n<p><span style=\"font-size: 14pt\">N\u00e3o podemos deixar de mencionar que, em mar\u00e7o de 2024, abrir\u00e1 a chamada para novos integrantes! Se voc\u00ea \u00e9 apaixonado por Enfermagem Perioperat\u00f3ria e deseja fazer parte de uma equipe comprometida com a excel\u00eancia, fique atento a essa oportunidade \u00fanica. A LAPERI est\u00e1 de portas abertas para receb\u00ea-lo!<\/span><\/p>\n<p><span style=\"font-size: 14pt\">N\u00e3o perca a chance de participar de uma jornada enriquecedora de aprendizado e crescimento profissional. Venha conhecer a LAPERI &#8211; UFMS\/CPCX e fa\u00e7a parte dessa comunidade dedicada \u00e0 excel\u00eancia na Enfermagem Perioperat\u00f3ria. Estamos ansiosos para receb\u00ea-lo em nossas atividades e contar com sua contribui\u00e7\u00e3o para o fortalecimento constante da nossa liga acad\u00eamica!<\/span><\/p>\n<h1 style=\"text-align: center\"><strong><span style=\"font-size: 18pt\">A\u00c7\u00d5ES DESENVOLVIDAS<\/span><\/strong><\/h1>\n<p>&nbsp;<\/p>\n<table style=\"border-collapse: collapse;width: 100%\">\n<tbody>\n<tr>\n<td style=\"width: 33.3333%\"><a href=\"https:\/\/cpcx.ufms.br\/files\/2023\/12\/WhatsApp-Image-2023-12-06-at-08.59.00.jpeg\"><img loading=\"lazy\" decoding=\"async\" class=\"size-medium wp-image-9822 aligncenter\" src=\"https:\/\/cpcx.ufms.br\/files\/2023\/12\/WhatsApp-Image-2023-12-06-at-08.59.00-300x300.jpeg\" alt=\"\" width=\"300\" height=\"300\" srcset=\"https:\/\/cpcx.ufms.br\/files\/2023\/12\/WhatsApp-Image-2023-12-06-at-08.59.00-300x300.jpeg 300w, https:\/\/cpcx.ufms.br\/files\/2023\/12\/WhatsApp-Image-2023-12-06-at-08.59.00-150x150.jpeg 150w, https:\/\/cpcx.ufms.br\/files\/2023\/12\/WhatsApp-Image-2023-12-06-at-08.59.00-768x768.jpeg 768w, https:\/\/cpcx.ufms.br\/files\/2023\/12\/WhatsApp-Image-2023-12-06-at-08.59.00-320x320.jpeg 320w, https:\/\/cpcx.ufms.br\/files\/2023\/12\/WhatsApp-Image-2023-12-06-at-08.59.00.jpeg 1024w\" sizes=\"(max-width: 300px) 100vw, 300px\" \/><\/a><\/td>\n<td style=\"width: 33.3333%\"><a href=\"https:\/\/cpcx.ufms.br\/files\/2023\/12\/WhatsApp-Image-2023-12-06-at-08.59.00-1.jpeg\"><img loading=\"lazy\" decoding=\"async\" class=\"size-medium wp-image-9821 aligncenter\" src=\"https:\/\/cpcx.ufms.br\/files\/2023\/12\/WhatsApp-Image-2023-12-06-at-08.59.00-1-300x300.jpeg\" alt=\"\" width=\"300\" height=\"300\" srcset=\"https:\/\/cpcx.ufms.br\/files\/2023\/12\/WhatsApp-Image-2023-12-06-at-08.59.00-1-300x300.jpeg 300w, https:\/\/cpcx.ufms.br\/files\/2023\/12\/WhatsApp-Image-2023-12-06-at-08.59.00-1-150x150.jpeg 150w, https:\/\/cpcx.ufms.br\/files\/2023\/12\/WhatsApp-Image-2023-12-06-at-08.59.00-1-768x768.jpeg 768w, https:\/\/cpcx.ufms.br\/files\/2023\/12\/WhatsApp-Image-2023-12-06-at-08.59.00-1-320x320.jpeg 320w, https:\/\/cpcx.ufms.br\/files\/2023\/12\/WhatsApp-Image-2023-12-06-at-08.59.00-1.jpeg 1024w\" sizes=\"(max-width: 300px) 100vw, 300px\" \/><\/a><\/td>\n<td style=\"width: 33.3333%\"><a href=\"https:\/\/cpcx.ufms.br\/files\/2023\/12\/WhatsApp-Image-2023-12-06-at-08.58.59.jpeg\"><img loading=\"lazy\" decoding=\"async\" class=\"size-medium wp-image-9820 aligncenter\" src=\"https:\/\/cpcx.ufms.br\/files\/2023\/12\/WhatsApp-Image-2023-12-06-at-08.58.59-300x300.jpeg\" alt=\"\" width=\"300\" height=\"300\" srcset=\"https:\/\/cpcx.ufms.br\/files\/2023\/12\/WhatsApp-Image-2023-12-06-at-08.58.59-300x300.jpeg 300w, https:\/\/cpcx.ufms.br\/files\/2023\/12\/WhatsApp-Image-2023-12-06-at-08.58.59-150x150.jpeg 150w, https:\/\/cpcx.ufms.br\/files\/2023\/12\/WhatsApp-Image-2023-12-06-at-08.58.59-768x768.jpeg 768w, https:\/\/cpcx.ufms.br\/files\/2023\/12\/WhatsApp-Image-2023-12-06-at-08.58.59-320x320.jpeg 320w, https:\/\/cpcx.ufms.br\/files\/2023\/12\/WhatsApp-Image-2023-12-06-at-08.58.59.jpeg 1024w\" sizes=\"(max-width: 300px) 100vw, 300px\" \/><\/a><\/td>\n<\/tr>\n<tr>\n<td style=\"width: 33.3333%\"><a href=\"https:\/\/cpcx.ufms.br\/files\/2023\/12\/WhatsApp-Image-2023-12-06-at-08.58.06.jpeg\"><img loading=\"lazy\" decoding=\"async\" class=\"size-medium wp-image-9819 aligncenter\" src=\"https:\/\/cpcx.ufms.br\/files\/2023\/12\/WhatsApp-Image-2023-12-06-at-08.58.06-300x300.jpeg\" alt=\"\" width=\"300\" height=\"300\" srcset=\"https:\/\/cpcx.ufms.br\/files\/2023\/12\/WhatsApp-Image-2023-12-06-at-08.58.06-300x300.jpeg 300w, https:\/\/cpcx.ufms.br\/files\/2023\/12\/WhatsApp-Image-2023-12-06-at-08.58.06-150x150.jpeg 150w, https:\/\/cpcx.ufms.br\/files\/2023\/12\/WhatsApp-Image-2023-12-06-at-08.58.06-768x768.jpeg 768w, https:\/\/cpcx.ufms.br\/files\/2023\/12\/WhatsApp-Image-2023-12-06-at-08.58.06-320x320.jpeg 320w, https:\/\/cpcx.ufms.br\/files\/2023\/12\/WhatsApp-Image-2023-12-06-at-08.58.06.jpeg 1024w\" sizes=\"(max-width: 300px) 100vw, 300px\" \/><\/a><\/td>\n<td style=\"width: 33.3333%\"><a href=\"https:\/\/cpcx.ufms.br\/files\/2023\/12\/WhatsApp-Image-2023-12-06-at-08.59.01.jpeg\"><img loading=\"lazy\" decoding=\"async\" class=\"size-medium wp-image-9823 aligncenter\" src=\"https:\/\/cpcx.ufms.br\/files\/2023\/12\/WhatsApp-Image-2023-12-06-at-08.59.01-300x300.jpeg\" alt=\"\" width=\"300\" height=\"300\" srcset=\"https:\/\/cpcx.ufms.br\/files\/2023\/12\/WhatsApp-Image-2023-12-06-at-08.59.01-300x300.jpeg 300w, https:\/\/cpcx.ufms.br\/files\/2023\/12\/WhatsApp-Image-2023-12-06-at-08.59.01-1024x1024.jpeg 1024w, https:\/\/cpcx.ufms.br\/files\/2023\/12\/WhatsApp-Image-2023-12-06-at-08.59.01-150x150.jpeg 150w, https:\/\/cpcx.ufms.br\/files\/2023\/12\/WhatsApp-Image-2023-12-06-at-08.59.01-768x768.jpeg 768w, https:\/\/cpcx.ufms.br\/files\/2023\/12\/WhatsApp-Image-2023-12-06-at-08.59.01-320x320.jpeg 320w, https:\/\/cpcx.ufms.br\/files\/2023\/12\/WhatsApp-Image-2023-12-06-at-08.59.01.jpeg 1080w\" sizes=\"(max-width: 300px) 100vw, 300px\" \/><\/a><\/td>\n<td style=\"width: 33.3333%\"><a href=\"https:\/\/cpcx.ufms.br\/files\/2024\/08\/Convite-Drenos-Pos-operatorio-29-04-24.jpeg\"><img loading=\"lazy\" decoding=\"async\" class=\"size-medium wp-image-10506 aligncenter\" src=\"https:\/\/cpcx.ufms.br\/files\/2024\/08\/Convite-Drenos-Pos-operatorio-29-04-24-300x300.jpeg\" alt=\"\" width=\"300\" height=\"300\" srcset=\"https:\/\/cpcx.ufms.br\/files\/2024\/08\/Convite-Drenos-Pos-operatorio-29-04-24-300x300.jpeg 300w, https:\/\/cpcx.ufms.br\/files\/2024\/08\/Convite-Drenos-Pos-operatorio-29-04-24-1024x1024.jpeg 1024w, https:\/\/cpcx.ufms.br\/files\/2024\/08\/Convite-Drenos-Pos-operatorio-29-04-24-150x150.jpeg 150w, https:\/\/cpcx.ufms.br\/files\/2024\/08\/Convite-Drenos-Pos-operatorio-29-04-24-768x768.jpeg 768w, https:\/\/cpcx.ufms.br\/files\/2024\/08\/Convite-Drenos-Pos-operatorio-29-04-24-320x320.jpeg 320w, https:\/\/cpcx.ufms.br\/files\/2024\/08\/Convite-Drenos-Pos-operatorio-29-04-24.jpeg 1080w\" sizes=\"(max-width: 300px) 100vw, 300px\" \/><\/a><\/td>\n<\/tr>\n<tr>\n<td style=\"width: 33.3333%\"><a href=\"https:\/\/cpcx.ufms.br\/files\/2024\/08\/Convite-Cirurgia-Segura-25-03-24.jpeg\"><img loading=\"lazy\" decoding=\"async\" class=\"size-medium wp-image-10507 aligncenter\" src=\"https:\/\/cpcx.ufms.br\/files\/2024\/08\/Convite-Cirurgia-Segura-25-03-24-300x300.jpeg\" alt=\"\" width=\"300\" height=\"300\" srcset=\"https:\/\/cpcx.ufms.br\/files\/2024\/08\/Convite-Cirurgia-Segura-25-03-24-300x300.jpeg 300w, https:\/\/cpcx.ufms.br\/files\/2024\/08\/Convite-Cirurgia-Segura-25-03-24-150x150.jpeg 150w, https:\/\/cpcx.ufms.br\/files\/2024\/08\/Convite-Cirurgia-Segura-25-03-24-768x768.jpeg 768w, https:\/\/cpcx.ufms.br\/files\/2024\/08\/Convite-Cirurgia-Segura-25-03-24-320x320.jpeg 320w, https:\/\/cpcx.ufms.br\/files\/2024\/08\/Convite-Cirurgia-Segura-25-03-24.jpeg 827w\" sizes=\"(max-width: 300px) 100vw, 300px\" \/><\/a><\/td>\n<td style=\"width: 33.3333%\"><a href=\"https:\/\/cpcx.ufms.br\/files\/2024\/08\/Convite-Escalas-Perioperatorio-01-07-24.jpeg\"><img loading=\"lazy\" decoding=\"async\" class=\"size-medium wp-image-10508 aligncenter\" src=\"https:\/\/cpcx.ufms.br\/files\/2024\/08\/Convite-Escalas-Perioperatorio-01-07-24-300x300.jpeg\" alt=\"\" width=\"300\" height=\"300\" srcset=\"https:\/\/cpcx.ufms.br\/files\/2024\/08\/Convite-Escalas-Perioperatorio-01-07-24-300x300.jpeg 300w, https:\/\/cpcx.ufms.br\/files\/2024\/08\/Convite-Escalas-Perioperatorio-01-07-24-1024x1024.jpeg 1024w, https:\/\/cpcx.ufms.br\/files\/2024\/08\/Convite-Escalas-Perioperatorio-01-07-24-150x150.jpeg 150w, https:\/\/cpcx.ufms.br\/files\/2024\/08\/Convite-Escalas-Perioperatorio-01-07-24-768x768.jpeg 768w, https:\/\/cpcx.ufms.br\/files\/2024\/08\/Convite-Escalas-Perioperatorio-01-07-24-320x320.jpeg 320w, https:\/\/cpcx.ufms.br\/files\/2024\/08\/Convite-Escalas-Perioperatorio-01-07-24.jpeg 1080w\" sizes=\"(max-width: 300px) 100vw, 300px\" \/><\/a><\/td>\n<td style=\"width: 33.3333%\"><\/td>\n<\/tr>\n<\/tbody>\n<\/table>\n<\/td>\n<\/tr>\n<\/tbody>\n<\/table>\n","protected":false},"excerpt":{"rendered":"<p>A Liga Acad\u00eamica de Enfermagem Perioperat\u00f3ria (LAPERI) \u00e9 uma iniciativa inovadora sob a competente coordena\u00e7\u00e3o do Prof. Dr. Jo\u00e3o Paulo Assun\u00e7\u00e3o Borges, que teve seu in\u00edcio em julho de 2023. Desde ent\u00e3o, temos trabalhado incansavelmente para promover um ambiente de aprendizado e discuss\u00e3o na \u00e1rea de Enfermagem Perioperat\u00f3ria, abrangendo temas cruciais como Centro Cir\u00fargico, Recupera\u00e7\u00e3o [&hellip;]<\/p>\n","protected":false},"author":55297,"featured_media":0,"parent":0,"menu_order":0,"comment_status":"closed","ping_status":"closed","template":"page-templates\/full-width.php","meta":{"_eb_attr":"","ngg_post_thumbnail":0,"footnotes":""},"coauthors":[],"class_list":["post-9809","page","type-page","status-publish","hentry"],"_links":{"self":[{"href":"https:\/\/cpcx.ufms.br\/en\/wp-json\/wp\/v2\/pages\/9809","targetHints":{"allow":["GET"]}}],"collection":[{"href":"https:\/\/cpcx.ufms.br\/en\/wp-json\/wp\/v2\/pages"}],"about":[{"href":"https:\/\/cpcx.ufms.br\/en\/wp-json\/wp\/v2\/types\/page"}],"author":[{"embeddable":true,"href":"https:\/\/cpcx.ufms.br\/en\/wp-json\/wp\/v2\/users\/55297"}],"replies":[{"embeddable":true,"href":"https:\/\/cpcx.ufms.br\/en\/wp-json\/wp\/v2\/comments?post=9809"}],"version-history":[{"count":9,"href":"https:\/\/cpcx.ufms.br\/en\/wp-json\/wp\/v2\/pages\/9809\/revisions"}],"predecessor-version":[{"id":10509,"href":"https:\/\/cpcx.ufms.br\/en\/wp-json\/wp\/v2\/pages\/9809\/revisions\/10509"}],"wp:attachment":[{"href":"https:\/\/cpcx.ufms.br\/en\/wp-json\/wp\/v2\/media?parent=9809"}],"wp:term":[{"taxonomy":"author","embeddable":true,"href":"https:\/\/cpcx.ufms.br\/en\/wp-json\/wp\/v2\/coauthors?post=9809"}],"curies":[{"name":"wp","href":"https:\/\/api.w.org\/{rel}","templated":true}]}}