{"id":9961,"date":"2024-02-28T10:39:00","date_gmt":"2024-02-28T14:39:00","guid":{"rendered":"https:\/\/cpcx.ufms.br\/?page_id=9961"},"modified":"2025-11-02T00:32:51","modified_gmt":"2025-11-02T04:32:51","slug":"projetores-cpcx","status":"publish","type":"page","link":"https:\/\/cpcx.ufms.br\/en\/suporte-de-ti\/projetores-cpcx\/","title":{"rendered":"Projetores CPCX"},"content":{"rendered":"<p style=\"text-align: justify\" data-start=\"271\" data-end=\"620\">Bem-vindo(a) \u00e0 p\u00e1gina de suporte audiovisual do <strong>C\u00e2mpus Coxim<\/strong> da Universidade Federal de Mato Grosso do Sul.<br data-start=\"378\" data-end=\"381\">Aqui voc\u00ea encontra <strong>orienta\u00e7\u00f5es<\/strong>, <strong>manuais<\/strong> e <strong>downloads<\/strong> necess\u00e1rios para utilizar os projetores instalados nas salas de aula e laborat\u00f3rios do c\u00e2mpus, bem como as instru\u00e7\u00f5es de conex\u00e3o via rede ou WiFi, para computadores, tablets ou celulares.<\/p>\n<p style=\"text-align: justify\" data-start=\"622\" data-end=\"800\">Este guia foi preparado para facilitar o uso dos equipamentos e reduzir eventuais dificuldades t\u00e9cnicas. Em caso de d\u00favida ou falha, entre em contato com o setor de TI do c\u00e2mpus.<\/p>\n<p style=\"text-align: justify\" data-start=\"622\" data-end=\"800\"><div class=\"panel-group\" id=\"custom-collapse-0\">\n<div class=\"panel panel-default\">\n\t\t\t\t<div class=\"panel-heading\">\n\t\t\t\t\t<h4 class=\"panel-title\">\n\t\t\t\t\t\t<a class=\"\" data-toggle=\"collapse\" data-parent=\"#custom-collapse-0\" href=\"#custom-collapse-0-0\">Como Conectar<\/a>\n\t\t\t\t\t<\/h4>\n\t\t\t\t<\/div>\n\t\t\t\t<div id=\"custom-collapse-0-0\" class=\"panel-collapse in\">\n\t\t\t\t\t<div class=\"panel-body\">\n<p style=\"text-align: justify\" data-start=\"622\" data-end=\"800\">Confira o passo a passo completo para conectar seu notebook ou dispositivo m\u00f3vel aos projetores dispon\u00edveis nas salas de aula.<br data-start=\"1350\" data-end=\"1353\">O material inclui instru\u00e7\u00f5es para conex\u00e3o <strong data-start=\"1395\" data-end=\"1418\">via cabo e via rede<\/strong>, al\u00e9m de <strong data-start=\"1428\" data-end=\"1463\">orienta\u00e7\u00f5es de uso e manuten\u00e7\u00e3o<\/strong>.<\/p>\n<p style=\"text-align: justify\" data-start=\"622\" data-end=\"800\"><\/div>\n\t\t\t\t<\/div>\n\t\t\t<\/div>\n<p style=\"text-align: justify\" data-start=\"622\" data-end=\"800\"><div class=\"panel panel-default\">\n\t\t\t\t<div class=\"panel-heading\">\n\t\t\t\t\t<h4 class=\"panel-title\">\n\t\t\t\t\t\t<a class=\"\" data-toggle=\"collapse\" data-parent=\"#custom-collapse-0\" href=\"#custom-collapse-0-1\">Software e drivers<\/a>\n\t\t\t\t\t<\/h4>\n\t\t\t\t<\/div>\n\t\t\t\t<div id=\"custom-collapse-0-1\" class=\"panel-collapse in\">\n\t\t\t\t\t<div class=\"panel-body\">\nPrograma para proje\u00e7\u00e3o via rede: no manual da Coxim consta o uso de EasyMP Network Projection para os projetores conectados \u00e0 rede do c\u00e2mpus.<\/p>\n<p style=\"text-align: justify\" data-start=\"622\" data-end=\"800\"><a href=\"https:\/\/ftp.epson.com\/drivers\/epson15566.exe\">Dowload EasyMP Network Projection v2.84<\/a><\/p>\n<p style=\"text-align: justify\" data-start=\"622\" data-end=\"800\">Instru\u00e7\u00f5es para uso via WiFi \/ wireless projetor (exemplo de manual externo ao UFMS).<\/p>\n<p data-start=\"622\" data-end=\"800\"><a href=\"https:\/\/epson.com.br\/Support\/wa00723\">Dowload Software iProjection Para Celular<\/a><\/p>\n<p data-start=\"622\" data-end=\"800\"><\/div>\n\t\t\t\t<\/div>\n\t\t\t<\/div>\n<p data-start=\"622\" data-end=\"800\"><div class=\"panel panel-default\">\n\t\t\t\t<div class=\"panel-heading\">\n\t\t\t\t\t<h4 class=\"panel-title\">\n\t\t\t\t\t\t<a class=\"\" data-toggle=\"collapse\" data-parent=\"#custom-collapse-0\" href=\"#custom-collapse-0-2\">Manuais e Tutoriais<\/a>\n\t\t\t\t\t<\/h4>\n\t\t\t\t<\/div>\n\t\t\t\t<div id=\"custom-collapse-0-2\" class=\"panel-collapse in\">\n\t\t\t\t\t<div class=\"panel-body\">\n<a href=\"https:\/\/cpcx.ufms.br\/files\/2024\/08\/Tutorial-Projetores-CPCX.pdf?utm_source=chatgpt.com\">Manual de utiliza\u00e7\u00e3o dos projetores na Rede CPCX (PDF).<\/a><\/p>\n<p data-start=\"622\" data-end=\"800\"><a href=\"https:\/\/www.ufsm.br\/app\/uploads\/sites\/375\/2022\/12\/Manual-projetor-via-wifi.pdf?utm_source=chatgpt.com\">Manual para uso via WiFi\/wireless projetor (PDF).<\/a><\/p>\n<p data-start=\"622\" data-end=\"800\"><\/div>\n\t\t\t\t<\/div>\n\t\t\t<\/div>\n<p data-start=\"622\" data-end=\"800\"><div class=\"panel panel-default\">\n\t\t\t\t<div class=\"panel-heading\">\n\t\t\t\t\t<h4 class=\"panel-title\">\n\t\t\t\t\t\t<a class=\"\" data-toggle=\"collapse\" data-parent=\"#custom-collapse-0\" href=\"#custom-collapse-0-3\">Dicas \u00dateis<\/a>\n\t\t\t\t\t<\/h4>\n\t\t\t\t<\/div>\n\t\t\t\t<div id=\"custom-collapse-0-3\" class=\"panel-collapse in\">\n\t\t\t\t\t<div class=\"panel-body\">\n<ul>\n<li style=\"text-align: justify\" data-start=\"622\" data-end=\"800\">Certifique-se de que seu dispositivo est\u00e1 na rede \u201cCPCX\u201d ou rede corporativa do c\u00e2mpus antes de tentar conectar ao projetor;<\/li>\n<li style=\"text-align: justify\" data-start=\"622\" data-end=\"800\">Caso o projetor n\u00e3o apare\u00e7a na lista de busca, tente \u201cPesquisa autom\u00e1tica\u201d e aguarde cerca de 30 segundos;<\/li>\n<li style=\"text-align: justify\" data-start=\"622\" data-end=\"800\">Em salas com projetor interativo, verifique se o modo \u201ctouch\u201d ou interativo est\u00e1 ativado;<\/li>\n<li style=\"text-align: justify\" data-start=\"622\" data-end=\"800\">Use cabo HDMI ou VGA se a conex\u00e3o via rede n\u00e3o for adequada;<\/li>\n<li style=\"text-align: justify\" data-start=\"622\" data-end=\"800\">Ap\u00f3s o uso, desligue o projetor pelo controle remoto para garantir vida \u00fatil da l\u00e2mpada.<\/li>\n<\/ul>\n<p data-start=\"622\" data-end=\"800\"><\/div>\n\t\t\t\t<\/div>\n\t\t\t<\/div>\n<\/div>\n","protected":false},"excerpt":{"rendered":"<p>Bem-vindo(a) \u00e0 p\u00e1gina de suporte audiovisual do C\u00e2mpus Coxim da Universidade Federal de Mato Grosso do Sul.Aqui voc\u00ea encontra orienta\u00e7\u00f5es, manuais e downloads necess\u00e1rios para utilizar os projetores instalados nas salas de aula e laborat\u00f3rios do c\u00e2mpus, bem como as instru\u00e7\u00f5es de conex\u00e3o via rede ou WiFi, para computadores, tablets ou celulares. Este guia foi [&hellip;]<\/p>\n","protected":false},"author":55297,"featured_media":0,"parent":2664,"menu_order":0,"comment_status":"closed","ping_status":"closed","template":"","meta":{"_eb_attr":"","ngg_post_thumbnail":0,"footnotes":""},"coauthors":[124,116],"class_list":["post-9961","page","type-page","status-publish","hentry"],"_links":{"self":[{"href":"https:\/\/cpcx.ufms.br\/en\/wp-json\/wp\/v2\/pages\/9961","targetHints":{"allow":["GET"]}}],"collection":[{"href":"https:\/\/cpcx.ufms.br\/en\/wp-json\/wp\/v2\/pages"}],"about":[{"href":"https:\/\/cpcx.ufms.br\/en\/wp-json\/wp\/v2\/types\/page"}],"author":[{"embeddable":true,"href":"https:\/\/cpcx.ufms.br\/en\/wp-json\/wp\/v2\/users\/55297"}],"replies":[{"embeddable":true,"href":"https:\/\/cpcx.ufms.br\/en\/wp-json\/wp\/v2\/comments?post=9961"}],"version-history":[{"count":15,"href":"https:\/\/cpcx.ufms.br\/en\/wp-json\/wp\/v2\/pages\/9961\/revisions"}],"predecessor-version":[{"id":13177,"href":"https:\/\/cpcx.ufms.br\/en\/wp-json\/wp\/v2\/pages\/9961\/revisions\/13177"}],"up":[{"embeddable":true,"href":"https:\/\/cpcx.ufms.br\/en\/wp-json\/wp\/v2\/pages\/2664"}],"wp:attachment":[{"href":"https:\/\/cpcx.ufms.br\/en\/wp-json\/wp\/v2\/media?parent=9961"}],"wp:term":[{"taxonomy":"author","embeddable":true,"href":"https:\/\/cpcx.ufms.br\/en\/wp-json\/wp\/v2\/coauthors?post=9961"}],"curies":[{"name":"wp","href":"https:\/\/api.w.org\/{rel}","templated":true}]}}