{"id":9985,"date":"2024-03-01T09:22:44","date_gmt":"2024-03-01T13:22:44","guid":{"rendered":"https:\/\/cpcx.ufms.br\/?page_id=9985"},"modified":"2024-03-01T10:28:54","modified_gmt":"2024-03-01T14:28:54","slug":"orientacoes-para-estagio","status":"publish","type":"page","link":"https:\/\/cpcx.ufms.br\/en\/orientacoes-para-estagio\/","title":{"rendered":"Orienta\u00e7\u00f5es para Est\u00e1gio"},"content":{"rendered":"<p>Antes de iniciar as atividades de est\u00e1gio n\u00e3o obrigat\u00f3rio, \u00e9 necess\u00e1rio que a Comiss\u00e3o de Est\u00e1gio (COE) analise previamente as condi\u00e7\u00f5es do est\u00e1gio a ser realizado.<\/p>\n<p>Para formalizar o est\u00e1gio, o aluno deve preencher o termo de est\u00e1gio e submet\u00ea-lo \u00e0 aprova\u00e7\u00e3o da COE.<\/p>\n<p><span style=\"font-size: 12pt\">Conforme previs\u00e3o da Lei 11.788\/08 e da Resolu\u00e7\u00e3o COGRAD 706\/2022, os termos de compromisso devem ter, no m\u00ednimo:<\/span><\/p>\n<p><span style=\"font-size: 12pt\">I &#8211; dados de identifica\u00e7\u00e3o das partes;<\/span><\/p>\n<p><span style=\"font-size: 12pt\">II &#8211; informa\u00e7\u00f5es sobre o seguro contratado;<\/span><\/p>\n<p><span style=\"font-size: 12pt\">III &#8211; dados do Supervisor de Est\u00e1gio;<\/span><\/p>\n<p><span style=\"font-size: 12pt\">IV &#8211; dados do Professor Orientador;<\/span><\/p>\n<p><span style=\"font-size: 12pt\">V &#8211; compet\u00eancias de cada uma das partes;<\/span><\/p>\n<p><span style=\"font-size: 12pt\">VI &#8211; especifica\u00e7\u00e3o da modalidade do est\u00e1gio (obrigat\u00f3rio ou n\u00e3o obrigat\u00f3rio);<\/span><\/p>\n<p><span style=\"font-size: 12pt\">VII &#8211; Plano de Atividades do Estagi\u00e1rio;<\/span><\/p>\n<p><span style=\"font-size: 12pt\">VIII &#8211; jornada de atividades;<\/span><\/p>\n<p><span style=\"font-size: 12pt\">IX &#8211; vig\u00eancia do Termo de Compromisso;<\/span><\/p>\n<p><span style=\"font-size: 12pt\">X &#8211; valor da bolsa ou outra forma de contrapresta\u00e7\u00e3o, quando houver;<\/span><\/p>\n<p><span style=\"font-size: 12pt\">XI &#8211; valor do aux\u00edlio-transporte, quando houver;<\/span><\/p>\n<p><span style=\"font-size: 12pt\">XII &#8211; motivo de rescis\u00e3o;<\/span><\/p>\n<p><span style=\"font-size: 12pt\">XIII &#8211; foro de elei\u00e7\u00e3o.<\/span><\/p>\n<p><span style=\"font-size: 12pt\">O Professor que est\u00e1 atuando com orientador de est\u00e1gio n\u00e3o obrigat\u00f3rio, atualmente, \u00e9 o Professor Guilherme Sampieri Santinho.<\/span><\/p>\n<p><span style=\"font-size: 12pt\"><strong>Procedimento\u00a0<\/strong><\/span><\/p>\n<p><span style=\"font-size: 12pt\">Para solicitar um est\u00e1gio, o aluno deve seguir os passos abaixo:<\/span><\/p>\n<ol>\n<li><span style=\"font-size: 12pt\">Preencher o Termo de Est\u00e1gio, garantindo as assinaturas do aluno, do concedente e, se aplic\u00e1vel, da interveniente.<\/span><\/li>\n<li><span style=\"font-size: 12pt\">Ap\u00f3s a devida assinatura, o aluno dever\u00e1 acessar o formul\u00e1rio dispon\u00edvel no site <a href=\"https:\/\/estagio.ufms.br\/termo\/\" target=\"_new\" rel=\"noopener\">https:\/\/estagio.ufms.br\/termo\/<\/a>.<\/span><\/li>\n<li><span style=\"font-size: 12pt\">Ap\u00f3s o preenchimento do formul\u00e1rio online, o aluno dever\u00e1 enviar um e-mail para <a href=\"mailto:coedir.cpcx@ufms.br\">coedir.cpcx@ufms.br<\/a>, incluindo o protocolo gerado pelo sistema.<\/span><\/li>\n<\/ol>\n<p><span style=\"font-size: 12pt\">A documenta\u00e7\u00e3o ser\u00e1 avaliada pela COE em, aproximadamente, duas semanas.<\/span><\/p>\n","protected":false},"excerpt":{"rendered":"<p>Antes de iniciar as atividades de est\u00e1gio n\u00e3o obrigat\u00f3rio, \u00e9 necess\u00e1rio que a Comiss\u00e3o de Est\u00e1gio (COE) analise previamente as condi\u00e7\u00f5es do est\u00e1gio a ser realizado. Para formalizar o est\u00e1gio, o aluno deve preencher o termo de est\u00e1gio e submet\u00ea-lo \u00e0 aprova\u00e7\u00e3o da COE. Conforme previs\u00e3o da Lei 11.788\/08 e da Resolu\u00e7\u00e3o COGRAD 706\/2022, os [&hellip;]<\/p>\n","protected":false},"author":55297,"featured_media":0,"parent":0,"menu_order":0,"comment_status":"closed","ping_status":"closed","template":"page-templates\/page-coordenadorias.php","meta":{"_eb_attr":"","ngg_post_thumbnail":0,"footnotes":""},"coauthors":[],"class_list":["post-9985","page","type-page","status-publish","hentry"],"_links":{"self":[{"href":"https:\/\/cpcx.ufms.br\/en\/wp-json\/wp\/v2\/pages\/9985","targetHints":{"allow":["GET"]}}],"collection":[{"href":"https:\/\/cpcx.ufms.br\/en\/wp-json\/wp\/v2\/pages"}],"about":[{"href":"https:\/\/cpcx.ufms.br\/en\/wp-json\/wp\/v2\/types\/page"}],"author":[{"embeddable":true,"href":"https:\/\/cpcx.ufms.br\/en\/wp-json\/wp\/v2\/users\/55297"}],"replies":[{"embeddable":true,"href":"https:\/\/cpcx.ufms.br\/en\/wp-json\/wp\/v2\/comments?post=9985"}],"version-history":[{"count":7,"href":"https:\/\/cpcx.ufms.br\/en\/wp-json\/wp\/v2\/pages\/9985\/revisions"}],"predecessor-version":[{"id":10012,"href":"https:\/\/cpcx.ufms.br\/en\/wp-json\/wp\/v2\/pages\/9985\/revisions\/10012"}],"wp:attachment":[{"href":"https:\/\/cpcx.ufms.br\/en\/wp-json\/wp\/v2\/media?parent=9985"}],"wp:term":[{"taxonomy":"author","embeddable":true,"href":"https:\/\/cpcx.ufms.br\/en\/wp-json\/wp\/v2\/coauthors?post=9985"}],"curies":[{"name":"wp","href":"https:\/\/api.w.org\/{rel}","templated":true}]}}